{"id":1760451,"date":"2025-06-06T12:24:45","date_gmt":"2025-06-06T11:24:45","guid":{"rendered":"https:\/\/prilux.es\/product\/kentau-avant-cl-20w-840-225mm-220-240v-white\/"},"modified":"2025-06-06T12:24:49","modified_gmt":"2025-06-06T11:24:49","slug":"kentau-avant-cl-20w-840-225mm-220-240v-white","status":"publish","type":"product","link":"https:\/\/prilux.es\/en\/product\/kentau-avant-cl-20w-840-225mm-220-240v-white\/","title":{"rendered":"KENTAU AVANT CL 20W 840 225MM 220-240V WHITE"},"content":{"rendered":"<p>Downlight LED KENTAU AVANT, a 230V AC,  de forma cuadrada y circular color blanco y gris. De f\u00e1cil instalaci\u00f3n, montaje vers\u00e1til y tecnolog\u00eda CellTech.<\/p>\n","protected":false},"excerpt":{"rendered":"<p>Downlight LED KENTAU AVANT, a 230V AC,  de forma cuadrada y circular color blanco y gris. De f\u00e1cil instalaci\u00f3n, montaje vers\u00e1til y tecnolog\u00eda CellTech.<\/p>\n","protected":false},"featured_media":1729606,"template":"","meta":[],"product_cat":[6131],"product_tag":[],"familia":[{"id":11519,"name":"KENTAU","slug":"kentau-en"}],"acf":[],"_links":{"self":[{"href":"https:\/\/prilux.es\/en\/wp-json\/wp\/v2\/product\/1760451"}],"collection":[{"href":"https:\/\/prilux.es\/en\/wp-json\/wp\/v2\/product"}],"about":[{"href":"https:\/\/prilux.es\/en\/wp-json\/wp\/v2\/types\/product"}],"version-history":[{"count":0,"href":"https:\/\/prilux.es\/en\/wp-json\/wp\/v2\/product\/1760451\/revisions"}],"wp:featuredmedia":[{"embeddable":true,"href":"https:\/\/prilux.es\/en\/wp-json\/wp\/v2\/media\/1729606"}],"wp:attachment":[{"href":"https:\/\/prilux.es\/en\/wp-json\/wp\/v2\/media?parent=1760451"}],"wp:term":[{"taxonomy":"product_cat","embeddable":true,"href":"https:\/\/prilux.es\/en\/wp-json\/wp\/v2\/product_cat?post=1760451"},{"taxonomy":"product_tag","embeddable":true,"href":"https:\/\/prilux.es\/en\/wp-json\/wp\/v2\/product_tag?post=1760451"},{"taxonomy":"familia","embeddable":true,"href":"https:\/\/prilux.es\/en\/wp-json\/wp\/v2\/familia?post=1760451"}],"curies":[{"name":"wp","href":"https:\/\/api.w.org\/{rel}","templated":true}]}}