{"id":27712,"date":"2021-10-25T13:52:32","date_gmt":"2021-10-25T12:52:32","guid":{"rendered":"https:\/\/www.web.prilux.cloud\/product\/sura-7w-direct-830-ral7010-ip65\/"},"modified":"2025-03-18T13:21:28","modified_gmt":"2025-03-18T12:21:28","slug":"sura-7w-direct-830-ral7010-ip65","status":"publish","type":"product","link":"https:\/\/prilux.es\/en\/product\/sura-7w-direct-830-ral7010-ip65\/","title":{"rendered":"SURA 7W DIRECT 830 RAL7010 IP65"},"content":{"rendered":"<p>La luminaria de exteriores LED SURA, de 6W, es una luminaria de la gama Decorativo Exterior LED de Prilux, excelente para una iluminaci\u00f3n estilosa y de dise\u00f1o en espacios exteriores como jardines o terrazas. Eficaz, eficiente y resistente, SURA LED es una luminaria apta para la decoraci\u00f3n e iluminaci\u00f3n de espacios exteriores a la intemperie gracias a su calidad de iluminaci\u00f3n y su alto nivel de protecci\u00f3n IP65 e IK08. Su montaje se realiza en superficie, en pared vertical. Este modelo ilumina el espacio proyectando luz de manera directa. SURA, de forma rectangular, cuenta con cuerpo de aluminio en color gris oscuro RAL 7010 y difusor de vidrio transparente. De ahorro de consumo, tiene una vida \u00fatil de L70&gt;40.000h. La instalaci\u00f3n de SURA LED aporta un amplio ahorro energ\u00e9tico y una buena luminosidad, ya que, con su tecnolog\u00eda LED, cuenta con una potencia LED de 6W y un flujo luminoso LED de 522 l\u00famenes. Equipada con l\u00e1mparas LED de 3.000K y tono de luz c\u00e1lido. El \u00e1ngulo de apertura del haz de SURA LED es de 77\u00b0. La calidad de iluminaci\u00f3n de SURA incluye un \u00edndice de reproducci\u00f3n crom\u00e1tica Ra&gt;80, que asegura una reproducci\u00f3n fiel de los colores de los objetos iluminados. Esta luminaria decorativa de exteriores tiene unas dimensiones de 60 x 128 x 56mm.<\/p>\n","protected":false},"excerpt":{"rendered":"<p>Luminaria LED SURA, de 6W de 3000K y 522lm para una iluminaci\u00f3n de dise\u00f1o, de bajo consumo, y de iluminaci\u00f3n directa en espacios exteriores como terrazas o jardines.<\/p>\n","protected":false},"featured_media":51627,"template":"","meta":[],"product_cat":[6146],"product_tag":[],"familia":[{"id":6436,"name":"SURA","slug":"sura"}],"acf":[],"_links":{"self":[{"href":"https:\/\/prilux.es\/en\/wp-json\/wp\/v2\/product\/27712"}],"collection":[{"href":"https:\/\/prilux.es\/en\/wp-json\/wp\/v2\/product"}],"about":[{"href":"https:\/\/prilux.es\/en\/wp-json\/wp\/v2\/types\/product"}],"version-history":[{"count":0,"href":"https:\/\/prilux.es\/en\/wp-json\/wp\/v2\/product\/27712\/revisions"}],"wp:featuredmedia":[{"embeddable":true,"href":"https:\/\/prilux.es\/en\/wp-json\/wp\/v2\/media\/51627"}],"wp:attachment":[{"href":"https:\/\/prilux.es\/en\/wp-json\/wp\/v2\/media?parent=27712"}],"wp:term":[{"taxonomy":"product_cat","embeddable":true,"href":"https:\/\/prilux.es\/en\/wp-json\/wp\/v2\/product_cat?post=27712"},{"taxonomy":"product_tag","embeddable":true,"href":"https:\/\/prilux.es\/en\/wp-json\/wp\/v2\/product_tag?post=27712"},{"taxonomy":"familia","embeddable":true,"href":"https:\/\/prilux.es\/en\/wp-json\/wp\/v2\/familia?post=27712"}],"curies":[{"name":"wp","href":"https:\/\/api.w.org\/{rel}","templated":true}]}}