{"id":284027,"date":"2022-07-08T14:33:57","date_gmt":"2022-07-08T13:33:57","guid":{"rendered":"https:\/\/www.prilux.es\/product\/icon-evo-smart-6w-840-gu10-230v-100o-erp-2\/"},"modified":"2026-01-22T08:01:34","modified_gmt":"2026-01-22T07:01:34","slug":"icon-evo-smart-6w-840-gu10-230v-100o-erp","status":"publish","type":"product","link":"https:\/\/prilux.es\/en\/product\/icon-evo-smart-6w-840-gu10-230v-100o-erp\/","title":{"rendered":"ICON EVO SMART 6W 840 GU10 230V 100\u00ba ERP"},"content":{"rendered":"","protected":false},"excerpt":{"rendered":"<p>l\u00e1mpara led,l\u00e1mpara ICON EVO smart,ICON EVO smart,prilux led,prilux led smart,l\u00e1mpara led ICON EVO smart,l\u00e1mpara prilux,l\u00e1mpara ahorro de consumo,l\u00e1mpara eficiente,l\u00e1mpara baja potencia,iluminaci\u00f3n baja potencia,iluminaci\u00f3n ahorro de consumo<\/p>\n","protected":false},"featured_media":2304124,"template":"","meta":[],"product_cat":[11582],"product_tag":[],"familia":[{"id":11462,"name":"ICON","slug":"icon-en"}],"acf":[],"_links":{"self":[{"href":"https:\/\/prilux.es\/en\/wp-json\/wp\/v2\/product\/284027"}],"collection":[{"href":"https:\/\/prilux.es\/en\/wp-json\/wp\/v2\/product"}],"about":[{"href":"https:\/\/prilux.es\/en\/wp-json\/wp\/v2\/types\/product"}],"version-history":[{"count":0,"href":"https:\/\/prilux.es\/en\/wp-json\/wp\/v2\/product\/284027\/revisions"}],"wp:featuredmedia":[{"embeddable":true,"href":"https:\/\/prilux.es\/en\/wp-json\/wp\/v2\/media\/2304124"}],"wp:attachment":[{"href":"https:\/\/prilux.es\/en\/wp-json\/wp\/v2\/media?parent=284027"}],"wp:term":[{"taxonomy":"product_cat","embeddable":true,"href":"https:\/\/prilux.es\/en\/wp-json\/wp\/v2\/product_cat?post=284027"},{"taxonomy":"product_tag","embeddable":true,"href":"https:\/\/prilux.es\/en\/wp-json\/wp\/v2\/product_tag?post=284027"},{"taxonomy":"familia","embeddable":true,"href":"https:\/\/prilux.es\/en\/wp-json\/wp\/v2\/familia?post=284027"}],"curies":[{"name":"wp","href":"https:\/\/api.w.org\/{rel}","templated":true}]}}