{"id":285566,"date":"2021-10-25T13:53:37","date_gmt":"2021-10-25T12:53:37","guid":{"rendered":"https:\/\/www.prilux.es\/product\/nantes-l-play-192led-130w-1388wt-740-s-090-dali-2\/"},"modified":"2024-09-20T11:51:02","modified_gmt":"2024-09-20T10:51:02","slug":"nantes-l-play-192led-130w-1388wt-740-s-090-dali","status":"publish","type":"product","link":"https:\/\/prilux.es\/en\/product\/nantes-l-play-192led-130w-1388wt-740-s-090-dali\/","title":{"rendered":"NANTES L PLAY 192LED 130W\/138,8WT 740 S-090 DALI"},"content":{"rendered":"<p>Cuenta con un dise\u00f1o compacto y minimalista basado en l\u00edneas b\u00e1sicas y \u00e1ngulos puros a la vez que elegantes. Su est\u00e9tica permite una integraci\u00f3n en armon\u00eda con la arquitectura<br \/>\nSu dise\u00f1o esta\u0301 pensado para disipar el calor alargando la vida del LED y favorecer la evacuaci\u00f3n del agua evitando puntos de oxidaci\u00f3n y facilitando as\u00ed su autolimpieza.<br \/>\nEl cuerpo, la tapa y la lira han sido fabricados en aluminio inyectado a alta presi\u00f3n de gran calidad que garantizan la durabilidad de la luminaria.<\/p>\n<p>La familia Nantes es compatible con nuestros sistemas de control Cora Sports, Cora Industry, Cora Manager y la plataforma de telegesti\u00f3n Prilux Cora Platform que permite monitorizar, medir, controlar y mantener una gesti\u00f3n en remoto de la infraestructura de la iluminaci\u00f3n para optimizar la calidad del mismo.<\/p>\n","protected":false},"excerpt":{"rendered":"<p>La familia NANTES PLAY, compuesta por NANTES PLAY, NANTES PLAY L y NANTES PLAY XL, est\u00e1 disponible con m\u00f3dulos LED dotados con matrices de 108, 192 y 300 LEDs de \u00faltima generaci\u00f3n para alcanzar eficacias de hasta 160lm\/W.<\/p>\n","protected":false},"featured_media":50894,"template":"","meta":[],"product_cat":[15],"product_tag":[],"familia":[{"id":21922,"name":"NANTES","slug":"nantes-en"}],"acf":[],"_links":{"self":[{"href":"https:\/\/prilux.es\/en\/wp-json\/wp\/v2\/product\/285566"}],"collection":[{"href":"https:\/\/prilux.es\/en\/wp-json\/wp\/v2\/product"}],"about":[{"href":"https:\/\/prilux.es\/en\/wp-json\/wp\/v2\/types\/product"}],"version-history":[{"count":0,"href":"https:\/\/prilux.es\/en\/wp-json\/wp\/v2\/product\/285566\/revisions"}],"wp:featuredmedia":[{"embeddable":true,"href":"https:\/\/prilux.es\/en\/wp-json\/wp\/v2\/media\/50894"}],"wp:attachment":[{"href":"https:\/\/prilux.es\/en\/wp-json\/wp\/v2\/media?parent=285566"}],"wp:term":[{"taxonomy":"product_cat","embeddable":true,"href":"https:\/\/prilux.es\/en\/wp-json\/wp\/v2\/product_cat?post=285566"},{"taxonomy":"product_tag","embeddable":true,"href":"https:\/\/prilux.es\/en\/wp-json\/wp\/v2\/product_tag?post=285566"},{"taxonomy":"familia","embeddable":true,"href":"https:\/\/prilux.es\/en\/wp-json\/wp\/v2\/familia?post=285566"}],"curies":[{"name":"wp","href":"https:\/\/api.w.org\/{rel}","templated":true}]}}