{"id":413787,"date":"2021-08-13T12:49:43","date_gmt":"2021-08-13T11:49:43","guid":{"rendered":"https:\/\/prilux.es\/politique-de-cookies\/"},"modified":"2023-07-10T09:19:35","modified_gmt":"2023-07-10T08:19:35","slug":"politique-de-cookies","status":"publish","type":"page","link":"https:\/\/prilux.es\/fr\/politique-de-cookies\/","title":{"rendered":"Politique de cookies"},"content":{"rendered":"\t\t<div data-elementor-type=\"wp-page\" data-elementor-id=\"413787\" class=\"elementor elementor-413787 elementor-21363\">\n\t\t\t\t\t\t\t\t\t<section class=\"elementor-section elementor-top-section elementor-element elementor-element-d1c9948 elementor-section-boxed elementor-section-height-default elementor-section-height-default\" data-id=\"d1c9948\" data-element_type=\"section\">\n\t\t\t\t\t\t<div class=\"elementor-container elementor-column-gap-default\">\n\t\t\t\t\t<div class=\"elementor-column elementor-col-50 elementor-top-column elementor-element elementor-element-cbd7e2d\" data-id=\"cbd7e2d\" data-element_type=\"column\">\n\t\t\t<div class=\"elementor-widget-wrap elementor-element-populated\">\n\t\t\t\t\t\t\t\t<section class=\"elementor-section elementor-inner-section elementor-element elementor-element-ac07816 elementor-section-boxed elementor-section-height-default elementor-section-height-default\" data-id=\"ac07816\" data-element_type=\"section\" data-settings=\"{&quot;background_background&quot;:&quot;classic&quot;}\">\n\t\t\t\t\t\t<div class=\"elementor-container elementor-column-gap-default\">\n\t\t\t\t\t<div class=\"elementor-column elementor-col-100 elementor-inner-column elementor-element elementor-element-cd439d5\" data-id=\"cd439d5\" data-element_type=\"column\">\n\t\t\t<div class=\"elementor-widget-wrap elementor-element-populated\">\n\t\t\t\t\t\t\t\t<div class=\"elementor-element elementor-element-7871c23 elementor-widget elementor-widget-heading\" data-id=\"7871c23\" data-element_type=\"widget\" data-widget_type=\"heading.default\">\n\t\t\t\t<div class=\"elementor-widget-container\">\n\t\t\t<h1 class=\"elementor-heading-title elementor-size-default\">Politique de cookies<\/h1>\t\t<\/div>\n\t\t\t\t<\/div>\n\t\t\t\t<div class=\"elementor-element elementor-element-b467a60 elementor-widget-divider--view-line elementor-widget elementor-widget-divider\" data-id=\"b467a60\" data-element_type=\"widget\" data-widget_type=\"divider.default\">\n\t\t\t\t<div class=\"elementor-widget-container\">\n\t\t\t\t\t<div class=\"elementor-divider\">\n\t\t\t<span class=\"elementor-divider-separator\">\n\t\t\t\t\t\t<\/span>\n\t\t<\/div>\n\t\t\t\t<\/div>\n\t\t\t\t<\/div>\n\t\t\t\t\t<\/div>\n\t\t<\/div>\n\t\t\t\t\t\t\t<\/div>\n\t\t<\/section>\n\t\t\t\t\t<\/div>\n\t\t<\/div>\n\t\t\t\t<div class=\"elementor-column elementor-col-50 elementor-top-column elementor-element elementor-element-c03ffe1\" data-id=\"c03ffe1\" data-element_type=\"column\">\n\t\t\t<div class=\"elementor-widget-wrap elementor-element-populated\">\n\t\t\t\t\t\t\t\t<div class=\"elementor-element elementor-element-b84f039 elementor-widget elementor-widget-heading\" data-id=\"b84f039\" data-element_type=\"widget\" data-widget_type=\"heading.default\">\n\t\t\t\t<div class=\"elementor-widget-container\">\n\t\t\t<h2 class=\"elementor-heading-title elementor-size-default\">Politique de cookies<\/h2>\t\t<\/div>\n\t\t\t\t<\/div>\n\t\t\t\t<div class=\"elementor-element elementor-element-b662571 elementor-widget elementor-widget-text-editor\" data-id=\"b662571\" data-element_type=\"widget\" data-widget_type=\"text-editor.default\">\n\t\t\t\t<div class=\"elementor-widget-container\">\n\t\t\t\t\t\t\t<p>www.prilux.es informe de l&rsquo;utilisation de cookies sur son site web<\/p>\n<p>Les cookies sont des fichiers qui peuvent \u00eatre t\u00e9l\u00e9charg\u00e9s sur votre ordinateur par des sites web. Ce sont des outils qui jouent un r\u00f4le essentiel dans la fourniture de nombreux services de la soci\u00e9t\u00e9 de l&rsquo;information. Ils permettent, entre autres, \u00e0 un site web de stocker et de r\u00e9cup\u00e9rer des informations sur les habitudes de navigation d&rsquo;un utilisateur ou de son \u00e9quipement et, en fonction des informations obtenues, ils peuvent \u00eatre utilis\u00e9s pour reconna\u00eetre l&rsquo;utilisateur et am\u00e9liorer le service offert.<\/p>\n<p>TYPES DE COOKIES<\/p>\n<p>En fonction de l&rsquo;entit\u00e9 qui g\u00e8re le domaine \u00e0 partir duquel les cookies sont envoy\u00e9s et qui traite les donn\u00e9es obtenues, on peut distinguer deux types : les cookies de premi\u00e8re partie et les cookies de tierce partie.<\/p>\n<p>Il existe \u00e9galement une deuxi\u00e8me classification en fonction de la dur\u00e9e pendant laquelle ils restent stock\u00e9s dans le navigateur du client, \u00e0 savoir les cookies de session ou les cookies persistants.<\/p>\n<p>Enfin, il existe une autre classification avec cinq types de cookies en fonction de la finalit\u00e9 pour laquelle les donn\u00e9es obtenues sont trait\u00e9es : cookies techniques, cookies de personnalisation, cookies d&rsquo;analyse, cookies publicitaires et cookies de publicit\u00e9 comportementale.<\/p>\n<p>COOKIES UTILIS\u00c9S SUR LE SITE WEB<\/p>\n<p>Les cookies utilis\u00e9s sur ce site web sont identifi\u00e9s ci-dessous, ainsi que leur type et leur fonction:<\/p>\n<p>Le site www.prilux.es utilise Google Analytics, un service d&rsquo;analyse de site internet d\u00e9velopp\u00e9 par Google, qui permet de mesurer et d&rsquo;analyser la navigation sur les sites internet. Dans votre navigateur, vous pouvez voir 4 cookies de ce service. Selon la typologie ci-dessus, il s&rsquo;agit de cookies propres, de session et d&rsquo;analyse. Vous pouvez trouver plus d&rsquo;informations \u00e0 ce sujet et d\u00e9sactiver l&rsquo;utilisation de ces cookies sur www.google.es\/intl\/es\/analytics\/privacyoverview.html.<\/p>\n<p>Gr\u00e2ce \u00e0 l&rsquo;analyse web, des informations sont obtenues sur le nombre d&rsquo;utilisateurs acc\u00e9dant au site web, le nombre de pages consult\u00e9es, la fr\u00e9quence et la r\u00e9p\u00e9tition des visites, leur dur\u00e9e, le navigateur utilis\u00e9, l&rsquo;op\u00e9rateur fournissant le service, la langue, le terminal utilis\u00e9 ou la ville \u00e0 laquelle votre adresse IP est attribu\u00e9e. Ces informations permettent \u00e0 ce portail de fournir un service meilleur et plus appropri\u00e9.<\/p>\n<p>Un autre cookie qui est t\u00e9l\u00e9charg\u00e9 est un cookie technique appel\u00e9 ASP.NET_SessionId . Ce cookie stocke un identifiant unique par session gr\u00e2ce auquel il est possible de relier les donn\u00e9es n\u00e9cessaires pour permettre la navigation en cours.<\/p>\n<p>Enfin, un cookie technique appel\u00e9 cookies_policy est t\u00e9l\u00e9charg\u00e9, qui est de type technique et de session. Il g\u00e8re le consentement de l&rsquo;utilisateur \u00e0 l&rsquo;utilisation de cookies sur le site web, dans le but de m\u00e9moriser les utilisateurs qui les ont accept\u00e9s et ceux qui ne les ont pas accept\u00e9s, afin que les premiers ne voient pas appara\u00eetre les informations les concernant en haut de la page.<\/p>\n<p>ACCEPTATION DE LA POLITIQUE EN MATI\u00c8RE DE COOKIES<\/p>\n<p>www.prilux.es suppose que vous acceptez l&rsquo;utilisation de cookies. Toutefois, il affiche des informations sur sa politique en mati\u00e8re de cookies en haut de n&rsquo;importe quelle page du portail \u00e0 chaque connexion afin que vous en preniez connaissance.<\/p>\n<p>Au vu de ces informations, vous pouvez prendre les mesures suivantes :<\/p>\n<ul>\n<li>Accepter les cookies. Cet avis ne s&rsquo;affichera plus lors de l&rsquo;acc\u00e8s \u00e0 une page quelconque du portail pendant la session en cours.<\/li>\n<li>Fermer. L&rsquo;avertissement est cach\u00e9 sur cette page.<\/li>\n<li>Modifiez vos param\u00e8tres. Vous pouvez obtenir plus d&rsquo;informations sur ce que sont les cookies, conna\u00eetre la politique en mati\u00e8re de cookies de www.prilux.es et modifier les param\u00e8tres de votre navigateur.<\/li>\n<\/ul>\n<p>COMMENT MODIFIER VOS PARAM\u00c8TRES DE COOKIES<\/p>\n<p>Vous pouvez restreindre, bloquer ou supprimer les cookies de www.prilux.es ou de tout autre site web en utilisant votre navigateur. Dans chaque navigateur, le fonctionnement est diff\u00e9rent, la fonction \u00ab\u00a0Aide\u00a0\u00bb vous montrera comment proc\u00e9der.<\/p>\n<ul>\n<li>Internet Explorer: windows.microsoft.com\/es-xl\/internet-explorer\/delete-manage-cookies#ie=\u00a0\u00bbie-10&Prime;<\/li>\n<li>FireFox: support.mozilla.org\/es\/kb\/Borrar%20cookies<\/li>\n<li>Chrome: support.google.com\/chrome\/answer\/95647?hl=\u00a0\u00bbes\u00a0\u00bb<\/li>\n<li>Safari: www.apple.com\/es\/privacy\/use-of-cookies\/<\/li>\n<\/ul>\n<p>En outre, vous pouvez \u00e9galement g\u00e9rer le stockage des cookies dans votre navigateur \u00e0 l&rsquo;aide d&rsquo;outils tels que les suivants :<\/p>\n<ul>\n<li>Ghostery: www.ghostery.com\/<\/li>\n<li>Your online choices: www.youronlinechoices.com\/es\/<\/li>\n<\/ul>\n\t\t\t\t\t\t<\/div>\n\t\t\t\t<\/div>\n\t\t\t\t\t<\/div>\n\t\t<\/div>\n\t\t\t\t\t\t\t<\/div>\n\t\t<\/section>\n\t\t\t\t\t\t\t<\/div>\n\t\t","protected":false},"excerpt":{"rendered":"<p>Politique de cookies Politique de cookies www.prilux.es informe de l&rsquo;utilisation de cookies sur son site web Les cookies sont des fichiers qui peuvent \u00eatre t\u00e9l\u00e9charg\u00e9s sur votre ordinateur par des sites web. Ce sont des outils qui jouent un r\u00f4le&#8230;<\/p>\n","protected":false},"author":11,"featured_media":0,"parent":0,"menu_order":0,"comment_status":"closed","ping_status":"closed","template":"elementor_header_footer","meta":[],"acf":[],"_links":{"self":[{"href":"https:\/\/prilux.es\/fr\/wp-json\/wp\/v2\/pages\/413787"}],"collection":[{"href":"https:\/\/prilux.es\/fr\/wp-json\/wp\/v2\/pages"}],"about":[{"href":"https:\/\/prilux.es\/fr\/wp-json\/wp\/v2\/types\/page"}],"author":[{"embeddable":true,"href":"https:\/\/prilux.es\/fr\/wp-json\/wp\/v2\/users\/11"}],"replies":[{"embeddable":true,"href":"https:\/\/prilux.es\/fr\/wp-json\/wp\/v2\/comments?post=413787"}],"version-history":[{"count":0,"href":"https:\/\/prilux.es\/fr\/wp-json\/wp\/v2\/pages\/413787\/revisions"}],"wp:attachment":[{"href":"https:\/\/prilux.es\/fr\/wp-json\/wp\/v2\/media?parent=413787"}],"curies":[{"name":"wp","href":"https:\/\/api.w.org\/{rel}","templated":true}]}}