{"id":413922,"date":"2021-02-22T17:06:14","date_gmt":"2021-02-22T16:06:14","guid":{"rendered":"https:\/\/prilux.es\/politica-de-privacidad\/"},"modified":"2024-04-05T08:46:22","modified_gmt":"2024-04-05T07:46:22","slug":"politica-de-privacidad","status":"publish","type":"page","link":"https:\/\/prilux.es\/fr\/politica-de-privacidad\/","title":{"rendered":"Pol\u00edtica de Privacidad"},"content":{"rendered":"\t\t<div data-elementor-type=\"wp-page\" data-elementor-id=\"413922\" class=\"elementor elementor-413922 elementor-3\">\n\t\t\t\t\t\t\t\t\t<section class=\"elementor-section elementor-top-section elementor-element elementor-element-ea603ca elementor-section-boxed elementor-section-height-default elementor-section-height-default\" data-id=\"ea603ca\" data-element_type=\"section\">\n\t\t\t\t\t\t<div class=\"elementor-container elementor-column-gap-default\">\n\t\t\t\t\t<div class=\"elementor-column elementor-col-50 elementor-top-column elementor-element elementor-element-72aa62f\" data-id=\"72aa62f\" data-element_type=\"column\">\n\t\t\t<div class=\"elementor-widget-wrap elementor-element-populated\">\n\t\t\t\t\t\t\t\t<section class=\"elementor-section elementor-inner-section elementor-element elementor-element-2cef616 elementor-section-boxed elementor-section-height-default elementor-section-height-default\" data-id=\"2cef616\" data-element_type=\"section\" data-settings=\"{&quot;background_background&quot;:&quot;classic&quot;}\">\n\t\t\t\t\t\t<div class=\"elementor-container elementor-column-gap-default\">\n\t\t\t\t\t<div class=\"elementor-column elementor-col-100 elementor-inner-column elementor-element elementor-element-ec30a36\" data-id=\"ec30a36\" data-element_type=\"column\">\n\t\t\t<div class=\"elementor-widget-wrap elementor-element-populated\">\n\t\t\t\t\t\t\t\t<div class=\"elementor-element elementor-element-9b3a9cb elementor-widget elementor-widget-heading\" data-id=\"9b3a9cb\" data-element_type=\"widget\" data-widget_type=\"heading.default\">\n\t\t\t\t<div class=\"elementor-widget-container\">\n\t\t\t<h1 class=\"elementor-heading-title elementor-size-default\">AVIS JURIDIQUE\n<br><br>\nPolitique de confidentialit\u00e9<\/h1>\t\t<\/div>\n\t\t\t\t<\/div>\n\t\t\t\t<div class=\"elementor-element elementor-element-07ac7ae elementor-widget-divider--view-line elementor-widget elementor-widget-divider\" data-id=\"07ac7ae\" data-element_type=\"widget\" data-widget_type=\"divider.default\">\n\t\t\t\t<div class=\"elementor-widget-container\">\n\t\t\t\t\t<div class=\"elementor-divider\">\n\t\t\t<span class=\"elementor-divider-separator\">\n\t\t\t\t\t\t<\/span>\n\t\t<\/div>\n\t\t\t\t<\/div>\n\t\t\t\t<\/div>\n\t\t\t\t\t<\/div>\n\t\t<\/div>\n\t\t\t\t\t\t\t<\/div>\n\t\t<\/section>\n\t\t\t\t\t<\/div>\n\t\t<\/div>\n\t\t\t\t<div class=\"elementor-column elementor-col-50 elementor-top-column elementor-element elementor-element-84a7603\" data-id=\"84a7603\" data-element_type=\"column\">\n\t\t\t<div class=\"elementor-widget-wrap elementor-element-populated\">\n\t\t\t\t\t\t\t\t<div class=\"elementor-element elementor-element-617c5e6 elementor-widget elementor-widget-text-editor\" data-id=\"617c5e6\" data-element_type=\"widget\" data-widget_type=\"text-editor.default\">\n\t\t\t\t<div class=\"elementor-widget-container\">\n\t\t\t\t\t\t\t<p><strong>AVIS JURIDIQUE<\/strong><\/p><p>\u00a9 www.prilux.es. Tous droits r\u00e9serv\u00e9s.<\/p><p>www.prilux.es. conform\u00e9ment \u00e0 la loi 34\/2002, du 11 juillet, sur les services de la soci\u00e9t\u00e9 de l&rsquo;information et le commerce \u00e9lectronique, vous informe que le propri\u00e9taire du site web est PRILUX HOLDING SPAIN S.L.U. avec le code d&rsquo;identification fiscale B-79826764.<\/p><p><strong><span style=\"color: #009fe3;\"><a style=\"color: #009fe3;\" href=\"https:\/\/prilux.es\/wp-content\/uploads\/2024\/04\/prilux-holding-2024-en.pdf\" target=\"_blank\" rel=\"noopener\">Voir les entreprises de Prilux Holding S.L.U.<\/a><\/span><\/strong><\/p><p>Son si\u00e8ge social est situ\u00e9 \u00e0 Calle R\u00edo Jarama 149, 45007 Toledo.<\/p><p>Elle est inscrite au registre du commerce de Madrid, volume 3.431 du livre des soci\u00e9t\u00e9s, folio 166, page M-58.044, section 8\u00aa, inscription 1\u00aa, CIF : ESB-79826764.<\/p><p>Vous pouvez nous contacter par le biais du formulaire de contact de notre site web : <a href=\"https:\/\/prilux.es\/fr\/contacto-fr\/\">formulaire de contact.<\/a><\/p><p><strong>PROTECTION DES DONN\u00c9ES<\/strong><\/p><p>PRILUX HOLDING SPAIN S.L.U., en application de la r\u00e9glementation en vigueur en mati\u00e8re de protection des donn\u00e9es personnelles, informe que les donn\u00e9es personnelles recueillies \u00e0 travers les formulaires du site www.prilux.es ou par tout autre moyen, sont incluses dans le fichier USERS appartenant \u00e0 PRILUX HOLDING SPAIN S.L.U.<\/p><p>La finalit\u00e9 de la collecte et du traitement automatis\u00e9 des donn\u00e9es \u00e0 caract\u00e8re personnel est le maintien de la relation commerciale et l&rsquo;ex\u00e9cution des t\u00e2ches d&rsquo;information, de formation, de conseil, d&rsquo;administration, de respect du contrat ou du service et autres activit\u00e9s de PRILUX HOLDING SPAIN S.L.U.<\/p><p>La base juridique du traitement d\u00e9pend de la relation que vous avez \u00e9tablie avec PRILUX HOLDING SPAIN S.L.U..<\/p><p>Si vous avez express\u00e9ment consenti \u00e0 recevoir des nouvelles et des informations sur les produits et services de PRILUX HOLDING SPAIN S.L.U., la base juridique du traitement est l&rsquo;article 6, paragraphe 1, point a), du RGPD, le traitement est possible lorsque la personne concern\u00e9e a consenti au traitement des donn\u00e9es \u00e0 caract\u00e8re personnel la concernant pour une ou plusieurs finalit\u00e9s sp\u00e9cifiques.<\/p><p>Si vous avez contract\u00e9 nos services ou achet\u00e9 l&rsquo;un de nos produits, la base juridique du traitement est l&rsquo;article 6, paragraphe 1, point b), du RGPD, le traitement \u00e9tant n\u00e9cessaire \u00e0 l&rsquo;ex\u00e9cution d&rsquo;un contrat auquel la personne concern\u00e9e est partie ou \u00e0 l&rsquo;ex\u00e9cution, \u00e0 sa demande, de mesures pr\u00e9contractuelles. Dans ce cas, vous \u00eates tenu de nous fournir les donn\u00e9es personnelles n\u00e9cessaires \u00e0 l&rsquo;ex\u00e9cution des services.<\/p><p>Si vous avez contact\u00e9 la soci\u00e9t\u00e9 PRILUX HOLDING SPAIN S.L.U. afin de postuler \u00e0 un emploi, la base juridique du traitement est l&rsquo;article 6, paragraphe 1, point b), du RGPD, le traitement \u00e9tant n\u00e9cessaire \u00e0 l&rsquo;ex\u00e9cution d&rsquo;un contrat auquel la personne concern\u00e9e est partie ou \u00e0 l&rsquo;ex\u00e9cution de mesures pr\u00e9contractuelles \u00e0 sa demande. Dans ce cas, il est \u00e9galement obligatoire que vous nous fournissiez les donn\u00e9es personnelles n\u00e9cessaires pour respecter le r\u00e8glement sur la s\u00e9lection et le recrutement du personnel.<\/p><p>Ces donn\u00e9es ne seront pas transmises \u00e0 d&rsquo;autres entit\u00e9s sans votre consentement expr\u00e8s, sauf si la loi l&rsquo;exige.<\/p><p>PRILUX HOLDING SPAIN S.L.U. adopte les mesures n\u00e9cessaires pour garantir la s\u00e9curit\u00e9, l&rsquo;int\u00e9grit\u00e9 et la confidentialit\u00e9 des donn\u00e9es conform\u00e9ment aux dispositions du r\u00e8glement (UE) 2016\/679 du Parlement europ\u00e9en et du Conseil du 27 avril 2016 (ci-apr\u00e8s, le GDPR).<\/p><p>Exercer vos droits<\/p><p>L&rsquo;utilisateur peut \u00e0 tout moment exercer les droits d&rsquo;acc\u00e8s, de rectification, de suppression, de portabilit\u00e9, d&rsquo;opposition ou de limitation, de r\u00e9vocation du consentement donn\u00e9 et de r\u00e9clamation en envoyant une demande \u00e9crite \u00e0 l&rsquo;adresse C\/ R\u00edo Jarama 149, 45007 Toledo en identifiant son identit\u00e9 conform\u00e9ment \u00e0 la loi.<\/p><ul><li>&#8211; Acc\u00e8s : Consultation des donn\u00e9es personnelles d\u00e9tenues par PRILUX HOLDING SPAIN S.L.U.<\/li><li>&#8211; Rectification : modifiez vos donn\u00e9es si elles ont chang\u00e9, sont inexactes ou incompl\u00e8tes.<\/li><li>&#8211; Suppression : Demande de suppression de vos donn\u00e9es.<\/li><li>&#8211; Opposition : Demande de non traitement de vos donn\u00e9es.<\/li><li>&#8211; Limitation du traitement : demande de limitation du traitement de vos donn\u00e9es.<\/li><\/ul><p>Portabilit\u00e9 : recevoir les donn\u00e9es fournies par vous sous format \u00e9lectronique et celles obtenues au cours de la relation contractuelle avec PRILUX HOLDING SPAIN S.L.U., ainsi que leur transmission \u00e0 une autre organisation.<\/p><p>Plaintes : Si vous consid\u00e9rez que, pour une raison quelconque, PRILUX HOLDING SPAIN S.L.U. n&rsquo;a pas trait\u00e9 correctement vos donn\u00e9es conform\u00e9ment \u00e0 la r\u00e9glementation en vigueur, vous pouvez d\u00e9poser une plainte en contactant notre adresse sociale, via le formulaire web ou l&rsquo;Agence espagnole de protection des donn\u00e9es, \u00e0 calle Jorge Juan 6, C.P. 28001 Madrid, ou par t\u00e9l\u00e9phone au num\u00e9ro 901 100 099.<\/p><p>L&rsquo;utilisateur peut s&rsquo;opposer librement et gratuitement \u00e0 l&rsquo;envoi de communications commerciales au moyen du lien qui figure au pied de chaque communication, via le formulaire de contact du <a href=\"https:\/\/prilux.es\/fr\/\">site web<\/a>, ou par le biais d&rsquo;une communication \u00e9crite adress\u00e9e \u00e0 calle R\u00edo Jarama 149, 45007, Toledo.<\/p><p>L&rsquo;utilisateur d\u00e9clare que toutes les donn\u00e9es fournies par lui sont vraies et correctes, et s&rsquo;engage \u00e0 les maintenir \u00e0 jour, en notifiant \u00e0 PRILUX HOLDING SPAIN S.L.U. toute modification.<\/p><p>PRILUX HOLDING SPAIN S.L.U. conservera les donn\u00e9es pendant la dur\u00e9e de la relation \u00e9tablie et ensuite pendant cinq ans.<\/p><p><strong>LES DONN\u00c9ES COLLECT\u00c9ES PAR LES UTILISATEURS DES SERVICES<\/strong><\/p><p>Dans les cas o\u00f9 l&rsquo;utilisateur inclut des fichiers contenant des donn\u00e9es personnelles dans les serveurs d&rsquo;h\u00e9bergement partag\u00e9, PRILUX HOLDING SPAIN S.L.U. ne sera pas responsable du non-respect de la LOPD par l&rsquo;utilisateur.<\/p><p><strong>CONSERVATION DES DONN\u00c9ES CONFORM\u00c9MENT \u00c0 LA LSSI<\/strong><\/p><p>PRILUX HOLDING SPAIN S.L.U. informe qu&rsquo;en tant que prestataire de services d&rsquo;h\u00e9bergement de donn\u00e9es et en vertu des dispositions de la loi 34\/2002 du 11 juillet 2002 sur les services de la soci\u00e9t\u00e9 de l&rsquo;information et le commerce \u00e9lectronique (LSSI), elle conserve pendant une p\u00e9riode maximale de 12 mois les informations n\u00e9cessaires pour identifier l&rsquo;origine des donn\u00e9es h\u00e9berg\u00e9es et le moment o\u00f9 le service a \u00e9t\u00e9 initi\u00e9. La conservation de ces donn\u00e9es n&rsquo;affecte pas le secret des communications et ne peut \u00eatre utilis\u00e9e que dans le cadre d&rsquo;une enqu\u00eate p\u00e9nale ou pour la sauvegarde de la s\u00e9curit\u00e9 publique, en \u00e9tant mise \u00e0 la disposition des juges et\/ou des tribunaux ou du minist\u00e8re qui le demande. La communication des donn\u00e9es aux Forces et Corps de l&rsquo;Etat se fera conform\u00e9ment aux dispositions du r\u00e8glement sur la protection des donn\u00e9es personnelles.<\/p><p><strong>DROITS DE PROPRI\u00c9T\u00c9 INTELLECTUELLE<\/strong><\/p><p>PRILUX HOLDING SPAIN S.L.U. est propri\u00e9taire de tous les droits d&rsquo;auteur, de propri\u00e9t\u00e9 intellectuelle et industrielle, de savoir-faire et de tout autre droit li\u00e9 au contenu du site web www.prilux.es et aux services qui y sont propos\u00e9s, ainsi qu&rsquo;aux programmes n\u00e9cessaires \u00e0 sa mise en \u0153uvre et aux informations connexes. La reproduction, la publication et\/ou l&rsquo;utilisation du contenu, en tout ou en partie, du site www.prilux.es, autrement que pour un usage strictement priv\u00e9, ne sont pas autoris\u00e9es sans accord \u00e9crit pr\u00e9alable.<\/p><p>PROPRI\u00c9T\u00c9 INTELLECTUELLE DU LOGICIEL<\/p><p>L&rsquo;utilisateur doit respecter les logiciels tiers mis \u00e0 disposition par PRILUX HOLDING SPAIN S.L.U., m\u00eame s&rsquo;ils sont gratuits et\/ou accessibles au public.<\/p><p>PRILUX HOLDING SPAIN S.L.U. dispose des droits d&rsquo;exploitation et de propri\u00e9t\u00e9 intellectuelle n\u00e9cessaires au logiciel.<\/p><p>L&rsquo;utilisateur n&rsquo;acquiert aucun droit ou licence sur le service contract\u00e9, sur le logiciel n\u00e9cessaire \u00e0 la prestation du service, ni sur les informations techniques pour le suivi du service, \u00e0 l&rsquo;exception des droits et licences n\u00e9cessaires \u00e0 l&rsquo;accomplissement des services contract\u00e9s et uniquement pour la dur\u00e9e de ceux-ci. Pour toute action d\u00e9passant le cadre de l&rsquo;ex\u00e9cution du contrat, l&rsquo;utilisateur devra demander une autorisation \u00e9crite \u00e0 PRILUX HOLDING SPAIN S.L.U., et il lui est interdit d&rsquo;acc\u00e9der, de modifier, de visualiser la configuration, la structure et les fichiers des serveurs appartenant \u00e0 PRILUX.<\/p><p><strong>LA PROPRI\u00c9T\u00c9 INTELLECTUELLE DU CONTENU H\u00c9BER H\u00c9BERG\u00c9<\/strong><\/p><p>Toute utilisation contraire \u00e0 la l\u00e9gislation sur la propri\u00e9t\u00e9 intellectuelle des services fournis par PRILUX HOLDING SPAIN S.L.U. et, en particulier, les suivants, est interdite :<\/p><p>Utilisation contraire \u00e0 la l\u00e9gislation espagnole ou portant atteinte aux droits de tiers.<\/p><p>La publication ou la transmission de tout contenu qui, de l&rsquo;avis de PRILUX HOLDING SPAIN S.L.U., est violent, obsc\u00e8ne, abusif, ill\u00e9gal, racial, x\u00e9nophobe ou diffamatoire.<\/p><p>Cracks, num\u00e9ros de s\u00e9rie de programmes ou tout autre contenu qui enfreint les droits de propri\u00e9t\u00e9 intellectuelle de tiers.<\/p><p>La collecte et\/ou l&rsquo;utilisation des donn\u00e9es personnelles d&rsquo;autres utilisateurs sans leur consentement expr\u00e8s ou en violation des dispositions de la loi organique 15\/1999, du 13 d\u00e9cembre, sur la protection des donn\u00e9es personnelles.<\/p><p>L&rsquo;utilisation du serveur de messagerie et des adresses \u00e9lectroniques du domaine pour envoyer des messages non d\u00e9sir\u00e9s en masse.<\/p><p>L&rsquo;utilisateur est enti\u00e8rement responsable du contenu de son site web, des informations transmises et stock\u00e9es, des liens hypertextes, des r\u00e9clamations de tiers et des actions en justice concernant la propri\u00e9t\u00e9 intellectuelle, les droits des tiers et la protection des mineurs. L&rsquo;utilisateur est responsable du respect des lois et r\u00e8glements en vigueur et des r\u00e8gles relatives au fonctionnement du service en ligne, au commerce \u00e9lectronique, aux droits d&rsquo;auteur, au maintien de l&rsquo;ordre public, ainsi que des principes universels d&rsquo;utilisation d&rsquo;Internet.<\/p><p>L&rsquo;utilisateur indemnisera PRILUX HOLDING SPAIN S.L.U. des frais encourus par PRILUX HOLDING SPAIN S.L.U. dans toute affaire dont l&rsquo;utilisateur est responsable, y compris les frais de d\u00e9fense juridique et les d\u00e9penses, m\u00eame en cas de d\u00e9cision judiciaire non d\u00e9finitive.<\/p><p><strong>PROTECTION DES INFORMATIONS H\u00c9BERG\u00c9ES<\/strong><\/p><p>PRILUX HOLDING SPAIN S.L.U. r\u00e9alise des copies de sauvegarde des contenus h\u00e9berg\u00e9s sur ses serveurs, cependant, elle n&rsquo;est pas responsable de la perte ou de la suppression accidentelle des donn\u00e9es par les utilisateurs. . De m\u00eame, il ne garantit pas le remplacement total des donn\u00e9es supprim\u00e9es par les utilisateurs, car lesdites donn\u00e9es peuvent avoir \u00e9t\u00e9 supprim\u00e9es et\/ou modifi\u00e9es pendant la p\u00e9riode qui s&rsquo;est \u00e9coul\u00e9e depuis la derni\u00e8re copie de sauvegarde. Les services offerts, \u00e0 l&rsquo;exception des services sp\u00e9cifiques de sauvegarde, n&rsquo;incluent pas le remplacement des contenus conserv\u00e9s dans les copies de sauvegarde r\u00e9alis\u00e9es par PRILUX HOLDING SPAIN S.L.U., lorsque cette perte est imputable \u00e0 l&rsquo;utilisateur ; dans ce cas, un tarif sera d\u00e9termin\u00e9 en fonction de la complexit\u00e9 et du volume de la r\u00e9cup\u00e9ration, toujours avec l&rsquo;acceptation pr\u00e9alable de l&rsquo;utilisateur. Le remplacement des donn\u00e9es effac\u00e9es n&rsquo;est inclus dans le prix du service que lorsque la perte du contenu est due \u00e0 des causes imputables \u00e0 PRILUX HOLDING SPAIN S.L.U.<\/p><p><strong>COMMUNICATIONS COMMERCIALES<\/strong><\/p><p>Les donn\u00e9es fournies \u00e0 PRILUX HOLDING SPAIN S.L.U. par le biais du formulaire d&rsquo;inscription seront utilis\u00e9es dans le but de r\u00e9pondre \u00e0 vos demandes, de r\u00e9pondre aux questions et de permettre l&rsquo;acc\u00e8s \u00e0 des zones restreintes du site web. En outre, l&rsquo;utilisateur donne son accord \u00e0 PRILUX HOLDING SPAIN S.L.U. pour l&rsquo;envoi de communications commerciales par des moyens traditionnels et\/ou \u00e9lectroniques. Ces communications contiendront des informations commerciales sur nos produits, nos services ou des informations sur le secteur de l&rsquo;\u00e9clairage.<\/p><p>L&rsquo;utilisateur peut librement et gratuitement s&rsquo;opposer \u00e0 l&rsquo;envoi de ces communications au moyen du lien qui figure au pied de chaque communication, au moyen du formulaire de contact du <a href=\"https:\/\/prilux.es\/fr\/\">site web<\/a>, ou par communication \u00e9crite adress\u00e9e \u00e0 l&rsquo;adresse de l&rsquo;entreprise, C\/R\u00edo Jarama 149, 45007, Tol\u00e8de.<\/p>\t\t\t\t\t\t<\/div>\n\t\t\t\t<\/div>\n\t\t\t\t\t<\/div>\n\t\t<\/div>\n\t\t\t\t\t\t\t<\/div>\n\t\t<\/section>\n\t\t\t\t\t\t\t<\/div>\n\t\t","protected":false},"excerpt":{"rendered":"<p>AVIS JURIDIQUE Politique de confidentialit\u00e9 AVIS JURIDIQUE \u00a9 www.prilux.es. Tous droits r\u00e9serv\u00e9s. www.prilux.es. conform\u00e9ment \u00e0 la loi 34\/2002, du 11 juillet, sur les services de la soci\u00e9t\u00e9 de l&rsquo;information et le commerce \u00e9lectronique, vous informe que le propri\u00e9taire du site&#8230;<\/p>\n","protected":false},"author":11,"featured_media":0,"parent":0,"menu_order":0,"comment_status":"closed","ping_status":"closed","template":"elementor_header_footer","meta":[],"acf":[],"_links":{"self":[{"href":"https:\/\/prilux.es\/fr\/wp-json\/wp\/v2\/pages\/413922"}],"collection":[{"href":"https:\/\/prilux.es\/fr\/wp-json\/wp\/v2\/pages"}],"about":[{"href":"https:\/\/prilux.es\/fr\/wp-json\/wp\/v2\/types\/page"}],"author":[{"embeddable":true,"href":"https:\/\/prilux.es\/fr\/wp-json\/wp\/v2\/users\/11"}],"replies":[{"embeddable":true,"href":"https:\/\/prilux.es\/fr\/wp-json\/wp\/v2\/comments?post=413922"}],"version-history":[{"count":0,"href":"https:\/\/prilux.es\/fr\/wp-json\/wp\/v2\/pages\/413922\/revisions"}],"wp:attachment":[{"href":"https:\/\/prilux.es\/fr\/wp-json\/wp\/v2\/media?parent=413922"}],"curies":[{"name":"wp","href":"https:\/\/api.w.org\/{rel}","templated":true}]}}