{"id":1140826,"date":"2024-09-20T11:46:08","date_gmt":"2024-09-20T10:46:08","guid":{"rendered":"https:\/\/www.prilux.es\/product\/nantes-play-108led-110w-1179wt-740-va11i2p-dali\/"},"modified":"2024-09-20T11:47:35","modified_gmt":"2024-09-20T10:47:35","slug":"nantes-play-108led-110w-1179wt-740-va11i2p-dali","status":"publish","type":"product","link":"https:\/\/prilux.es\/fr\/produit\/nantes-play-108led-110w-1179wt-740-va11i2p-dali\/","title":{"rendered":"NANTES PLAY 108LED 110W\/117,9WT 740 VA11I2P DALI"},"content":{"rendered":"<p>Il a un design compact et minimaliste bas\u00e9 sur des lignes basiques et des angles purs mais \u00e9l\u00e9gants. Son esth\u00e9tique permet une int\u00e9gration harmonieuse \u00e0 l&rsquo;architecture.<br \/>\nSon design est con\u00e7u pour dissiper la chaleur, prolonger la dur\u00e9e de vie de la LED et favoriser l&rsquo;\u00e9vacuation de l&rsquo;eau, en \u00e9vitant les points d&rsquo;oxydation et en facilitant l&rsquo;autonettoyage.<br \/>\nLe corps, le couvercle et la bande sont fabriqu\u00e9s en aluminium moul\u00e9 sous pression de haute qualit\u00e9 pour garantir la durabilit\u00e9 du luminaire.<\/p>\n<p>La famille Nantes est compatible avec nos syst\u00e8mes de contr\u00f4le Cora Sports, Cora Industry, Cora Manager et la plateforme de t\u00e9l\u00e9gestion Prilux Cora Platform qui permet de surveiller, mesurer, contr\u00f4ler et maintenir la gestion \u00e0 distance de l&rsquo;infrastructure d&rsquo;\u00e9clairage afin d&rsquo;optimiser la qualit\u00e9 de l&rsquo;\u00e9clairage.<\/p>\n","protected":false},"excerpt":{"rendered":"<p>La famille NANTES PLAY, compos\u00e9e de NANTES PLAY, NANTES PLAY L et NANTES PLAY XL, est disponible avec des modules LED \u00e9quip\u00e9s de matrices de 108, 192 et 300 LED de pointe pour atteindre des rendements allant jusqu&rsquo;\u00e0 160lm\/W.<\/p>\n","protected":false},"featured_media":51849,"template":"","meta":[],"product_cat":[15],"product_tag":[],"familia":[{"id":22510,"name":"NANTES","slug":"nantes-fr"}],"acf":[],"_links":{"self":[{"href":"https:\/\/prilux.es\/fr\/wp-json\/wp\/v2\/product\/1140826"}],"collection":[{"href":"https:\/\/prilux.es\/fr\/wp-json\/wp\/v2\/product"}],"about":[{"href":"https:\/\/prilux.es\/fr\/wp-json\/wp\/v2\/types\/product"}],"version-history":[{"count":0,"href":"https:\/\/prilux.es\/fr\/wp-json\/wp\/v2\/product\/1140826\/revisions"}],"wp:featuredmedia":[{"embeddable":true,"href":"https:\/\/prilux.es\/fr\/wp-json\/wp\/v2\/media\/51849"}],"wp:attachment":[{"href":"https:\/\/prilux.es\/fr\/wp-json\/wp\/v2\/media?parent=1140826"}],"wp:term":[{"taxonomy":"product_cat","embeddable":true,"href":"https:\/\/prilux.es\/fr\/wp-json\/wp\/v2\/product_cat?post=1140826"},{"taxonomy":"product_tag","embeddable":true,"href":"https:\/\/prilux.es\/fr\/wp-json\/wp\/v2\/product_tag?post=1140826"},{"taxonomy":"familia","embeddable":true,"href":"https:\/\/prilux.es\/fr\/wp-json\/wp\/v2\/familia?post=1140826"}],"curies":[{"name":"wp","href":"https:\/\/api.w.org\/{rel}","templated":true}]}}