{"id":133801,"date":"2021-10-25T14:06:57","date_gmt":"2021-10-25T13:06:57","guid":{"rendered":"https:\/\/www.web.prilux.cloud\/product\/hitaka-30w-850-gris-7010-ip65-2\/"},"modified":"2022-06-30T20:21:17","modified_gmt":"2022-06-30T19:21:17","slug":"hitaka-30w-850-gris-7010-ip65","status":"publish","type":"product","link":"https:\/\/prilux.es\/fr\/produit\/hitaka-30w-850-gris-7010-ip65\/","title":{"rendered":"HITAKA 30W 850 GRIS 7010 IP65"},"content":{"rendered":"<p>Projecteur LED ext\u00e9rieur HITAKA 30W, est un projecteur de la famille PRILUX GREEN LED. HITAKA LED est un projecteur ext\u00e9rieur r\u00e9sistant au design fin, adapt\u00e9 \u00e0 l&rsquo;\u00e9clairage d&rsquo;espaces tels que les terrasses ou les jardins. Son installation s&rsquo;effectue en surface, et gr\u00e2ce \u00e0 son indice de protection IP65, elle est adapt\u00e9e \u00e0 une installation en ext\u00e9rieur. De plus, le projecteur comprend un parasurtenseur 2Kv. Il a \u00e9galement une longue dur\u00e9e de vie, L70&gt; 25 000h. HITAKA LED, gris clair RAL 7010, est de forme rectangulaire et poss\u00e8de un corps en aluminium et un diffuseur prismatique en polycarbonate. Faible consommation, il a une puissance de 30W \u00e0 une tension de 230V AC, avec un flux lumineux de 2324 lumens. Sa source de lumi\u00e8re LED est \u00e9quip\u00e9e de LED 5000K avec une temp\u00e9rature de couleur et un ton l\u00e9g\u00e8rement froid. Dot\u00e9 de bonnes qualit\u00e9s d&rsquo;\u00e9clairage, il pr\u00e9sente un indice de rendu des couleurs Ra&gt; 80, ce qui assure une reproduction fid\u00e8le des couleurs des objets \u00e9clair\u00e9s. Le projecteur HITAKA mesure 228 x 164 x 36 mm.<\/p>\n","protected":false},"excerpt":{"rendered":"<p>Projecteur LED ext\u00e9rieur HITAKA, 30W de puissance, 5000K et 2324lm. C&rsquo;est un projecteur basse consommation avec un design ultra-fin, avec un parasurtenseur 2Kv inclus et une protection IP65.<\/p>\n","protected":false},"featured_media":0,"template":"","meta":[],"product_cat":[15],"product_tag":[],"familia":[],"acf":[],"_links":{"self":[{"href":"https:\/\/prilux.es\/fr\/wp-json\/wp\/v2\/product\/133801"}],"collection":[{"href":"https:\/\/prilux.es\/fr\/wp-json\/wp\/v2\/product"}],"about":[{"href":"https:\/\/prilux.es\/fr\/wp-json\/wp\/v2\/types\/product"}],"version-history":[{"count":0,"href":"https:\/\/prilux.es\/fr\/wp-json\/wp\/v2\/product\/133801\/revisions"}],"wp:attachment":[{"href":"https:\/\/prilux.es\/fr\/wp-json\/wp\/v2\/media?parent=133801"}],"wp:term":[{"taxonomy":"product_cat","embeddable":true,"href":"https:\/\/prilux.es\/fr\/wp-json\/wp\/v2\/product_cat?post=133801"},{"taxonomy":"product_tag","embeddable":true,"href":"https:\/\/prilux.es\/fr\/wp-json\/wp\/v2\/product_tag?post=133801"},{"taxonomy":"familia","embeddable":true,"href":"https:\/\/prilux.es\/fr\/wp-json\/wp\/v2\/familia?post=133801"}],"curies":[{"name":"wp","href":"https:\/\/api.w.org\/{rel}","templated":true}]}}