{"id":134366,"date":"2021-10-25T14:12:35","date_gmt":"2021-10-25T13:12:35","guid":{"rendered":"https:\/\/www.web.prilux.cloud\/product\/icon-qr111-basic-12w-840-g53-12v-30o-2\/"},"modified":"2022-06-30T20:55:16","modified_gmt":"2022-06-30T19:55:16","slug":"icon-qr111-basic-12w-840-g53-12v-30o","status":"publish","type":"product","link":"https:\/\/prilux.es\/fr\/produit\/icon-qr111-basic-12w-840-g53-12v-30o\/","title":{"rendered":"ICON QR111 BASIC 12W 840 G53 12V 30\u00ba"},"content":{"rendered":"<p>Lampe LED Icon QR 111 basic, de la famille Prilux LED BASIC. D&rsquo;une puissance de 12W, \u00e0 une tension de 12V AC. La lampe \u00e0 \u00e9conomie d&rsquo;\u00e9nergie offre un flux lumineux de 915 lumens et est \u00e9quip\u00e9e de lampes LED 4000K avec une temp\u00e9rature de couleur et un ton neutre. Cette lampe, qui a un corps blanc, a une douille G53, et l&rsquo;angle du faisceau est de 30 \u00b0. Les excellentes \u00e9conomies de consommation offertes par cette lampe est d\u00e9montr\u00e9e par sa classe d&rsquo;efficacit\u00e9 \u00e9nerg\u00e9tique, ce qui correspond \u00e0 la classe A. Cette \u00e9conomie, ainsi que sa longue dur\u00e9e de vie utile qui d\u00e9passe 30.000 heures d&rsquo;utilisation, en font une lampe avec un minimum de co\u00fbts de maintenance et qui repr\u00e9sente une \u00e9conomie de consommation de 84% par rapport \u00e0 une lampe halog\u00e8ne de 75W. De plus, gr\u00e2ce \u00e0 son indice de rendu des couleurs Ra&gt; 80, cette lampe \u00e9claire fid\u00e8lement les couleurs des objets \u00e9clair\u00e9s. Il est capable de travailler \u00e0 des temp\u00e9ratures allant de -10 \u00b0 C \u00e0 45 \u00b0 C. Les dimensions de cette lampe de base icon QR 111 sont \u00f8111 x 62 mm.<\/p>\n","protected":false},"excerpt":{"rendered":"<p>Lampe LED de base Icon QR 111 avec une puissance de 12W, 12V AC, avec un d\u00e9bit de 915lm et 4000K. Il offre une \u00e9conomie de 84%, et la prise est G53. L&rsquo;angle du faisceau est de 30 \u00b0.<\/p>\n","protected":false},"featured_media":0,"template":"","meta":[],"product_cat":[15],"product_tag":[],"familia":[],"acf":[],"_links":{"self":[{"href":"https:\/\/prilux.es\/fr\/wp-json\/wp\/v2\/product\/134366"}],"collection":[{"href":"https:\/\/prilux.es\/fr\/wp-json\/wp\/v2\/product"}],"about":[{"href":"https:\/\/prilux.es\/fr\/wp-json\/wp\/v2\/types\/product"}],"version-history":[{"count":0,"href":"https:\/\/prilux.es\/fr\/wp-json\/wp\/v2\/product\/134366\/revisions"}],"wp:attachment":[{"href":"https:\/\/prilux.es\/fr\/wp-json\/wp\/v2\/media?parent=134366"}],"wp:term":[{"taxonomy":"product_cat","embeddable":true,"href":"https:\/\/prilux.es\/fr\/wp-json\/wp\/v2\/product_cat?post=134366"},{"taxonomy":"product_tag","embeddable":true,"href":"https:\/\/prilux.es\/fr\/wp-json\/wp\/v2\/product_tag?post=134366"},{"taxonomy":"familia","embeddable":true,"href":"https:\/\/prilux.es\/fr\/wp-json\/wp\/v2\/familia?post=134366"}],"curies":[{"name":"wp","href":"https:\/\/api.w.org\/{rel}","templated":true}]}}