{"id":137214,"date":"2021-10-25T13:52:06","date_gmt":"2021-10-25T12:52:06","guid":{"rendered":"https:\/\/www.web.prilux.cloud\/product\/hexagon-play-1x120led-140w-150wt-840-55o-dali-2\/"},"modified":"2022-06-30T23:45:45","modified_gmt":"2022-06-30T22:45:45","slug":"hexagon-play-1x120led-140w-150wt-840-55o-dali","status":"publish","type":"product","link":"https:\/\/prilux.es\/fr\/produit\/hexagon-play-1x120led-140w-150wt-840-55o-dali\/","title":{"rendered":"HEXAGON PLAY 1X120LED 140W \/ 150WT 840 55\u00ba DALI"},"content":{"rendered":"<p>Le projecteur d&rsquo;ext\u00e9rieur industriel LED HEXAGON PLAY 150W, de la gamme LED Ext\u00e9rieure Industrielle de Prilux, est la solution parfaite pour l&rsquo;\u00e9clairage de tous types d&rsquo;installations industrielles ext\u00e9rieures. Efficace, efficace, avec une grande luminosit\u00e9 et r\u00e9sistance, HEXAGON PLAY est un luminaire con\u00e7u par Prilux et Made in Spain, id\u00e9al pour les lieux sportifs et culturels, les b\u00e2timents industriels et les tunnels. Avec les excellents indices de protection IP66 et IK10. HEXAGON PLAY est un projecteur LED modulaire \u00e0 la pointe de la technologie, compos\u00e9 d&rsquo;un corps en aluminium inject\u00e9 haute pression gris RAL 9007 et d&rsquo;un diffuseur en polycarbonate avec traitement UV. Le projecteur comprend un tuyau \u00e0 5 p\u00f4les de 1,5 m de long. L&rsquo;optique du projecteur est constitu\u00e9e de lentilles secondaires r\u00e9parties sym\u00e9triquement. \u00c9quip\u00e9 de 120 lampes LED, le luminaire a une puissance de 150 W, \u00e0 1 000 mA, et un flux lumineux LED \u00e9lev\u00e9 de 19655 lumens. Il a une longue dur\u00e9e de vie de L70 B10&gt; 100 000h et un indice de rendu des couleurs de Ra&gt; 80. L&rsquo;efficacit\u00e9 de HEXAGON PLAY est soutenue par les technologies Overstorm et Systemshield, toutes deux d\u00e9velopp\u00e9es par Prilux: Overstorm prot\u00e8ge le luminaire des surtensions, \u00e9tant capable de r\u00e9sister \u00e0 des pics de tension jusqu&rsquo;\u00e0 10kV. Systemshield permet un fonctionnement optimal m\u00eame \u00e0 des temp\u00e9ratures extr\u00eames, gr\u00e2ce \u00e0 un syst\u00e8me de sondes thermiques qui connaissent la temp\u00e9rature du luminaire et autor\u00e9gulent sa puissance pour rester en s\u00e9curit\u00e9 \u00e0 tout moment. Le luminaire est dimmable sous le syst\u00e8me DALI. \u00c9quip\u00e9 de lampes LED 4 000K et d&rsquo;une tonalit\u00e9 de lumi\u00e8re neutre, il est \u00e9galement disponible sur demande en 3 000K, 5 000K et 5 700K CCT. Avec un angle d&rsquo;ouverture de 55 \u00b0, bien que 25 \u00b0 et 90 \u00b0 soient \u00e9galement disponibles. Le projecteur LED peut \u00eatre install\u00e9 dans deux positions: face \u00e0 l&rsquo;horizontale ou avec un montage en croix verticale. Il a des dimensions de 456 x 174 x 321 mm.<\/p>\n","protected":false},"excerpt":{"rendered":"<p>Projecteur LED HEXAGON PLAY de la gamme Industrial Outdoor LED, hautes performances et grande r\u00e9sistance, avec 120 LED, une puissance de 150W, 4000K et 19655lm.<\/p>\n","protected":false},"featured_media":0,"template":"","meta":[],"product_cat":[15],"product_tag":[],"familia":[],"acf":[],"_links":{"self":[{"href":"https:\/\/prilux.es\/fr\/wp-json\/wp\/v2\/product\/137214"}],"collection":[{"href":"https:\/\/prilux.es\/fr\/wp-json\/wp\/v2\/product"}],"about":[{"href":"https:\/\/prilux.es\/fr\/wp-json\/wp\/v2\/types\/product"}],"version-history":[{"count":0,"href":"https:\/\/prilux.es\/fr\/wp-json\/wp\/v2\/product\/137214\/revisions"}],"wp:attachment":[{"href":"https:\/\/prilux.es\/fr\/wp-json\/wp\/v2\/media?parent=137214"}],"wp:term":[{"taxonomy":"product_cat","embeddable":true,"href":"https:\/\/prilux.es\/fr\/wp-json\/wp\/v2\/product_cat?post=137214"},{"taxonomy":"product_tag","embeddable":true,"href":"https:\/\/prilux.es\/fr\/wp-json\/wp\/v2\/product_tag?post=137214"},{"taxonomy":"familia","embeddable":true,"href":"https:\/\/prilux.es\/fr\/wp-json\/wp\/v2\/familia?post=137214"}],"curies":[{"name":"wp","href":"https:\/\/api.w.org\/{rel}","templated":true}]}}