{"id":149733,"date":"2021-10-25T13:49:37","date_gmt":"2021-10-25T12:49:37","guid":{"rendered":"https:\/\/www.web.prilux.cloud\/product\/essense-ball-nova-5w-830-e27-230v-2\/"},"modified":"2022-07-01T03:33:43","modified_gmt":"2022-07-01T02:33:43","slug":"essense-ball-nova-5w-830-e27-230v-2","status":"publish","type":"product","link":"https:\/\/prilux.es\/fr\/produit\/essense-ball-nova-5w-830-e27-230v-2\/","title":{"rendered":"ESSENSE BALL NOVA 5W 830 E27 230V"},"content":{"rendered":"<p>Lampe EsSENSE BALL nova d&rsquo;une puissance de 5W, \u00e0 une tension de 230V AC, de la famille PRILUX LED NOVA. C&rsquo;est une lampe sph\u00e9rique \u00e0 technologie LED qui permet des \u00e9conomies de consommation consid\u00e9rables, et poss\u00e8de le remarquable certificat d&rsquo;efficacit\u00e9 de classe A +, qui la certifie ainsi. Cela se traduit par une \u00e9conomie de consommation de 86% par rapport \u00e0 l&rsquo;utilisation de lampes \u00e0 incandescence traditionnelles. EsSENSE BALL nova est \u00e9quip\u00e9 de LED 3000K avec une temp\u00e9rature de couleur et une tonalit\u00e9 de lumi\u00e8re chaude, et offre un flux lumineux de 393 lumens. En plus d&rsquo;\u00e9conomiser sur la consommation, cette lampe a une longue dur\u00e9e de vie utile de 40 000 heures, r\u00e9duisant au minimum ses co\u00fbts de maintenance. L&rsquo;angle de faisceau est de 170 \u00b0: cette lampe offre une distribution extraordinaire et son \u00e9clairage de l&rsquo;espace est de la plus haute qualit\u00e9 gr\u00e2ce \u00e0 l&rsquo;indice de rendu des couleurs Ra&gt; 80, ce qui assure une reproduction fid\u00e8le des couleurs des objets \u00e9clair\u00e9s. La lampe esSENSE BALL nova a une douille E27, un diffuseur opale et est blanche. Il a une forme sph\u00e9rique et sph\u00e9rique et ses dimensions sont de \u00f845 x 74 mm.<\/p>\n","protected":false},"excerpt":{"rendered":"<p>Lampe LED EsSENSE BALL nova de forme sph\u00e9rique, 5W de puissance \u00e0 230V AC, 3000K et le flux de 393lm. Avec douille E27. Pour un \u00e9clairage efficace, avec une \u00e9conomie de 86%.<\/p>\n","protected":false},"featured_media":0,"template":"","meta":[],"product_cat":[15],"product_tag":[],"familia":[],"acf":[],"_links":{"self":[{"href":"https:\/\/prilux.es\/fr\/wp-json\/wp\/v2\/product\/149733"}],"collection":[{"href":"https:\/\/prilux.es\/fr\/wp-json\/wp\/v2\/product"}],"about":[{"href":"https:\/\/prilux.es\/fr\/wp-json\/wp\/v2\/types\/product"}],"version-history":[{"count":0,"href":"https:\/\/prilux.es\/fr\/wp-json\/wp\/v2\/product\/149733\/revisions"}],"wp:attachment":[{"href":"https:\/\/prilux.es\/fr\/wp-json\/wp\/v2\/media?parent=149733"}],"wp:term":[{"taxonomy":"product_cat","embeddable":true,"href":"https:\/\/prilux.es\/fr\/wp-json\/wp\/v2\/product_cat?post=149733"},{"taxonomy":"product_tag","embeddable":true,"href":"https:\/\/prilux.es\/fr\/wp-json\/wp\/v2\/product_tag?post=149733"},{"taxonomy":"familia","embeddable":true,"href":"https:\/\/prilux.es\/fr\/wp-json\/wp\/v2\/familia?post=149733"}],"curies":[{"name":"wp","href":"https:\/\/api.w.org\/{rel}","templated":true}]}}