{"id":1681864,"date":"2025-05-27T09:32:56","date_gmt":"2025-05-27T08:32:56","guid":{"rendered":"https:\/\/prilux.es\/product\/essense-flame-smart-led-5w-830-e14-2\/"},"modified":"2025-05-27T10:02:30","modified_gmt":"2025-05-27T09:02:30","slug":"essense-flame-smart-led-5w-830-e14-2","status":"publish","type":"product","link":"https:\/\/prilux.es\/fr\/produit\/essense-flame-smart-led-5w-830-e14-2\/","title":{"rendered":"ESSENSE FLAME SMART LED 5W 830 E14"},"content":{"rendered":"<p>Lampe intelligente EsSENSE FLAME avec une puissance de 5W, 230V AC, de la famille PRILUX LED SMART. C&rsquo;est une lampe \u00e0 technologie LED qui permet des \u00e9conomies de consommation consid\u00e9rables, et poss\u00e8de l&rsquo;excellent certificat d&rsquo;efficacit\u00e9 de classe A ++, qui la certifie. Cela se traduit par une grande \u00e9conomie de consommation de 87% par rapport \u00e0 l&rsquo;utilisation de lampes \u00e0 incandescence traditionnelles. EsSENSE FLAME smart est \u00e9quip\u00e9 de 3 000K LED avec une temp\u00e9rature de couleur et une tonalit\u00e9 de lumi\u00e8re chaude, et offre un flux lumineux de 524 lumens. En plus d&rsquo;\u00e9conomiser sur la consommation, cette lampe a une longue dur\u00e9e de vie utile de 25 000 heures, r\u00e9duisant au minimum ses co\u00fbts de maintenance. L&rsquo;angle d&rsquo;ouverture du faisceau lumineux est de 180 \u00b0, et l&rsquo;\u00e9clairage de l&rsquo;espace est de la plus haute qualit\u00e9 gr\u00e2ce \u00e0 son indice de rendu des couleurs Ra&gt; 80, qui assure une reproduction fid\u00e8le des couleurs des objets \u00e9clair\u00e9s. La lampe intelligente esSENSE FLAME a une douille E14, un diffuseur opale et est blanche. Il a la forme d&rsquo;une bougie et a des dimensions de \u00f837 x 107 mm.<\/p>\n","protected":false},"excerpt":{"rendered":"<p>Lampe LED intelligente en forme de bougie EsSENSE FLAME, 5W de puissance \u00e0 230V AC, avec un flux de 524lm et 3000K. Le plafond est E14. Il permet une \u00e9conomie de consommation de 87%.<\/p>\n","protected":false},"featured_media":1681460,"template":"","meta":[],"product_cat":[6124],"product_tag":[],"familia":[{"id":22430,"name":"ESSENSE FLAME","slug":"essense-flame-fr"}],"acf":[],"_links":{"self":[{"href":"https:\/\/prilux.es\/fr\/wp-json\/wp\/v2\/product\/1681864"}],"collection":[{"href":"https:\/\/prilux.es\/fr\/wp-json\/wp\/v2\/product"}],"about":[{"href":"https:\/\/prilux.es\/fr\/wp-json\/wp\/v2\/types\/product"}],"version-history":[{"count":0,"href":"https:\/\/prilux.es\/fr\/wp-json\/wp\/v2\/product\/1681864\/revisions"}],"wp:featuredmedia":[{"embeddable":true,"href":"https:\/\/prilux.es\/fr\/wp-json\/wp\/v2\/media\/1681460"}],"wp:attachment":[{"href":"https:\/\/prilux.es\/fr\/wp-json\/wp\/v2\/media?parent=1681864"}],"wp:term":[{"taxonomy":"product_cat","embeddable":true,"href":"https:\/\/prilux.es\/fr\/wp-json\/wp\/v2\/product_cat?post=1681864"},{"taxonomy":"product_tag","embeddable":true,"href":"https:\/\/prilux.es\/fr\/wp-json\/wp\/v2\/product_tag?post=1681864"},{"taxonomy":"familia","embeddable":true,"href":"https:\/\/prilux.es\/fr\/wp-json\/wp\/v2\/familia?post=1681864"}],"curies":[{"name":"wp","href":"https:\/\/api.w.org\/{rel}","templated":true}]}}