{"id":1697484,"date":"2025-05-28T16:01:24","date_gmt":"2025-05-28T15:01:24","guid":{"rendered":"https:\/\/prilux.es\/product\/spotline-smart-10w-830-r7s-118mm-230v-2\/"},"modified":"2025-05-28T16:12:05","modified_gmt":"2025-05-28T15:12:05","slug":"spotline-smart-10w-830-r7s-118mm-230v-2","status":"publish","type":"product","link":"https:\/\/prilux.es\/fr\/produit\/spotline-smart-10w-830-r7s-118mm-230v-2\/","title":{"rendered":"SPOTLINE SMART 10W 830 R7S 118MM 230V"},"content":{"rendered":"<p>Lampe LED intelligente power spotLINE 10W, tension 230V AC, de la famille PRILUX LED SMART. C&rsquo;est une lampe LED tubulaire tr\u00e8s efficace, qui permet des \u00e9conomies de consommation consid\u00e9rables gr\u00e2ce \u00e0 sa technologie LED, et poss\u00e8de le remarquable certificat d&rsquo;efficacit\u00e9 de classe A +, qui la certifie ainsi. Cela se traduit par une \u00e9conomie de consommation de 88% par rapport \u00e0 l&rsquo;utilisation de lampes \u00e0 incandescence traditionnelles. SpotLINE smart est \u00e9quip\u00e9 de LED de temp\u00e9rature de couleur de 3 000K et de tons de lumi\u00e8re chaude, et offre un flux lumineux de 951 lumens. En plus d&rsquo;\u00e9conomiser sur la consommation, cette lampe a une dur\u00e9e de vie utile prolong\u00e9e de 30 000 heures, r\u00e9duisant au minimum ses co\u00fbts de maintenance. L&rsquo;\u00e9clairage dans l&rsquo;espace est de la plus haute qualit\u00e9 gr\u00e2ce \u00e0 l&rsquo;indice de rendu des couleurs Ra&gt; 80, qui assure une reproduction fid\u00e8le des couleurs des objets \u00e9clair\u00e9s. Avec un angle de faisceau de 120 \u00b0. La lampe intelligente spotLINE a une base R7S, un diffuseur transparent et est de couleur gris clair. En forme de lampe rectangulaire, ses dimensions sont de 118 x 37 x 26 mm.<\/p>\n","protected":false},"excerpt":{"rendered":"<p>Lampe LED intelligente power spotLINE 10W. Pour 86% d&rsquo;\u00e9conomie d&rsquo;\u00e9nergie, 3000K et un d\u00e9bit de 951lm. Avec douille R7S et angle d&rsquo;ouverture de 120 \u00b0.<\/p>\n","protected":false},"featured_media":1697058,"template":"","meta":[],"product_cat":[6124],"product_tag":[],"familia":[],"acf":[],"_links":{"self":[{"href":"https:\/\/prilux.es\/fr\/wp-json\/wp\/v2\/product\/1697484"}],"collection":[{"href":"https:\/\/prilux.es\/fr\/wp-json\/wp\/v2\/product"}],"about":[{"href":"https:\/\/prilux.es\/fr\/wp-json\/wp\/v2\/types\/product"}],"version-history":[{"count":0,"href":"https:\/\/prilux.es\/fr\/wp-json\/wp\/v2\/product\/1697484\/revisions"}],"wp:featuredmedia":[{"embeddable":true,"href":"https:\/\/prilux.es\/fr\/wp-json\/wp\/v2\/media\/1697058"}],"wp:attachment":[{"href":"https:\/\/prilux.es\/fr\/wp-json\/wp\/v2\/media?parent=1697484"}],"wp:term":[{"taxonomy":"product_cat","embeddable":true,"href":"https:\/\/prilux.es\/fr\/wp-json\/wp\/v2\/product_cat?post=1697484"},{"taxonomy":"product_tag","embeddable":true,"href":"https:\/\/prilux.es\/fr\/wp-json\/wp\/v2\/product_tag?post=1697484"},{"taxonomy":"familia","embeddable":true,"href":"https:\/\/prilux.es\/fr\/wp-json\/wp\/v2\/familia?post=1697484"}],"curies":[{"name":"wp","href":"https:\/\/api.w.org\/{rel}","templated":true}]}}