{"id":1699458,"date":"2025-05-28T16:26:42","date_gmt":"2025-05-28T15:26:42","guid":{"rendered":"https:\/\/prilux.es\/product\/spotline-smart-6w-840-r7s-78mm-230v\/"},"modified":"2025-05-28T16:32:27","modified_gmt":"2025-05-28T15:32:27","slug":"spotline-smart-6w-840-r7s-78mm-230v-2","status":"publish","type":"product","link":"https:\/\/prilux.es\/fr\/produit\/spotline-smart-6w-840-r7s-78mm-230v-2\/","title":{"rendered":"SPOTLINE SMART 6W 840 R7S 78MM 230V"},"content":{"rendered":"<p>Lampe LED intelligente power spotLINE 6W, tension 230V AC, de la famille PRILUX LED SMART. C&rsquo;est une lampe LED tubulaire tr\u00e8s efficace, qui permet des \u00e9conomies de consommation consid\u00e9rables gr\u00e2ce \u00e0 sa technologie LED, et poss\u00e8de le remarquable certificat d&rsquo;efficacit\u00e9 de classe A +, qui la certifie ainsi. Cela se traduit par une \u00e9conomie de consommation de 88% par rapport \u00e0 l&rsquo;utilisation de lampes \u00e0 incandescence traditionnelles. SpotLINE smart est \u00e9quip\u00e9 de 4 000K LED avec une temp\u00e9rature de couleur et une tonalit\u00e9 de lumi\u00e8re neutre, et offre un flux lumineux de 597 lumens. En plus d&rsquo;\u00e9conomiser sur la consommation, cette lampe a une dur\u00e9e de vie utile prolong\u00e9e de 30 000 heures, r\u00e9duisant au minimum ses co\u00fbts de maintenance. L&rsquo;\u00e9clairage dans l&rsquo;espace est de la plus haute qualit\u00e9 gr\u00e2ce \u00e0 l&rsquo;indice de rendu des couleurs Ra&gt; 80, qui assure une reproduction fid\u00e8le des couleurs des objets \u00e9clair\u00e9s. Avec un angle de faisceau de 120 \u00b0. La lampe intelligente spotLINE a une base R7S, un diffuseur transparent et est de couleur gris clair. En forme de lampe rectangulaire, ses dimensions sont de 78 x 37 x 26 mm.<\/p>\n","protected":false},"excerpt":{"rendered":"<p>Lampe LED intelligente power spotLINE 6W. Pour 88% d&rsquo;\u00e9conomie d&rsquo;\u00e9nergie, 4000K et un d\u00e9bit de 597lm. Avec douille R7S et angle d&rsquo;ouverture de 120 \u00b0.<\/p>\n","protected":false},"featured_media":1698797,"template":"","meta":[],"product_cat":[6124],"product_tag":[],"familia":[],"acf":[],"_links":{"self":[{"href":"https:\/\/prilux.es\/fr\/wp-json\/wp\/v2\/product\/1699458"}],"collection":[{"href":"https:\/\/prilux.es\/fr\/wp-json\/wp\/v2\/product"}],"about":[{"href":"https:\/\/prilux.es\/fr\/wp-json\/wp\/v2\/types\/product"}],"version-history":[{"count":0,"href":"https:\/\/prilux.es\/fr\/wp-json\/wp\/v2\/product\/1699458\/revisions"}],"wp:featuredmedia":[{"embeddable":true,"href":"https:\/\/prilux.es\/fr\/wp-json\/wp\/v2\/media\/1698797"}],"wp:attachment":[{"href":"https:\/\/prilux.es\/fr\/wp-json\/wp\/v2\/media?parent=1699458"}],"wp:term":[{"taxonomy":"product_cat","embeddable":true,"href":"https:\/\/prilux.es\/fr\/wp-json\/wp\/v2\/product_cat?post=1699458"},{"taxonomy":"product_tag","embeddable":true,"href":"https:\/\/prilux.es\/fr\/wp-json\/wp\/v2\/product_tag?post=1699458"},{"taxonomy":"familia","embeddable":true,"href":"https:\/\/prilux.es\/fr\/wp-json\/wp\/v2\/familia?post=1699458"}],"curies":[{"name":"wp","href":"https:\/\/api.w.org\/{rel}","templated":true}]}}