{"id":1702188,"date":"2025-05-29T08:53:10","date_gmt":"2025-05-29T07:53:10","guid":{"rendered":"https:\/\/prilux.es\/product\/ecsaver-sofito-smart-led-9w-830\/"},"modified":"2025-05-29T09:10:59","modified_gmt":"2025-05-29T08:10:59","slug":"ecsaver-sofito-smart-led-9w-830-2","status":"publish","type":"product","link":"https:\/\/prilux.es\/fr\/produit\/ecsaver-sofito-smart-led-9w-830-2\/","title":{"rendered":"ECSAVER SOFITO SMART LED 9W 830"},"content":{"rendered":"<p>Tube LED intelligent EcSAVER SOFITO LED avec une puissance de 9W, 230V AC, de la famille PRILUX LED NOVA. C&rsquo;est un tube LED qui permet des \u00e9conomies de consommation consid\u00e9rables, car il poss\u00e8de l&rsquo;excellent certificat d&rsquo;efficacit\u00e9 de classe A +. Cela se traduit par de grandes \u00e9conomies de consommation et de d\u00e9penses par rapport \u00e0 l&rsquo;utilisation de lampes fluorescentes traditionnelles. En plus d&rsquo;\u00e9conomiser sur la consommation, qui est 40% inf\u00e9rieure \u00e0 une lampe \u00e0 incandescence, ce tube LED a une longue dur\u00e9e de vie utile de 25 000 heures, r\u00e9duisant au minimum son co\u00fbt de maintenance. Le tube LED ecSAVER SOFITO est \u00e9quip\u00e9 de lampes LED 3000K avec une temp\u00e9rature de couleur et une tonalit\u00e9 de lumi\u00e8re chaude, et offre un flux lumineux de 805 lumens. L&rsquo;angle du faisceau est de 200 \u00b0 et l&rsquo;\u00e9clairage dans l&rsquo;espace est de la plus haute qualit\u00e9 gr\u00e2ce \u00e0 son indice de rendu des couleurs Ra&gt; 80, qui assure une reproduction fid\u00e8le des couleurs des objets \u00e9clair\u00e9s. Le tube LED ecSAVER LINESTRA nova a une douille S19, un diffuseur opale et est blanc. Il a des dimensions de \u00f838 x 315 mm.<\/p>\n","protected":false},"excerpt":{"rendered":"<p>Tube intelligent LED EcSAVER SOFITO \u00f838 x 315mm, 9W de puissance \u00e0 230V AC, avec un d\u00e9bit de 805lm et 3000K. Prise S19. Il permet une \u00e9conomie de consommation de 40%.<\/p>\n","protected":false},"featured_media":1701645,"template":"","meta":[],"product_cat":[6124],"product_tag":[],"familia":[{"id":25889,"name":"ESSENSE SOFITO","slug":"essense-sofito"}],"acf":[],"_links":{"self":[{"href":"https:\/\/prilux.es\/fr\/wp-json\/wp\/v2\/product\/1702188"}],"collection":[{"href":"https:\/\/prilux.es\/fr\/wp-json\/wp\/v2\/product"}],"about":[{"href":"https:\/\/prilux.es\/fr\/wp-json\/wp\/v2\/types\/product"}],"version-history":[{"count":0,"href":"https:\/\/prilux.es\/fr\/wp-json\/wp\/v2\/product\/1702188\/revisions"}],"wp:featuredmedia":[{"embeddable":true,"href":"https:\/\/prilux.es\/fr\/wp-json\/wp\/v2\/media\/1701645"}],"wp:attachment":[{"href":"https:\/\/prilux.es\/fr\/wp-json\/wp\/v2\/media?parent=1702188"}],"wp:term":[{"taxonomy":"product_cat","embeddable":true,"href":"https:\/\/prilux.es\/fr\/wp-json\/wp\/v2\/product_cat?post=1702188"},{"taxonomy":"product_tag","embeddable":true,"href":"https:\/\/prilux.es\/fr\/wp-json\/wp\/v2\/product_tag?post=1702188"},{"taxonomy":"familia","embeddable":true,"href":"https:\/\/prilux.es\/fr\/wp-json\/wp\/v2\/familia?post=1702188"}],"curies":[{"name":"wp","href":"https:\/\/api.w.org\/{rel}","templated":true}]}}