{"id":1707095,"date":"2025-05-29T11:53:53","date_gmt":"2025-05-29T10:53:53","guid":{"rendered":"https:\/\/prilux.es\/product\/fisense-fantasy-flame-smart-4w-827-e14\/"},"modified":"2025-05-29T11:54:04","modified_gmt":"2025-05-29T10:54:04","slug":"fisense-fantasy-flame-smart-4w-827-e14-2","status":"publish","type":"product","link":"https:\/\/prilux.es\/fr\/produit\/fisense-fantasy-flame-smart-4w-827-e14-2\/","title":{"rendered":"FISENSE FANTASY FLAME SMART 4W 827 E14"},"content":{"rendered":"<p>Lampe LED intelligente FiSENSE FANTASY FLAME avec une puissance de 4W, 230V AC, de la famille PRILUX LED SMART. C&rsquo;est une lampe \u00e0 technologie LED qui permet des \u00e9conomies de consommation consid\u00e9rables, et poss\u00e8de l&rsquo;excellent certificat d&rsquo;efficacit\u00e9 de classe A ++, qui la certifie. Cela se traduit par une \u00e9conomie de consommation de 90% par rapport \u00e0 l&rsquo;utilisation de lampes \u00e0 incandescence traditionnelles. Cette lampe en forme de bougie de tr\u00e8s faible puissance poss\u00e8de un filament LED. \u00c9quip\u00e9 d&rsquo;une temp\u00e9rature de couleur de 2700K et d&rsquo;une source de lumi\u00e8re LED aux tons chauds. Il offre un flux lumineux de 403 lumens. En plus d&rsquo;\u00e9conomiser sur la consommation, cette lampe a une longue dur\u00e9e de vie de 20 000 heures, r\u00e9duisant au minimum ses co\u00fbts d&rsquo;entretien. L&rsquo;angle du faisceau est de 360 \u00b0, et l&rsquo;\u00e9clairage de l&rsquo;espace est de la plus haute qualit\u00e9 gr\u00e2ce \u00e0 son indice de rendu des couleurs Ra&gt; 80, qui assure une reproduction fid\u00e8le des couleurs des objets \u00e9clair\u00e9s. La lampe intelligente fiSENSE FANTASY FLAME poss\u00e8de une douille E14 et un diffuseur transparent. Il a la forme d&rsquo;une bougie et a des dimensions de \u00f835 x 123 mm.<\/p>\n","protected":false},"excerpt":{"rendered":"<p>Lampe LED intelligente FiSENSE FLAME avec une puissance de 4W \u00e0 230V AC, avec un d\u00e9bit de 403lm 2700K. Casquette E14 et forme de voile. Il mesure \u00f835 x 123 mm. Offre 90% d&rsquo;\u00e9conomies.<\/p>\n","protected":false},"featured_media":1706697,"template":"","meta":[],"product_cat":[6124],"product_tag":[],"familia":[],"acf":[],"_links":{"self":[{"href":"https:\/\/prilux.es\/fr\/wp-json\/wp\/v2\/product\/1707095"}],"collection":[{"href":"https:\/\/prilux.es\/fr\/wp-json\/wp\/v2\/product"}],"about":[{"href":"https:\/\/prilux.es\/fr\/wp-json\/wp\/v2\/types\/product"}],"version-history":[{"count":0,"href":"https:\/\/prilux.es\/fr\/wp-json\/wp\/v2\/product\/1707095\/revisions"}],"wp:featuredmedia":[{"embeddable":true,"href":"https:\/\/prilux.es\/fr\/wp-json\/wp\/v2\/media\/1706697"}],"wp:attachment":[{"href":"https:\/\/prilux.es\/fr\/wp-json\/wp\/v2\/media?parent=1707095"}],"wp:term":[{"taxonomy":"product_cat","embeddable":true,"href":"https:\/\/prilux.es\/fr\/wp-json\/wp\/v2\/product_cat?post=1707095"},{"taxonomy":"product_tag","embeddable":true,"href":"https:\/\/prilux.es\/fr\/wp-json\/wp\/v2\/product_tag?post=1707095"},{"taxonomy":"familia","embeddable":true,"href":"https:\/\/prilux.es\/fr\/wp-json\/wp\/v2\/familia?post=1707095"}],"curies":[{"name":"wp","href":"https:\/\/api.w.org\/{rel}","templated":true}]}}