{"id":1707931,"date":"2025-05-29T11:57:53","date_gmt":"2025-05-29T10:57:53","guid":{"rendered":"https:\/\/prilux.es\/product\/fisense-flame-smart-4w-827-e14\/"},"modified":"2025-05-29T12:04:53","modified_gmt":"2025-05-29T11:04:53","slug":"fisense-flame-smart-4w-827-e14-2","status":"publish","type":"product","link":"https:\/\/prilux.es\/fr\/produit\/fisense-flame-smart-4w-827-e14-2\/","title":{"rendered":"FISENSE FLAME SMART 4W 827 E14"},"content":{"rendered":"<p>Lampe LED intelligente FiSENSE FLAME avec une puissance de 4W, 230V AC, de la famille PRILUX LED SMART. C&rsquo;est une lampe \u00e0 technologie LED qui permet des \u00e9conomies de consommation consid\u00e9rables, et poss\u00e8de l&rsquo;excellent certificat d&rsquo;efficacit\u00e9 de classe A ++, qui la certifie. Cela se traduit par une \u00e9conomie de consommation de 90% par rapport \u00e0 l&rsquo;utilisation de lampes \u00e0 incandescence traditionnelles. Cette lampe en forme de bougie de tr\u00e8s faible puissance poss\u00e8de un filament LED. \u00c9quip\u00e9 d&rsquo;une temp\u00e9rature de couleur de 2700K et d&rsquo;une source de lumi\u00e8re LED aux tons chauds. Il offre un flux lumineux de 403 lumens. En plus d&rsquo;\u00e9conomiser sur la consommation, cette lampe a une longue dur\u00e9e de vie de 20 000 heures, r\u00e9duisant au minimum ses co\u00fbts d&rsquo;entretien. L&rsquo;angle du faisceau est de 360 \u00b0, et l&rsquo;\u00e9clairage de l&rsquo;espace est de la plus haute qualit\u00e9 gr\u00e2ce \u00e0 son indice de rendu des couleurs Ra&gt; 80, qui assure une reproduction fid\u00e8le des couleurs des objets \u00e9clair\u00e9s. La lampe LED intelligente fiSENSE FLAME a une douille E14 et un diffuseur transparent. Il a la forme d&rsquo;une bougie et a des dimensions de \u00f835 x 97 mm.<\/p>\n","protected":false},"excerpt":{"rendered":"<p>Lampe LED intelligente FiSENSE FLAME avec une puissance de 4W \u00e0 230V AC, avec un d\u00e9bit de 403lm et 2700K. Avec filament LED, douille E14 et forme de bougie. Il mesure \u00f835 x 97 mm. Offre 90% d&rsquo;\u00e9conomies.<\/p>\n","protected":false},"featured_media":1707520,"template":"","meta":[],"product_cat":[6124],"product_tag":[],"familia":[],"acf":[],"_links":{"self":[{"href":"https:\/\/prilux.es\/fr\/wp-json\/wp\/v2\/product\/1707931"}],"collection":[{"href":"https:\/\/prilux.es\/fr\/wp-json\/wp\/v2\/product"}],"about":[{"href":"https:\/\/prilux.es\/fr\/wp-json\/wp\/v2\/types\/product"}],"version-history":[{"count":0,"href":"https:\/\/prilux.es\/fr\/wp-json\/wp\/v2\/product\/1707931\/revisions"}],"wp:featuredmedia":[{"embeddable":true,"href":"https:\/\/prilux.es\/fr\/wp-json\/wp\/v2\/media\/1707520"}],"wp:attachment":[{"href":"https:\/\/prilux.es\/fr\/wp-json\/wp\/v2\/media?parent=1707931"}],"wp:term":[{"taxonomy":"product_cat","embeddable":true,"href":"https:\/\/prilux.es\/fr\/wp-json\/wp\/v2\/product_cat?post=1707931"},{"taxonomy":"product_tag","embeddable":true,"href":"https:\/\/prilux.es\/fr\/wp-json\/wp\/v2\/product_tag?post=1707931"},{"taxonomy":"familia","embeddable":true,"href":"https:\/\/prilux.es\/fr\/wp-json\/wp\/v2\/familia?post=1707931"}],"curies":[{"name":"wp","href":"https:\/\/api.w.org\/{rel}","templated":true}]}}