{"id":1709433,"date":"2025-05-29T12:41:45","date_gmt":"2025-05-29T11:41:45","guid":{"rendered":"https:\/\/prilux.es\/product\/fisense-globe-smart-7w-827-e27\/"},"modified":"2025-05-29T12:41:54","modified_gmt":"2025-05-29T11:41:54","slug":"fisense-globe-smart-7w-827-e27","status":"publish","type":"product","link":"https:\/\/prilux.es\/fr\/produit\/fisense-globe-smart-7w-827-e27\/","title":{"rendered":"FISENSE GLOBE SMART 7W 827 E27"},"content":{"rendered":"<p>Lampe LED intelligente FiSENSE GLOBE avec une puissance de 7W, 230V AC, de la famille PRILUX LED SMART. C&rsquo;est une lampe \u00e0 technologie LED qui permet des \u00e9conomies de consommation consid\u00e9rables et poss\u00e8de l&rsquo;excellent certificat d&rsquo;efficacit\u00e9 de classe A +, qui la certifie. Cela se traduit par une \u00e9conomie de consommation de 88% par rapport \u00e0 l&rsquo;utilisation de lampes \u00e0 incandescence traditionnelles. Cette lampe de tr\u00e8s faible puissance a un filament LED. \u00c9quip\u00e9 d&rsquo;une temp\u00e9rature de couleur de 2700K et d&rsquo;une source de lumi\u00e8re LED aux tons chauds. Il offre un flux lumineux de 768 lumens. En plus d&rsquo;\u00e9conomiser sur la consommation, cette lampe a une longue dur\u00e9e de vie de 20 000 heures, r\u00e9duisant au minimum ses co\u00fbts d&rsquo;entretien. L&rsquo;angle du faisceau est de 360 \u00b0, et l&rsquo;\u00e9clairage de l&rsquo;espace est de la plus haute qualit\u00e9 gr\u00e2ce \u00e0 son indice de rendu des couleurs Ra&gt; 80, qui assure une reproduction fid\u00e8le des couleurs des objets \u00e9clair\u00e9s. La lampe intelligente fiSENSE GLOBE a une douille E27 et un diffuseur transparent. Il a une forme sph\u00e9rique et mesure \u00f895 x 135 mm.<\/p>\n","protected":false},"excerpt":{"rendered":"<p>Lampe LED intelligente FiSENSE GLOBE avec une puissance de 7W \u00e0 230V AC. Il permet une \u00e9conomie de 88%, avec un d\u00e9bit de 768lm 2700K. Prise E27.<\/p>\n","protected":false},"featured_media":1709222,"template":"","meta":[],"product_cat":[6124],"product_tag":[],"familia":[],"acf":[],"_links":{"self":[{"href":"https:\/\/prilux.es\/fr\/wp-json\/wp\/v2\/product\/1709433"}],"collection":[{"href":"https:\/\/prilux.es\/fr\/wp-json\/wp\/v2\/product"}],"about":[{"href":"https:\/\/prilux.es\/fr\/wp-json\/wp\/v2\/types\/product"}],"version-history":[{"count":0,"href":"https:\/\/prilux.es\/fr\/wp-json\/wp\/v2\/product\/1709433\/revisions"}],"wp:featuredmedia":[{"embeddable":true,"href":"https:\/\/prilux.es\/fr\/wp-json\/wp\/v2\/media\/1709222"}],"wp:attachment":[{"href":"https:\/\/prilux.es\/fr\/wp-json\/wp\/v2\/media?parent=1709433"}],"wp:term":[{"taxonomy":"product_cat","embeddable":true,"href":"https:\/\/prilux.es\/fr\/wp-json\/wp\/v2\/product_cat?post=1709433"},{"taxonomy":"product_tag","embeddable":true,"href":"https:\/\/prilux.es\/fr\/wp-json\/wp\/v2\/product_tag?post=1709433"},{"taxonomy":"familia","embeddable":true,"href":"https:\/\/prilux.es\/fr\/wp-json\/wp\/v2\/familia?post=1709433"}],"curies":[{"name":"wp","href":"https:\/\/api.w.org\/{rel}","templated":true}]}}