{"id":1752524,"date":"2025-06-05T15:53:32","date_gmt":"2025-06-05T14:53:32","guid":{"rendered":"https:\/\/prilux.es\/product\/essense-flame-basic-5w-827-e14-erp-2\/"},"modified":"2025-06-05T16:04:53","modified_gmt":"2025-06-05T15:04:53","slug":"essense-flame-basic-5w-827-e14-erp-2","status":"publish","type":"product","link":"https:\/\/prilux.es\/fr\/produit\/essense-flame-basic-5w-827-e14-erp-2\/","title":{"rendered":"ESSENSE FLAME BASIC 5W 827 E14 ERP"},"content":{"rendered":"<p>L\u00e1mpara ESSENSE FLAME BASIC de 5W de potencia, a 230V AC, de la familia PRILUX LED BASIC. Es una l\u00e1mpara con tecnolog\u00eda LED que aporta un considerable ahorro de consumo, y cuenta con el certificado de eficiencia de excelente clase A+, que as\u00ed lo certifica. Esto se traduce en un ahorro de consumo de un 87% en comparaci\u00f3n al uso de l\u00e1mparas incandescentes tradicionales. ESSENSE FLAME BASIC est\u00e1 equipada con LEDs de 3.000K de temperatura de color y tono de luz c\u00e1lido, y ofrece un flujo luminoso de 489 l\u00famenes. Adem\u00e1s del ahorro en el consumo, esta l\u00e1mpara tiene una extensa vida \u00fatil de 15.000 horas, reduciendo al m\u00ednimo su coste de mantenimiento. El \u00e1ngulo de apertura del haz de luz es de 280\u00b0, y la iluminaci\u00f3n del espacio es de primera calidad gracias a su \u00edndice de reproducci\u00f3n crom\u00e1tica Ra&gt;80, que asegura una reproducci\u00f3n fiel de los colores de los objetos iluminados. La l\u00e1mpara ESSENSE FLAME BASIC cuenta con un casquillo E14, un difusor opal y es de color blanco. Tiene forma de vela y unas dimensiones de \u00f835x102mm.<\/p>\n","protected":false},"excerpt":{"rendered":"<p>l\u00e1mpara led,l\u00e1mpara ESSENSE FLAME basic,ESSENSE FLAME basic,prilux led,prilux led basic,l\u00e1mpara led ESSENSE FLAME basic,l\u00e1mpara prilux,l\u00e1mpara ahorro de consumo,l\u00e1mpara eficiente,l\u00e1mpara baja potencia,l\u00e1mpara muy bajo consumo,l\u00e1mpara a+<\/p>\n","protected":false},"featured_media":1752103,"template":"","meta":[],"product_cat":[6124],"product_tag":[],"familia":[{"id":22430,"name":"ESSENSE FLAME","slug":"essense-flame-fr"}],"acf":[],"_links":{"self":[{"href":"https:\/\/prilux.es\/fr\/wp-json\/wp\/v2\/product\/1752524"}],"collection":[{"href":"https:\/\/prilux.es\/fr\/wp-json\/wp\/v2\/product"}],"about":[{"href":"https:\/\/prilux.es\/fr\/wp-json\/wp\/v2\/types\/product"}],"version-history":[{"count":0,"href":"https:\/\/prilux.es\/fr\/wp-json\/wp\/v2\/product\/1752524\/revisions"}],"wp:featuredmedia":[{"embeddable":true,"href":"https:\/\/prilux.es\/fr\/wp-json\/wp\/v2\/media\/1752103"}],"wp:attachment":[{"href":"https:\/\/prilux.es\/fr\/wp-json\/wp\/v2\/media?parent=1752524"}],"wp:term":[{"taxonomy":"product_cat","embeddable":true,"href":"https:\/\/prilux.es\/fr\/wp-json\/wp\/v2\/product_cat?post=1752524"},{"taxonomy":"product_tag","embeddable":true,"href":"https:\/\/prilux.es\/fr\/wp-json\/wp\/v2\/product_tag?post=1752524"},{"taxonomy":"familia","embeddable":true,"href":"https:\/\/prilux.es\/fr\/wp-json\/wp\/v2\/familia?post=1752524"}],"curies":[{"name":"wp","href":"https:\/\/api.w.org\/{rel}","templated":true}]}}