{"id":1761065,"date":"2025-06-06T12:34:25","date_gmt":"2025-06-06T11:34:25","guid":{"rendered":"https:\/\/prilux.es\/product\/kentau-avant-cl-6w-830-125mm-220-240v-blanc\/"},"modified":"2025-06-06T12:34:39","modified_gmt":"2025-06-06T11:34:39","slug":"kentau-avant-cl-6w-830-125mm-220-240v-blanc","status":"publish","type":"product","link":"https:\/\/prilux.es\/fr\/produit\/kentau-avant-cl-6w-830-125mm-220-240v-blanc\/","title":{"rendered":"KENTAU AVANT CL 6W 830 125MM 220-240V BLANC"},"content":{"rendered":"<p>Downlight LED KENTAU AVANT CL 6W de la famille PRILUX. KENTAU CL est un downlight basse consommation au design simple, pur, \u00e9l\u00e9gant et compact. Son installation est ais\u00e9e, gr\u00e2ce \u00e0 sa technologie CELLTECH, qui simplifie grandement l&rsquo;installation du driver. La possibilit\u00e9 de choisir entre ses 4 tailles, ses 2 temp\u00e9ratures de couleur, sa forme carr\u00e9e ou circulaire et son installation encastr\u00e9e ou en surface font de ce Downlight le plus polyvalent et attractif du march\u00e9. Le pilote est \u00e9galement amovible et interchangeable. Le support KENTAU AVANT CL LED est encastr\u00e9, bien qu&rsquo;il puisse \u00e9galement \u00eatre install\u00e9 en surface, \u00e0 l&rsquo;aide d&rsquo;un accessoire. Le downlight LED KENTAU AVANT CL, de forme carr\u00e9e, a un corps en aluminium et un diffuseur en polycarbonate, et est blanc. Adapt\u00e9 \u00e0 l&rsquo;\u00e9clairage int\u00e9rieur, le luminaire a un indice de protection IP20, bien qu&rsquo;il soit IP44 une fois le downlight install\u00e9. La dur\u00e9e de vie utile de la LED KENTAU CL est L70&gt; 50 000h. Faible consommation, ce downlight a une puissance de 6W et un flux lumineux de 563 lumens, sous une tension de 230V AC. Le downlight est \u00e9quip\u00e9 de lampes LED avec une temp\u00e9rature de couleur de 3000K et une tonalit\u00e9 de lumi\u00e8re chaude. Dot\u00e9 de bonnes qualit\u00e9s lumineuses, il pr\u00e9sente un indice de rendu des couleurs Ra&gt; 80, ce qui assure une reproduction fid\u00e8le des couleurs des objets \u00e9clair\u00e9s.<\/p>\n","protected":false},"excerpt":{"rendered":"<p>Downlight LED KENTAU AVANT 6W, 230V AC, d\u00e9bit 563lm et 3000K, forme carr\u00e9e et blanc. Facile \u00e0 installer, montage polyvalent et technologie CellTech.<\/p>\n","protected":false},"featured_media":1729602,"template":"","meta":[],"product_cat":[6131],"product_tag":[],"familia":[{"id":22481,"name":"KENTAU","slug":"kentau-fr"}],"acf":[],"_links":{"self":[{"href":"https:\/\/prilux.es\/fr\/wp-json\/wp\/v2\/product\/1761065"}],"collection":[{"href":"https:\/\/prilux.es\/fr\/wp-json\/wp\/v2\/product"}],"about":[{"href":"https:\/\/prilux.es\/fr\/wp-json\/wp\/v2\/types\/product"}],"version-history":[{"count":0,"href":"https:\/\/prilux.es\/fr\/wp-json\/wp\/v2\/product\/1761065\/revisions"}],"wp:featuredmedia":[{"embeddable":true,"href":"https:\/\/prilux.es\/fr\/wp-json\/wp\/v2\/media\/1729602"}],"wp:attachment":[{"href":"https:\/\/prilux.es\/fr\/wp-json\/wp\/v2\/media?parent=1761065"}],"wp:term":[{"taxonomy":"product_cat","embeddable":true,"href":"https:\/\/prilux.es\/fr\/wp-json\/wp\/v2\/product_cat?post=1761065"},{"taxonomy":"product_tag","embeddable":true,"href":"https:\/\/prilux.es\/fr\/wp-json\/wp\/v2\/product_tag?post=1761065"},{"taxonomy":"familia","embeddable":true,"href":"https:\/\/prilux.es\/fr\/wp-json\/wp\/v2\/familia?post=1761065"}],"curies":[{"name":"wp","href":"https:\/\/api.w.org\/{rel}","templated":true}]}}