{"id":1780929,"date":"2025-06-11T08:34:02","date_gmt":"2025-06-11T07:34:02","guid":{"rendered":"https:\/\/prilux.es\/product\/kentau-avant-cl-20w-940-225mm-220-240v-blanc\/"},"modified":"2025-06-11T08:34:10","modified_gmt":"2025-06-11T07:34:10","slug":"kentau-avant-cl-20w-940-225mm-220-240v-blanc","status":"publish","type":"product","link":"https:\/\/prilux.es\/fr\/produit\/kentau-avant-cl-20w-940-225mm-220-240v-blanc\/","title":{"rendered":"KENTAU AVANT CL 20W 940 225MM 220-240V BLANC"},"content":{"rendered":"<p>KENTAU AVANT CL Downlight \u00e0 LED, 14W, de la famille KENTAU AVANT CL. KENTAU AVANT CL est un downlight \u00e0 faible consommation d&rsquo;\u00e9nergie, au design simple, \u00e9pur\u00e9, \u00e9l\u00e9gant et compact. Il est facile \u00e0 installer gr\u00e2ce \u00e0 la technologie CELLTECH, qui simplifie grandement l&rsquo;installation du driver. La possibilit\u00e9 de choisir entre ses 4 tailles, ses 2 temp\u00e9ratures de couleur, sa forme carr\u00e9e ou circulaire et son installation encastr\u00e9e ou en surface font de ce downlight le plus polyvalent et le plus attractif du march\u00e9. Le driver est \u00e9galement amovible et interchangeable. Le downlight LED KENTAU AVANT CL est encastr\u00e9, mais il peut \u00e9galement \u00eatre mont\u00e9 en saillie \u00e0 l&rsquo;aide d&rsquo;un accessoire. De forme carr\u00e9e, le downlight KENTAU AVANT CL LED est compos\u00e9 d&rsquo;un corps en aluminium et d&rsquo;un diffuseur en polycarbonate, de couleur blanche. Adapt\u00e9 \u00e0 l&rsquo;\u00e9clairage int\u00e9rieur, le luminaire pr\u00e9sente un indice de protection IP20, qui devient IP44 une fois le downlight install\u00e9. La dur\u00e9e de vie du LED KENTAU AVANT CL est de L70&gt;50 000h. Ce downlight \u00e0 \u00e9conomie d&rsquo;\u00e9nergie a une puissance de 14W et un flux lumineux de 1680 lumens \u00e0 une tension de 230V AC. Le downlight est \u00e9quip\u00e9 de lampes LED 4000K avec une temp\u00e9rature de couleur et une tonalit\u00e9 de lumi\u00e8re chaude. Dot\u00e9 de bonnes qualit\u00e9s d&rsquo;\u00e9clairage, il a un indice de rendu des couleurs de Ra&gt;80, ce qui assure une reproduction fid\u00e8le des couleurs des objets \u00e9clair\u00e9s.<\/p>\n","protected":false},"excerpt":{"rendered":"<p>KENTAU AVANT LED downlight, 230V AC, carr\u00e9 et circulaire en blanc et gris. Installation facile, montage polyvalent et technologie CellTech.<\/p>\n","protected":false},"featured_media":1729606,"template":"","meta":[],"product_cat":[6131],"product_tag":[],"familia":[{"id":22481,"name":"KENTAU","slug":"kentau-fr"}],"acf":[],"_links":{"self":[{"href":"https:\/\/prilux.es\/fr\/wp-json\/wp\/v2\/product\/1780929"}],"collection":[{"href":"https:\/\/prilux.es\/fr\/wp-json\/wp\/v2\/product"}],"about":[{"href":"https:\/\/prilux.es\/fr\/wp-json\/wp\/v2\/types\/product"}],"version-history":[{"count":0,"href":"https:\/\/prilux.es\/fr\/wp-json\/wp\/v2\/product\/1780929\/revisions"}],"wp:featuredmedia":[{"embeddable":true,"href":"https:\/\/prilux.es\/fr\/wp-json\/wp\/v2\/media\/1729606"}],"wp:attachment":[{"href":"https:\/\/prilux.es\/fr\/wp-json\/wp\/v2\/media?parent=1780929"}],"wp:term":[{"taxonomy":"product_cat","embeddable":true,"href":"https:\/\/prilux.es\/fr\/wp-json\/wp\/v2\/product_cat?post=1780929"},{"taxonomy":"product_tag","embeddable":true,"href":"https:\/\/prilux.es\/fr\/wp-json\/wp\/v2\/product_tag?post=1780929"},{"taxonomy":"familia","embeddable":true,"href":"https:\/\/prilux.es\/fr\/wp-json\/wp\/v2\/familia?post=1780929"}],"curies":[{"name":"wp","href":"https:\/\/api.w.org\/{rel}","templated":true}]}}