{"id":211055,"date":"2021-10-25T14:04:29","date_gmt":"2021-10-25T13:04:29","guid":{"rendered":"https:\/\/www.web.prilux.cloud\/product\/icon-par56-smart-led-18w-rgb-on-off\/"},"modified":"2023-08-17T09:41:13","modified_gmt":"2023-08-17T08:41:13","slug":"icon-par56-smart-led-18w-rgb-on-off","status":"publish","type":"product","link":"https:\/\/prilux.es\/fr\/produit\/icon-par56-smart-led-18w-rgb-on-off\/","title":{"rendered":"ICON PAR56 SMART LED 18W RGB ON\/OFF"},"content":{"rendered":"<p>Ic\u00f4ne de lampe LED basse consommation PAR 56 smart, de la famille Prilux LED SMART. Avec une puissance de 18W, \u00e0 une tension de 12V AC et 1500mA d&rsquo;intensit\u00e9. La lampe \u00e0 \u00e9conomie d&rsquo;\u00e9nergie offre un \u00e9clairage color\u00e9 gr\u00e2ce \u00e0 sa lampe RGB. Pour le contr\u00f4le marche \/ arr\u00eat avec le contr\u00f4leur RGB avec t\u00e9l\u00e9commande (r\u00e9f. 164122). Cette lampe circulaire a un angle de faisceau de 100 \u00b0. Il a une longue dur\u00e9e de vie de L70&gt; 50 000 heures d&rsquo;utilisation. Il est adapt\u00e9 \u00e0 une utilisation en ext\u00e9rieur: gr\u00e2ce \u00e0 son indice de protection exceptionnel IP68, il est prot\u00e9g\u00e9 contre les intemp\u00e9ries et lui permet d&rsquo;\u00eatre utilis\u00e9 dans des environnements humides ou humides. Avec un indice de rendu des couleurs Ra&gt; 80, cette lampe \u00e9claire fid\u00e8lement les couleurs des objets \u00e9clair\u00e9s. Il est capable de travailler \u00e0 des temp\u00e9ratures allant de -10 \u00b0 C \u00e0 45 \u00b0 C. Les dimensions de cette lampe intelligente icon PAR 56 sont de \u00f8177 x 105 mm.<\/p>\n","protected":false},"excerpt":{"rendered":"<p>Lampe LED intelligente Icon PAR 56 avec une puissance de 18W, 12V AC, avec \u00e9clairage couleur RVB marche \/ arr\u00eat. Avec r\u00e9sistance IP68, pour une utilisation dans des environnements ext\u00e9rieurs et humides.<\/p>\n","protected":false},"featured_media":50846,"template":"","meta":[],"product_cat":[15],"product_tag":[],"familia":[],"acf":[],"_links":{"self":[{"href":"https:\/\/prilux.es\/fr\/wp-json\/wp\/v2\/product\/211055"}],"collection":[{"href":"https:\/\/prilux.es\/fr\/wp-json\/wp\/v2\/product"}],"about":[{"href":"https:\/\/prilux.es\/fr\/wp-json\/wp\/v2\/types\/product"}],"version-history":[{"count":0,"href":"https:\/\/prilux.es\/fr\/wp-json\/wp\/v2\/product\/211055\/revisions"}],"wp:featuredmedia":[{"embeddable":true,"href":"https:\/\/prilux.es\/fr\/wp-json\/wp\/v2\/media\/50846"}],"wp:attachment":[{"href":"https:\/\/prilux.es\/fr\/wp-json\/wp\/v2\/media?parent=211055"}],"wp:term":[{"taxonomy":"product_cat","embeddable":true,"href":"https:\/\/prilux.es\/fr\/wp-json\/wp\/v2\/product_cat?post=211055"},{"taxonomy":"product_tag","embeddable":true,"href":"https:\/\/prilux.es\/fr\/wp-json\/wp\/v2\/product_tag?post=211055"},{"taxonomy":"familia","embeddable":true,"href":"https:\/\/prilux.es\/fr\/wp-json\/wp\/v2\/familia?post=211055"}],"curies":[{"name":"wp","href":"https:\/\/api.w.org\/{rel}","templated":true}]}}