{"id":212003,"date":"2021-10-25T13:50:26","date_gmt":"2021-10-25T12:50:26","guid":{"rendered":"https:\/\/www.web.prilux.cloud\/product\/essense-standard-basic-105w-850-e27-230v-erp\/"},"modified":"2024-10-28T10:46:32","modified_gmt":"2024-10-28T09:46:32","slug":"essense-standard-basic-105w-850-e27-230v-erp","status":"publish","type":"product","link":"https:\/\/prilux.es\/fr\/produit\/essense-standard-basic-105w-850-e27-230v-erp\/","title":{"rendered":"ESSENSE STANDARD BASIC 10,5W 850 E27 230V ERP"},"content":{"rendered":"<p>Lampe basique EsSENSE STANDARD d&rsquo;une puissance de 9,5W, \u00e0 une tension de 230V AC, de la famille PRILUX LED BASIC. C&rsquo;est une lampe de forme standard qui permet des \u00e9conomies de consommation consid\u00e9rables gr\u00e2ce \u00e0 sa technologie LED, et poss\u00e8de le remarquable certificat d&rsquo;efficacit\u00e9 de classe A +, qui la certifie ainsi. Cela se traduit par une \u00e9conomie de consommation de 84% par rapport \u00e0 l&rsquo;utilisation de lampes \u00e0 incandescence traditionnelles. esSENSE STANDARD basic est \u00e9quip\u00e9 de LED 4 000K avec une temp\u00e9rature de couleur et une tonalit\u00e9 de lumi\u00e8re neutre, et offre un flux lumineux de 1160 lumens. En plus d&rsquo;\u00e9conomiser sur la consommation, cette lampe a une longue dur\u00e9e de vie de 15 000 heures, r\u00e9duisant au minimum ses co\u00fbts de maintenance. L&rsquo;\u00e9clairage de l&rsquo;espace est de la plus haute qualit\u00e9 gr\u00e2ce \u00e0 un angle d&rsquo;ouverture tr\u00e8s large (180 \u00b0) et \u00e0 l&rsquo;indice de rendu des couleurs Ra&gt; 80, qui assure une reproduction fid\u00e8le des couleurs des objets \u00e9clair\u00e9s. La lampe basique esSENSE STANDARD a une douille E27, un diffuseur opale et est blanche. Avec une forme de lampe standard classique, ses dimensions sont \u00f870 x 129 mm.<\/p>\n","protected":false},"excerpt":{"rendered":"<p>Lampe LED basique EsSENSE STANDARD avec une puissance de 9,5W \u00e0 230V AC, avec un d\u00e9bit de 1160lm et 4000K. Avec un angle d&rsquo;ouverture de 180 \u00b0 et une douille E27. Pour une \u00e9conomie d&rsquo;\u00e9nergie de 84%.<\/p>\n","protected":false},"featured_media":51504,"template":"","meta":[],"product_cat":[15],"product_tag":[],"familia":[{"id":22437,"name":"ESSENSE STANDARD","slug":"essense-standard-fr"}],"acf":[],"_links":{"self":[{"href":"https:\/\/prilux.es\/fr\/wp-json\/wp\/v2\/product\/212003"}],"collection":[{"href":"https:\/\/prilux.es\/fr\/wp-json\/wp\/v2\/product"}],"about":[{"href":"https:\/\/prilux.es\/fr\/wp-json\/wp\/v2\/types\/product"}],"version-history":[{"count":0,"href":"https:\/\/prilux.es\/fr\/wp-json\/wp\/v2\/product\/212003\/revisions"}],"wp:featuredmedia":[{"embeddable":true,"href":"https:\/\/prilux.es\/fr\/wp-json\/wp\/v2\/media\/51504"}],"wp:attachment":[{"href":"https:\/\/prilux.es\/fr\/wp-json\/wp\/v2\/media?parent=212003"}],"wp:term":[{"taxonomy":"product_cat","embeddable":true,"href":"https:\/\/prilux.es\/fr\/wp-json\/wp\/v2\/product_cat?post=212003"},{"taxonomy":"product_tag","embeddable":true,"href":"https:\/\/prilux.es\/fr\/wp-json\/wp\/v2\/product_tag?post=212003"},{"taxonomy":"familia","embeddable":true,"href":"https:\/\/prilux.es\/fr\/wp-json\/wp\/v2\/familia?post=212003"}],"curies":[{"name":"wp","href":"https:\/\/api.w.org\/{rel}","templated":true}]}}