{"id":212237,"date":"2021-10-25T13:57:46","date_gmt":"2021-10-25T12:57:46","guid":{"rendered":"https:\/\/www.web.prilux.cloud\/product\/dacil-57w-865-1500mm-ip65\/"},"modified":"2025-05-29T09:57:16","modified_gmt":"2025-05-29T08:57:16","slug":"dacil-57w-865-1500mm-ip65","status":"publish","type":"product","link":"https:\/\/prilux.es\/fr\/produit\/dacil-57w-865-1500mm-ip65\/","title":{"rendered":"DACIL 57W 865 1500MM IP65"},"content":{"rendered":"<p>Le luminaire LED D\u00c1CIL 57W est un luminaire efficace pour l&rsquo;\u00e9clairage d&rsquo;espaces industriels, de la famille PRILUX INDUSTRIAL INTERIOR LED. Convient aux espaces exigeants, \u00e0 la fois \u00e0 l&rsquo;int\u00e9rieur et \u00e0 l&rsquo;ext\u00e9rieur, bien qu&rsquo;il ne soit pas adapt\u00e9 \u00e0 l&rsquo;exposition aux rayons UVA. Son installation s&rsquo;effectue en surface, au plafond, \u00e0 l&rsquo;aide du clip de fixation. Il poss\u00e8de les excellents indices de protection IP65 et IK07. Le luminaire allong\u00e9 a un corps en polycarbonate blanc et un diffuseur de protection en polycarbonate opale. Adapt\u00e9 \u00e0 la connexion en ligne, D\u00c1CIL LED dispose d&rsquo;un connecteur rapide, pour une connexion rapide sans avoir \u00e0 ouvrir le luminaire. Le nombre maximum d&rsquo;unit\u00e9s 57W connect\u00e9es en ligne est de 13. Equip\u00e9 de la technologie LED, c&rsquo;est un luminaire \u00e0 faible consommation d&rsquo;\u00e9nergie, d&rsquo;une puissance de 57W \u00e0 230V AC, et d&rsquo;un flux lumineux LED de 8 364 lumens. \u00c9quip\u00e9 de lampes LED de 6500K de temp\u00e9rature de couleur et de tonalit\u00e9 de lumi\u00e8re froide. Dot\u00e9 de bonnes qualit\u00e9s d&rsquo;\u00e9clairage, il pr\u00e9sente un indice de rendu des couleurs Ra&gt; 80, ce qui assure une reproduction fid\u00e8le des couleurs des objets \u00e9clair\u00e9s. Pour un confort accru et durable, D\u00c1CIL LED a une longue dur\u00e9e de vie de L70&gt; 30 000h. Il a des dimensions de 1500 x 84 x 71 mm.<\/p>\n","protected":false},"excerpt":{"rendered":"<p>Luminaire LED D\u00c1CIL d&rsquo;une puissance de 57W, 230V AC. C&rsquo;est un luminaire LED pour les environnements industriels exigeants, avec 8364lm et 6 500K. R\u00e9sistant, IP65 et IK07.<\/p>\n","protected":false},"featured_media":1703132,"template":"","meta":[],"product_cat":[6130,6134,6136],"product_tag":[],"familia":[{"id":22411,"name":"DACIL","slug":"dacil-fr"}],"acf":[],"_links":{"self":[{"href":"https:\/\/prilux.es\/fr\/wp-json\/wp\/v2\/product\/212237"}],"collection":[{"href":"https:\/\/prilux.es\/fr\/wp-json\/wp\/v2\/product"}],"about":[{"href":"https:\/\/prilux.es\/fr\/wp-json\/wp\/v2\/types\/product"}],"version-history":[{"count":0,"href":"https:\/\/prilux.es\/fr\/wp-json\/wp\/v2\/product\/212237\/revisions"}],"wp:featuredmedia":[{"embeddable":true,"href":"https:\/\/prilux.es\/fr\/wp-json\/wp\/v2\/media\/1703132"}],"wp:attachment":[{"href":"https:\/\/prilux.es\/fr\/wp-json\/wp\/v2\/media?parent=212237"}],"wp:term":[{"taxonomy":"product_cat","embeddable":true,"href":"https:\/\/prilux.es\/fr\/wp-json\/wp\/v2\/product_cat?post=212237"},{"taxonomy":"product_tag","embeddable":true,"href":"https:\/\/prilux.es\/fr\/wp-json\/wp\/v2\/product_tag?post=212237"},{"taxonomy":"familia","embeddable":true,"href":"https:\/\/prilux.es\/fr\/wp-json\/wp\/v2\/familia?post=212237"}],"curies":[{"name":"wp","href":"https:\/\/api.w.org\/{rel}","templated":true}]}}