{"id":212362,"date":"2021-10-25T14:08:46","date_gmt":"2021-10-25T13:08:46","guid":{"rendered":"https:\/\/www.web.prilux.cloud\/product\/essense-ball-basic-5w-830-e27-230v-erp\/"},"modified":"2023-08-16T13:06:35","modified_gmt":"2023-08-16T12:06:35","slug":"essense-ball-basic-5w-830-e27-230v-erp","status":"publish","type":"product","link":"https:\/\/prilux.es\/fr\/produit\/essense-ball-basic-5w-830-e27-230v-erp\/","title":{"rendered":"ESSENSE BALL BASIC 5W 830 E27 230V ErP"},"content":{"rendered":"<p>Lampe basique EsSENSE BALL d&rsquo;une puissance de 4,5W, \u00e0 une tension de 230V AC, de la famille PRILUX LED BASIC. C&rsquo;est une lampe sph\u00e9rique \u00e0 technologie LED qui permet des \u00e9conomies de consommation consid\u00e9rables, et poss\u00e8de le remarquable certificat d&rsquo;efficacit\u00e9 de classe A +, qui la certifie ainsi. Cela se traduit par une \u00e9conomie de consommation de 87% par rapport \u00e0 l&rsquo;utilisation de lampes \u00e0 incandescence traditionnelles. EsSENSE BALL basic est \u00e9quip\u00e9 de LED 3000K avec une temp\u00e9rature de couleur et une tonalit\u00e9 de lumi\u00e8re chaude, et offre un flux lumineux de 491 lumens. En plus d&rsquo;\u00e9conomiser sur la consommation, cette lampe a une longue dur\u00e9e de vie de 15 000 heures, r\u00e9duisant au minimum ses co\u00fbts de maintenance. L&rsquo;angle de faisceau est de 180 \u00b0: cette lampe offre une distribution extraordinaire et son \u00e9clairage de l&rsquo;espace est de la plus haute qualit\u00e9 gr\u00e2ce \u00e0 l&rsquo;indice de rendu des couleurs Ra&gt; 80, ce qui assure une reproduction fid\u00e8le des couleurs des objets \u00e9clair\u00e9s. La lampe basique esSENSE BALL a une douille E27, un diffuseur opale et est blanche. Il a une forme sph\u00e9rique et sph\u00e9rique et ses dimensions sont de \u00f845 x 82 mm.<\/p>\n","protected":false},"excerpt":{"rendered":"<p>Lampe LED basique EsSENSE BALL, forme sph\u00e9rique, puissance 4,5W \u00e0 230V AC, flux 491lm et 3000K. Le chapeau est E27. Tr\u00e8s faible consommation, pour une \u00e9conomie de 87%.<\/p>\n","protected":false},"featured_media":50483,"template":"","meta":[],"product_cat":[15],"product_tag":[],"familia":[{"id":22427,"name":"ESSENSE BALL","slug":"essense-ball-fr"}],"acf":[],"_links":{"self":[{"href":"https:\/\/prilux.es\/fr\/wp-json\/wp\/v2\/product\/212362"}],"collection":[{"href":"https:\/\/prilux.es\/fr\/wp-json\/wp\/v2\/product"}],"about":[{"href":"https:\/\/prilux.es\/fr\/wp-json\/wp\/v2\/types\/product"}],"version-history":[{"count":0,"href":"https:\/\/prilux.es\/fr\/wp-json\/wp\/v2\/product\/212362\/revisions"}],"wp:featuredmedia":[{"embeddable":true,"href":"https:\/\/prilux.es\/fr\/wp-json\/wp\/v2\/media\/50483"}],"wp:attachment":[{"href":"https:\/\/prilux.es\/fr\/wp-json\/wp\/v2\/media?parent=212362"}],"wp:term":[{"taxonomy":"product_cat","embeddable":true,"href":"https:\/\/prilux.es\/fr\/wp-json\/wp\/v2\/product_cat?post=212362"},{"taxonomy":"product_tag","embeddable":true,"href":"https:\/\/prilux.es\/fr\/wp-json\/wp\/v2\/product_tag?post=212362"},{"taxonomy":"familia","embeddable":true,"href":"https:\/\/prilux.es\/fr\/wp-json\/wp\/v2\/familia?post=212362"}],"curies":[{"name":"wp","href":"https:\/\/api.w.org\/{rel}","templated":true}]}}