{"id":212431,"date":"2021-10-25T13:49:41","date_gmt":"2021-10-25T12:49:41","guid":{"rendered":"https:\/\/www.web.prilux.cloud\/product\/favria-blanc-30w-840-230v\/"},"modified":"2025-05-29T08:47:53","modified_gmt":"2025-05-29T07:47:53","slug":"favria-blanc-30w-840-230v","status":"publish","type":"product","link":"https:\/\/prilux.es\/fr\/produit\/favria-blanc-30w-840-230v\/","title":{"rendered":"FAVRIA BLANC 30W 840 230V"},"content":{"rendered":"<p>Le luminaire FAVRIA LED 30W est un luminaire basse consommation pour l&rsquo;\u00e9clairage int\u00e9rieur, de la famille PRILUX SILVER LED. Efficace et efficace, FAVRIA est un luminaire \u00e0 faible consommation adapt\u00e9 \u00e0 l&rsquo;\u00e9clairage des espaces int\u00e9rieurs gr\u00e2ce \u00e0 son indice de protection IP40. Il a \u00e9galement une longue dur\u00e9e de vie, L70&gt; 25 000h. Il est mont\u00e9 en surface, au plafond. Le luminaire circulaire \u00e0 LED a un corps en polycarbonate blanc et un diffuseur en polycarbonate opale. \u00c9quip\u00e9 de la technologie LED, FAVRIA est un luminaire de puissance 30W \u00e0 230V AC et 140mA d&rsquo;intensit\u00e9. Avec un flux lumineux de 2 992 lumens. \u00c9quip\u00e9 de lampes LED 4000K avec une temp\u00e9rature de couleur et un ton neutre. L&rsquo;angle du faisceau est de 125 \u00b0. Dot\u00e9 de bonnes qualit\u00e9s lumineuses, il pr\u00e9sente un indice de rendu des couleurs Ra&gt; 80, ce qui assure une reproduction fid\u00e8le des couleurs des objets \u00e9clair\u00e9s. FAVRIA a des dimensions de \u00f8290 x 70mm.<\/p>\n","protected":false},"excerpt":{"rendered":"<p>Luminaire LED FAVRIA de 30W \u00e0 230V AC, circulaire et blanc, 4000K. Avec un flux de 2992lm, pour un \u00e9clairage basse consommation. Pour montage en surface.<\/p>\n","protected":false},"featured_media":1700479,"template":"","meta":[],"product_cat":[6131],"product_tag":[],"familia":[{"id":22440,"name":"FAVRIA","slug":"favria-fr"}],"acf":[],"_links":{"self":[{"href":"https:\/\/prilux.es\/fr\/wp-json\/wp\/v2\/product\/212431"}],"collection":[{"href":"https:\/\/prilux.es\/fr\/wp-json\/wp\/v2\/product"}],"about":[{"href":"https:\/\/prilux.es\/fr\/wp-json\/wp\/v2\/types\/product"}],"version-history":[{"count":0,"href":"https:\/\/prilux.es\/fr\/wp-json\/wp\/v2\/product\/212431\/revisions"}],"wp:featuredmedia":[{"embeddable":true,"href":"https:\/\/prilux.es\/fr\/wp-json\/wp\/v2\/media\/1700479"}],"wp:attachment":[{"href":"https:\/\/prilux.es\/fr\/wp-json\/wp\/v2\/media?parent=212431"}],"wp:term":[{"taxonomy":"product_cat","embeddable":true,"href":"https:\/\/prilux.es\/fr\/wp-json\/wp\/v2\/product_cat?post=212431"},{"taxonomy":"product_tag","embeddable":true,"href":"https:\/\/prilux.es\/fr\/wp-json\/wp\/v2\/product_tag?post=212431"},{"taxonomy":"familia","embeddable":true,"href":"https:\/\/prilux.es\/fr\/wp-json\/wp\/v2\/familia?post=212431"}],"curies":[{"name":"wp","href":"https:\/\/api.w.org\/{rel}","templated":true}]}}