{"id":212511,"date":"2022-07-08T14:33:51","date_gmt":"2022-07-08T13:33:51","guid":{"rendered":"https:\/\/www.web.prilux.cloud\/product\/icon-evo-smart-6w-830-gu10-230v-60o-erp-2\/"},"modified":"2026-01-22T08:02:06","modified_gmt":"2026-01-22T07:02:06","slug":"icon-evo-smart-6w-830-gu10-230v-60o-erp","status":"publish","type":"product","link":"https:\/\/prilux.es\/fr\/produit\/icon-evo-smart-6w-830-gu10-230v-60o-erp\/","title":{"rendered":"ICON EVO SMART 6W 830 GU10 230V 60\u00ba ERP"},"content":{"rendered":"","protected":false},"excerpt":{"rendered":"<p>l\u00e1mpara led,l\u00e1mpara ICON EVO smart,ICON EVO smart,prilux led,prilux led smart,l\u00e1mpara led ICON EVO smart,l\u00e1mpara prilux,l\u00e1mpara ahorro de consumo,l\u00e1mpara eficiente,l\u00e1mpara baja potencia,iluminaci\u00f3n baja potencia,iluminaci\u00f3n ahorro de consumo<\/p>\n","protected":false},"featured_media":2304117,"template":"","meta":[],"product_cat":[15],"product_tag":[],"familia":[{"id":22465,"name":"ICON","slug":"icon-fr"}],"acf":[],"_links":{"self":[{"href":"https:\/\/prilux.es\/fr\/wp-json\/wp\/v2\/product\/212511"}],"collection":[{"href":"https:\/\/prilux.es\/fr\/wp-json\/wp\/v2\/product"}],"about":[{"href":"https:\/\/prilux.es\/fr\/wp-json\/wp\/v2\/types\/product"}],"version-history":[{"count":0,"href":"https:\/\/prilux.es\/fr\/wp-json\/wp\/v2\/product\/212511\/revisions"}],"wp:featuredmedia":[{"embeddable":true,"href":"https:\/\/prilux.es\/fr\/wp-json\/wp\/v2\/media\/2304117"}],"wp:attachment":[{"href":"https:\/\/prilux.es\/fr\/wp-json\/wp\/v2\/media?parent=212511"}],"wp:term":[{"taxonomy":"product_cat","embeddable":true,"href":"https:\/\/prilux.es\/fr\/wp-json\/wp\/v2\/product_cat?post=212511"},{"taxonomy":"product_tag","embeddable":true,"href":"https:\/\/prilux.es\/fr\/wp-json\/wp\/v2\/product_tag?post=212511"},{"taxonomy":"familia","embeddable":true,"href":"https:\/\/prilux.es\/fr\/wp-json\/wp\/v2\/familia?post=212511"}],"curies":[{"name":"wp","href":"https:\/\/api.w.org\/{rel}","templated":true}]}}