{"id":212582,"date":"2022-01-05T14:29:40","date_gmt":"2022-01-05T13:29:40","guid":{"rendered":"https:\/\/www.web.prilux.cloud\/product\/icon-evo-smart-7w-850-gu10-230v-35\/"},"modified":"2026-01-22T08:02:26","modified_gmt":"2026-01-22T07:02:26","slug":"icon-evo-smart-7w-850-gu10-230v-35","status":"publish","type":"product","link":"https:\/\/prilux.es\/fr\/produit\/icon-evo-smart-7w-850-gu10-230v-35\/","title":{"rendered":"ICON EVO SMART 7W 850\u00a0GU10 230V 35\u00b0"},"content":{"rendered":"<p>Lampe LED \u00e0 \u00e9conomie d&rsquo;\u00e9nergie intelligente Icon EVO, de la famille Prilux LED SMART. Avec une puissance de 7W, sous une tension de 230V AC. La lampe \u00e0 \u00e9conomie d&rsquo;\u00e9nergie offre un flux lumineux de 622 lumens et est \u00e9quip\u00e9e de lampes LED avec une temp\u00e9rature de couleur de 5000 K et un ton l\u00e9g\u00e8rement froid. Cette lampe, qui a un corps blanc, a une douille GU10, et l&rsquo;angle du faisceau est de 35 \u00b0. Les excellentes \u00e9conomies de consommation offertes par cette lampe sont d\u00e9montr\u00e9es par sa classe d&rsquo;efficacit\u00e9 \u00e9nerg\u00e9tique, qui correspond \u00e0 la classe A +. Cette \u00e9conomie, combin\u00e9e \u00e0 sa longue dur\u00e9e de vie qui d\u00e9passe les 40 000 heures d&rsquo;utilisation, en fait une lampe avec un co\u00fbt d&rsquo;entretien minimum et qui repr\u00e9sente une \u00e9conomie de consommation de 90% par rapport \u00e0 celle d&rsquo;une lampe halog\u00e8ne. Avec un indice de rendu des couleurs Ra&gt; 80, cette lampe \u00e9claire fid\u00e8lement les couleurs des objets \u00e9clair\u00e9s. Il a la capacit\u00e9 de fonctionner \u00e0 des temp\u00e9ratures allant de -5 \u00b0 C \u00e0 35 \u00b0 C. Les dimensions de cette lampe intelligente icon EVO sont de \u00f850 x 58 mm.<\/p>\n","protected":false},"excerpt":{"rendered":"<p>Lampe LED intelligente Icon EVO avec une puissance de 7W, 230V AC, 5000K et un flux de 622lm. Avec un angle d&rsquo;ouverture de 35 \u00b0 et une douille GU10. Pour une \u00e9conomie d&rsquo;\u00e9nergie de 90%.<\/p>\n","protected":false},"featured_media":2304128,"template":"","meta":[],"product_cat":[15],"product_tag":[],"familia":[{"id":22465,"name":"ICON","slug":"icon-fr"}],"acf":[],"_links":{"self":[{"href":"https:\/\/prilux.es\/fr\/wp-json\/wp\/v2\/product\/212582"}],"collection":[{"href":"https:\/\/prilux.es\/fr\/wp-json\/wp\/v2\/product"}],"about":[{"href":"https:\/\/prilux.es\/fr\/wp-json\/wp\/v2\/types\/product"}],"version-history":[{"count":0,"href":"https:\/\/prilux.es\/fr\/wp-json\/wp\/v2\/product\/212582\/revisions"}],"wp:featuredmedia":[{"embeddable":true,"href":"https:\/\/prilux.es\/fr\/wp-json\/wp\/v2\/media\/2304128"}],"wp:attachment":[{"href":"https:\/\/prilux.es\/fr\/wp-json\/wp\/v2\/media?parent=212582"}],"wp:term":[{"taxonomy":"product_cat","embeddable":true,"href":"https:\/\/prilux.es\/fr\/wp-json\/wp\/v2\/product_cat?post=212582"},{"taxonomy":"product_tag","embeddable":true,"href":"https:\/\/prilux.es\/fr\/wp-json\/wp\/v2\/product_tag?post=212582"},{"taxonomy":"familia","embeddable":true,"href":"https:\/\/prilux.es\/fr\/wp-json\/wp\/v2\/familia?post=212582"}],"curies":[{"name":"wp","href":"https:\/\/api.w.org\/{rel}","templated":true}]}}