{"id":213140,"date":"2021-10-25T13:49:00","date_gmt":"2021-10-25T12:49:00","guid":{"rendered":"https:\/\/www.web.prilux.cloud\/product\/dacil-18w-865-600mm-ip65\/"},"modified":"2025-05-29T09:57:23","modified_gmt":"2025-05-29T08:57:23","slug":"dacil-18w-865-600mm-ip65","status":"publish","type":"product","link":"https:\/\/prilux.es\/fr\/produit\/dacil-18w-865-600mm-ip65\/","title":{"rendered":"DACIL 18W 865 600MM IP65"},"content":{"rendered":"<p>Le luminaire LED D\u00c1CIL 18W est un luminaire efficace pour l&rsquo;\u00e9clairage d&rsquo;espaces industriels, de la famille PRILUX INDUSTRIAL INTERIOR LED. Convient aux espaces exigeants, \u00e0 la fois \u00e0 l&rsquo;int\u00e9rieur et \u00e0 l&rsquo;ext\u00e9rieur, bien qu&rsquo;il ne soit pas adapt\u00e9 \u00e0 l&rsquo;exposition aux rayons UVA. Son installation s&rsquo;effectue en surface, au plafond, \u00e0 l&rsquo;aide du clip de fixation. Il poss\u00e8de les excellents indices de protection IP65 et IK07. Le luminaire allong\u00e9 a un corps en polycarbonate blanc et un diffuseur de protection en polycarbonate opale. Adapt\u00e9 \u00e0 la connexion en ligne, D\u00c1CIL LED dispose d&rsquo;un connecteur rapide, pour une connexion rapide sans avoir \u00e0 ouvrir le luminaire. Le nombre maximum d&rsquo;unit\u00e9s 18W connect\u00e9es en ligne est de 32. Equip\u00e9 de la technologie LED, c&rsquo;est un luminaire \u00e0 faible consommation d&rsquo;\u00e9nergie, avec une puissance de 18W \u00e0 230V AC et un flux lumineux LED de 3 090 lumens. \u00c9quip\u00e9 de lampes LED de 6500K de temp\u00e9rature de couleur et de tonalit\u00e9 de lumi\u00e8re froide. Dot\u00e9 de bonnes qualit\u00e9s d&rsquo;\u00e9clairage, il pr\u00e9sente un indice de rendu des couleurs Ra&gt; 80, ce qui assure une reproduction fid\u00e8le des couleurs des objets \u00e9clair\u00e9s. Pour un confort accru et durable, D\u00c1CIL LED a une longue dur\u00e9e de vie de L70&gt; 30 000h. Il a des dimensions de 600 x 84 x 71 mm.<\/p>\n","protected":false},"excerpt":{"rendered":"<p>Luminaire LED D\u00c1CIL avec une puissance de 18W, 230V AC. C&rsquo;est un luminaire LED pour les environnements industriels exigeants, avec 3090lm et 6500K. R\u00e9sistant, IP65 et IK07.<\/p>\n","protected":false},"featured_media":1703132,"template":"","meta":[],"product_cat":[6130,6134,6136],"product_tag":[],"familia":[{"id":22411,"name":"DACIL","slug":"dacil-fr"}],"acf":{"codigo_corto_maestro":"534505","manual":"https:\/\/d7rh5s3nxmpy4.cloudfront.net\/CMP1303\/files\/6\/m-dacil-led.pdf","dc_eu":"https:\/\/d7rh5s3nxmpy4.cloudfront.net\/CMP1303\/files\/4\/dc-dacil-led.pdf","dossier":"https:\/\/d7rh5s3nxmpy4.cloudfront.net\/CMP1303\/files\/3\/ds-soluciones.pdf","grafico":"https:\/\/d7rh5s3nxmpy4.cloudfront.net\/CMP1303\/1\/gr-dacil-600.jpg","video":"","etiqueta_energetica":"https:\/\/d7rh5s3nxmpy4.cloudfront.net\/CMP1303\/files\/2\/gr-cee-luminaria-led.pdf","url_imagen_alta":"","informacion":"TXT012","descripcion_bc3_auto":"-","bloque_aplicaciones":"<div class=\"bloque_aplicaciones\">\n        <div><img class=\"bloque_imagen\" src=\"http:\/\/d7rh5s3nxmpy4.cloudfront.net\/CMP1303\/files\/gs-ico-grandes-superficies.svg\" alt=\"Grandes Superficies\">\n                        <p>Grandes surfaces<\/p>\n                        \n                    <\/div><div><img class=\"bloque_imagen\" src=\"http:\/\/d7rh5s3nxmpy4.cloudfront.net\/CMP1303\/files\/gs-ico-industria-logistica.svg\" alt=\"Industria\/Log\u00edstica\">\n                        <p>Industrie\/Logistique<\/p>\n                        \n                    <\/div><div><img class=\"bloque_imagen\" src=\"http:\/\/d7rh5s3nxmpy4.cloudfront.net\/CMP1303\/files\/gs-ico-parking-cubierto.svg\" alt=\"Parkings cubiertos\">\n                        <p>Parkings couverts<\/p>\n                        \n                    <\/div>\n        <\/div>","bloque_dimensiones":"<div class=\"tabla_montaje\">\n                    <div>\n                        <p class=\"blockName\">Dimensions et montage<\/p>\n                        <div class=\"\">\n  <div>\n  \n      <table>\n        <tbody>\n        <tr>\n            <td><div><p><i aria-hidden=\"true\" class=\"prilux prilux-prilux_ico-peso\"><\/i>Poids<\/p><\/div><\/td>\n            <td>0.7Kg<\/td>\n          <\/tr><tr>\n            <td><div><p><i aria-hidden=\"true\" class=\"prilux prilux-prilux_ico-dimensiones\"><\/i>Dimensions<\/p><\/div><\/td>\n            <td>600x84x71mm<\/td>\n          <\/tr><tr>\n            <td><div><p><i aria-hidden=\"true\" class=\"prilux prilux-prilux_ico-emalmable\"><\/i>Empalmable<\/p><\/div><\/td>\n            <td>NON<\/td>\n          <\/tr><tr>\n            <td><div><p><i aria-hidden=\"true\" class=\"prilux prilux-prilux_ico-iluminacion-directa-indirecta\"><\/i>\u00c9clairage<\/p><\/div><\/td>\n            <td>Directa<\/td>\n          <\/tr>\n        <\/tbody>\n      <\/table>\n  <\/div>\n  <\/div>\n                    <\/div>\n                    <div class=\"tabla_montaje_imgs\">\n                        <img src=\"https:\/\/d7rh5s3nxmpy4.cloudfront.net\/CMP1303\/files\/gr-dacil-600.svg\" alt=\"Avatar\">\n                        \n                    <\/div>\n                <\/div>","tabla_caracteristicas":"<div class=\"tabla_caracteristicas\">\n  <table>\n  <thead>\n    <tr>\n    <th><i aria-hidden=\"true\" class=\"prilux prilux-prilux_ico-codigo\"><\/i><\/th><th><i aria-hidden=\"true\" class=\"prilux prilux-prilux_ico-potencia_led_w\"><\/i><\/th><th><i aria-hidden=\"true\" class=\"prilux prilux-prilux_ico-potencia\"><\/i><\/th><th><i aria-hidden=\"true\" class=\"prilux prilux-prilux_ico-flujo-luminoso-led\"><\/i><\/th><th><i aria-hidden=\"true\" class=\"prilux prilux-prilux_ico-flujo-luminoso-luminaria\"><\/i><\/th><th><i aria-hidden=\"true\" class=\"prilux prilux-prilux_ico-cct\"><\/i><\/th><th><i aria-hidden=\"true\" class=\"prilux prilux-prilux_ico-cri\"><\/i><\/th><th><i aria-hidden=\"true\" class=\"prilux prilux-prilux_ico-dimensiones\"><\/i><\/th>\n    <\/tr>\n  <\/thead>\n  <tbody>\n    <tr>\n    <td>534505<\/td><td>16<\/td><td>18<\/td><td>2962<\/td><td>2512<\/td><td>6500K<\/td><td>80<\/td><td>600x84x71<\/td>\n    <\/tr>\n  <\/tbody>\n  <\/table>\n  <div\/>","tabla_descargas":"<div class=\"tabla_descargas\">\n        <div class=\"tabla_descargas_img\">\n        <img src=\"https:\/\/d7rh5s3nxmpy4.cloudfront.net\/CMP1303\/1\/prilux-dacil.jpg\" \/>\n        <\/div>\n        <div class=\"tabla_descargas_table\">\n          <table>\n          <tbody><tr>\n            <td><img src=\"https:\/\/www.prilux.es\/wp-content\/uploads\/2021\/12\/icono-catalogo-1.svg\"\/><p>Code SKU<\/p><\/td>\n            <td>534505<\/td>\n          <\/tr><tr>\n            <td><img src=\"https:\/\/www.prilux.es\/wp-content\/uploads\/2021\/12\/icono-catalogo-1.svg\"\/><p>Fiche technique SKU<\/p><\/td>\n            <td><a title=\"Ficha t\u00e9cnica\" href=\"https:\/\/storage.googleapis.com\/prilux-web-fichas\/ft-534505-DACIL_600MM_fr.pdf\" class=\"DownloadButton\" target=\"_blank\" rel=\"noopener noreferrer\"><span>T\u00c9L\u00c9CHARGER<\/span><i aria-hidden=\"true\" class=\"far fa-arrow-alt-circle-down\"><\/a><\/td>\n          <\/tr><tr>\n            <td><img src=\"https:\/\/www.prilux.es\/wp-content\/uploads\/2021\/12\/icono-catalogo-1.svg\"\/><p>Fiche technique du mod\u00e8le<\/p><\/td>\n            <td><a title=\"Ficha T\u00e9cnica modelo\" href=\"https:\/\/storage.googleapis.com\/prilux-web-fichas\/ft-DACIL_600MM_fr.pdf\" class=\"DownloadButton\" target=\"_blank\" rel=\"noopener noreferrer\"><span>T\u00c9L\u00c9CHARGER<\/span><i aria-hidden=\"true\" class=\"far fa-arrow-alt-circle-down\"><\/a><\/td>\n          <\/tr><tr>\n            <td><img src=\"https:\/\/www.prilux.es\/wp-content\/uploads\/2021\/12\/icono-catalogo-1.svg\"\/><p>Courbe photom\u00e9trique SKU<\/p><\/td>\n            <td><a title=\"Curva fotom\u00e9trica\" href=\"https:\/\/d7rh5s3nxmpy4.cloudfront.net\/CMP1303\/files\/dacil_865_16w_600mm_ip65-534505.zip\" class=\"DownloadButton\" target=\"_blank\" rel=\"noopener noreferrer\"><span>T\u00c9L\u00c9CHARGER<\/span><i aria-hidden=\"true\" class=\"far fa-arrow-alt-circle-down\"><\/a><\/td>\n          <\/tr><tr>\n            <td><img src=\"https:\/\/www.prilux.es\/wp-content\/uploads\/2021\/12\/icono-catalogo-1.svg\"\/><p>Courbe photom\u00e9trique du mod\u00e8le<\/p><\/td>\n            <td><a title=\"Curva fotom\u00e9trica modelo\" href=\"https:\/\/d7rh5s3nxmpy4.cloudfront.net\/CMP1303\/files\/2\/dacil.zip\" class=\"DownloadButton\" target=\"_blank\" rel=\"noopener noreferrer\"><span>T\u00c9L\u00c9CHARGER<\/span><i aria-hidden=\"true\" class=\"far fa-arrow-alt-circle-down\"><\/a><\/td>\n          <\/tr><tr>\n            <td><img src=\"https:\/\/www.prilux.es\/wp-content\/uploads\/2021\/12\/icono-catalogo-1.svg\"\/><p>D\u00e9claration de conformit\u00e9<\/p><\/td>\n            <td><a title=\"Declaraci\u00f3n de conformidad\" href=\"https:\/\/d7rh5s3nxmpy4.cloudfront.net\/CMP1303\/files\/4\/dc-dacil-led.pdf\" class=\"DownloadButton\" target=\"_blank\" rel=\"noopener noreferrer\"><span>T\u00c9L\u00c9CHARGER<\/span><i aria-hidden=\"true\" class=\"far fa-arrow-alt-circle-down\"><\/a><\/td>\n          <\/tr><tr>\n            <td><img src=\"https:\/\/www.prilux.es\/wp-content\/uploads\/2021\/12\/icono-catalogo-1.svg\"\/><p>Instructions d\u2019installation<\/p><\/td>\n            <td><a title=\"Manual\" href=\"https:\/\/d7rh5s3nxmpy4.cloudfront.net\/CMP1303\/files\/6\/m-dacil-led.pdf\" class=\"DownloadButton\" target=\"_blank\" rel=\"noopener noreferrer\"><span>T\u00c9L\u00c9CHARGER<\/span><i aria-hidden=\"true\" class=\"far fa-arrow-alt-circle-down\"><\/a><\/td>\n          <\/tr><tr>\n          <td><img src=\"https:\/\/www.prilux.es\/wp-content\/uploads\/2021\/12\/icono-catalogo-1.svg\"\/><p>Graphique CAD<\/p><\/td>\n          <td><a title=\"Gr\u00e1fico CAD\" href=\"https:\/\/d7rh5s3nxmpy4.cloudfront.net\/CMP1303\/1\/gr-dacil-600.jpg\" class=\"DownloadButton\" target=\"_blank\" rel=\"noopener noreferrer\"><span>T\u00c9L\u00c9CHARGER<\/span><i aria-hidden=\"true\" class=\"far fa-arrow-alt-circle-down\"><\/a><\/td>\n        <\/tr>\n          <\/tbody>\n          <\/table>\n        <\/div>\n        <\/div>\n        ","tabla_detalle_caracteristicas":"<div class=\"tabla_detalle_caracteristicas\">\n  <div>\n  <p class=\"blockName\">Donn\u00e9es \u00e9lectriques<\/p>\n      <table>\n        <tbody>\n        <tr>\n            <td><div><p><i aria-hidden=\"true\" class=\"prilux prilux-prilux_ico--tension\"><\/i>Tension D`Alimentation (V)<\/p><\/div><\/td>\n            <td>230V<\/td>\n          <\/tr><tr>\n            <td><div><p><i aria-hidden=\"true\" class=\"prilux prilux-prilux_ico-frecuencia-segemnto\"><\/i>Fr\u00e9quence (Hz)<\/p><\/div><\/td>\n            <td>50\/60Hz<\/td>\n          <\/tr><tr>\n            <td><div><p><i aria-hidden=\"true\" class=\"prilux prilux-prilux_ico-factor-potencia\"><\/i>Facteur de puissance (Cos fi)<\/p><\/div><\/td>\n            <td>\u22650,9<\/td>\n          <\/tr><tr>\n            <td><div><p><i aria-hidden=\"true\" class=\"prilux prilux-prilux_ico-protocolo-regulacion-reprogramacion\"><\/i>Att\u00e9nuation<\/p><\/div><\/td>\n            <td>NON<\/td>\n          <\/tr>\n        <\/tbody>\n      <\/table>\n  <\/div><div>\n  <p class=\"blockName\">Dimensions et montage<\/p>\n      <table>\n        <tbody>\n        <tr>\n            <td><div><p><i aria-hidden=\"true\" class=\"prilux prilux-prilux_ico-peso\"><\/i>Poids<\/p><\/div><\/td>\n            <td>0.7Kg<\/td>\n          <\/tr><tr>\n            <td><div><p><i aria-hidden=\"true\" class=\"prilux prilux-prilux_ico-dimensiones\"><\/i>Dimensions<\/p><\/div><\/td>\n            <td>600x84x71mm<\/td>\n          <\/tr><tr>\n            <td><div><p><i aria-hidden=\"true\" class=\"prilux prilux-prilux_ico-emalmable\"><\/i>Empalmable<\/p><\/div><\/td>\n            <td>NON<\/td>\n          <\/tr><tr>\n            <td><div><p><i aria-hidden=\"true\" class=\"prilux prilux-prilux_ico-iluminacion-directa-indirecta\"><\/i>\u00c9clairage<\/p><\/div><\/td>\n            <td>Directa<\/td>\n          <\/tr>\n        <\/tbody>\n      <\/table>\n  <\/div><div>\n  <p class=\"blockName\">Donn\u00e9es optiques<\/p>\n      <table>\n        <tbody>\n        <tr>\n            <td><div><p><i aria-hidden=\"true\" class=\"prilux prilux-prilux_ico-cct\"><\/i>Temp\u00e9rature de coleur<\/p><\/div><\/td>\n            <td>6500K<\/td>\n          <\/tr><tr>\n            <td><div><p><i aria-hidden=\"true\" class=\"prilux prilux-prilux_ico-cri\"><\/i>CRI Indice de rendu des couleurs<\/p><\/div><\/td>\n            <td>80<\/td>\n          <\/tr>\n        <\/tbody>\n      <\/table>\n  <\/div><div>\n  <p class=\"blockName\">Logement et finition<\/p>\n      <table>\n        <tbody>\n        <tr>\n            <td><div><p><i aria-hidden=\"true\" class=\"prilux prilux-prilux_ico-ik-luminaria\"><\/i>IK Protection contre des impacts<\/p><\/div><\/td>\n            <td>IK07<\/td>\n          <\/tr><tr>\n            <td><div><p><i aria-hidden=\"true\" class=\"prilux prilux-prilux_ico-ip-luminaria\"><\/i>Indice d'\u00e9tanch\u00e9it\u00e9 IP<\/p><\/div><\/td>\n            <td>IP65<\/td>\n          <\/tr><tr>\n            <td><div><p><i aria-hidden=\"true\" class=\"prilux prilux-prilux_ico-color\"><\/i>Couleur du corps<\/p><\/div><\/td>\n            <td>Blanc<\/td>\n          <\/tr><tr>\n            <td><div><p><i aria-hidden=\"true\" class=\"prilux prilux-prilux_ico-cuerpo\"><\/i>Corps<\/p><\/div><\/td>\n            <td>PC<\/td>\n          <\/tr>\n        <\/tbody>\n      <\/table>\n  <\/div><div>\n  <p class=\"blockName\">Performance<\/p>\n      <table>\n        <tbody>\n        <tr>\n            <td><div><p><i aria-hidden=\"true\" class=\"prilux prilux-prilux_ico-flujo-luminoso-luminaria\"><\/i>Flux (lm)<\/p><\/div><\/td>\n            <td>2512lm<\/td>\n          <\/tr>\n        <\/tbody>\n      <\/table>\n  <\/div><div>\n  <p class=\"blockName\">Vie<\/p>\n      <table>\n        <tbody>\n        <tr>\n            <td><div><p><i aria-hidden=\"true\" class=\"prilux prilux-prilux_ico-vida-util\"><\/i>Heures de vie<\/p><\/div><\/td>\n            <td>(L70B50>)30.000h<\/td>\n          <\/tr><tr>\n            <td><div><p><i aria-hidden=\"true\" class=\"prilux prilux-prilux_ico-vida-l70\"><\/i>Heures de vie<\/p><\/div><\/td>\n            <td>(L70B50>)30.000h<\/td>\n          <\/tr>\n        <\/tbody>\n      <\/table>\n  <\/div><div>\n  <p class=\"blockName\">Protections<\/p>\n      <table>\n        <tbody>\n        <tr>\n            <td><div><p><i aria-hidden=\"true\" class=\"prilux prilux-prilux_ico-proteccion-sobretensiones\"><\/i>Protection surfaces<\/p><\/div><\/td>\n            <td>NON<\/td>\n          <\/tr>\n        <\/tbody>\n      <\/table>\n  <\/div><div>\n  <p class=\"blockName\">Donn\u00e9es g\u00e9n\u00e9rales<\/p>\n      <table>\n        <tbody>\n        <tr>\n            <td><div><p><i aria-hidden=\"true\" class=\"prilux prilux-prilux_ico-clase-i\"><\/i>Isolation \u00e9lectrique<\/p><\/div><\/td>\n            <td>CCII<\/td>\n          <\/tr>\n        <\/tbody>\n      <\/table>\n  <\/div>\n  <\/div>","bloque_opticos":"<div class=\"tabla_detalle_caracteristicas\">\n            <div><img class=\"bloque_imagen\" src=\"http:\/\/d7rh5s3nxmpy4.cloudfront.net\/CMP1303\/origin\/image\/gr-avatar.jpg\" alt=\"Avatar\"><\/div>\n            <div class=\"\">\n  <div>\n  \n      <table>\n        <tbody>\n        <tr>\n            <td><div><p><i aria-hidden=\"true\" class=\"prilux prilux-prilux_ico-cct\"><\/i>Temp\u00e9rature de coleur<\/p><\/div><\/td>\n            <td>6500K<\/td>\n          <\/tr><tr>\n            <td><div><p><i aria-hidden=\"true\" class=\"prilux prilux-prilux_ico-cri\"><\/i>CRI Indice de rendu des couleurs<\/p><\/div><\/td>\n            <td>80<\/td>\n          <\/tr>\n        <\/tbody>\n      <\/table>\n  <\/div>\n  <\/div>\n            <\/div>","imagen_psd":"","curva_fotometrica_ldt":"https:\/\/d7rh5s3nxmpy4.cloudfront.net\/CMP1303\/files\/dacil_865_16w_600mm_ip65-534505.zip","descarga_ficha_tecnica":"https:\/\/storage.googleapis.com\/prilux-web-fichas\/ft-534505-DACIL_600MM_fr.pdf"},"_links":{"self":[{"href":"https:\/\/prilux.es\/fr\/wp-json\/wp\/v2\/product\/213140"}],"collection":[{"href":"https:\/\/prilux.es\/fr\/wp-json\/wp\/v2\/product"}],"about":[{"href":"https:\/\/prilux.es\/fr\/wp-json\/wp\/v2\/types\/product"}],"version-history":[{"count":0,"href":"https:\/\/prilux.es\/fr\/wp-json\/wp\/v2\/product\/213140\/revisions"}],"wp:featuredmedia":[{"embeddable":true,"href":"https:\/\/prilux.es\/fr\/wp-json\/wp\/v2\/media\/1703132"}],"wp:attachment":[{"href":"https:\/\/prilux.es\/fr\/wp-json\/wp\/v2\/media?parent=213140"}],"wp:term":[{"taxonomy":"product_cat","embeddable":true,"href":"https:\/\/prilux.es\/fr\/wp-json\/wp\/v2\/product_cat?post=213140"},{"taxonomy":"product_tag","embeddable":true,"href":"https:\/\/prilux.es\/fr\/wp-json\/wp\/v2\/product_tag?post=213140"},{"taxonomy":"familia","embeddable":true,"href":"https:\/\/prilux.es\/fr\/wp-json\/wp\/v2\/familia?post=213140"}],"curies":[{"name":"wp","href":"https:\/\/api.w.org\/{rel}","templated":true}]}}