{"id":213916,"date":"2021-10-25T14:12:07","date_gmt":"2021-10-25T13:12:07","guid":{"rendered":"https:\/\/www.web.prilux.cloud\/product\/bendline-35w-80x1200mm-220-240v-840\/"},"modified":"2023-08-09T12:40:58","modified_gmt":"2023-08-09T11:40:58","slug":"bendline-35w-80x1200mm-220-240v-840","status":"publish","type":"product","link":"https:\/\/prilux.es\/fr\/produit\/bendline-35w-80x1200mm-220-240v-840\/","title":{"rendered":"BENDLINE 35W 80X1200MM  220-240V 840"},"content":{"rendered":"<p>Le luminaire LED BENDLINE 35W est un luminaire basse consommation pour l&rsquo;\u00e9clairage int\u00e9rieur, de la famille PRILUX CABINET. La LED BENDLINE est optimale pour une utilisation en int\u00e9rieur car elle ne convient pas \u00e0 l&rsquo;exposition aux rayons UVA. Le luminaire a une forme allong\u00e9e, avec un corps en aluminium blanc et un diffuseur en polycarbonate. Il a un indice de protection IP20. Equip\u00e9 de la technologie LED, c&rsquo;est un luminaire \u00e0 faible consommation d&rsquo;\u00e9nergie, avec une puissance de 35W \u00e0 230V AC, et un flux lumineux LED de 3 956 lumens. \u00c9quip\u00e9 de lampes LED 4000K avec une temp\u00e9rature de couleur et un ton neutre. L&rsquo;angle d&rsquo;ouverture du faisceau lumineux est de 120 \u00b0. Pour un confort accru et durable, BENDLINE LED a une longue dur\u00e9e de vie de L70&gt; 25 000h. Il a des dimensions de 1197 x 80 x 31 mm.<\/p>\n","protected":false},"excerpt":{"rendered":"<p>Luminaire LED BENDLINE avec une puissance de 35W, 230V AC. C&rsquo;est un luminaire LED d&rsquo;int\u00e9rieur, avec 3956lm et 4000K.<\/p>\n","protected":false},"featured_media":52473,"template":"","meta":[],"product_cat":[15],"product_tag":[],"familia":[{"id":22401,"name":"BENDLINE","slug":"bendline-fr"}],"acf":[],"_links":{"self":[{"href":"https:\/\/prilux.es\/fr\/wp-json\/wp\/v2\/product\/213916"}],"collection":[{"href":"https:\/\/prilux.es\/fr\/wp-json\/wp\/v2\/product"}],"about":[{"href":"https:\/\/prilux.es\/fr\/wp-json\/wp\/v2\/types\/product"}],"version-history":[{"count":0,"href":"https:\/\/prilux.es\/fr\/wp-json\/wp\/v2\/product\/213916\/revisions"}],"wp:featuredmedia":[{"embeddable":true,"href":"https:\/\/prilux.es\/fr\/wp-json\/wp\/v2\/media\/52473"}],"wp:attachment":[{"href":"https:\/\/prilux.es\/fr\/wp-json\/wp\/v2\/media?parent=213916"}],"wp:term":[{"taxonomy":"product_cat","embeddable":true,"href":"https:\/\/prilux.es\/fr\/wp-json\/wp\/v2\/product_cat?post=213916"},{"taxonomy":"product_tag","embeddable":true,"href":"https:\/\/prilux.es\/fr\/wp-json\/wp\/v2\/product_tag?post=213916"},{"taxonomy":"familia","embeddable":true,"href":"https:\/\/prilux.es\/fr\/wp-json\/wp\/v2\/familia?post=213916"}],"curies":[{"name":"wp","href":"https:\/\/api.w.org\/{rel}","templated":true}]}}