{"id":214410,"date":"2021-10-25T14:11:46","date_gmt":"2021-10-25T13:11:46","guid":{"rendered":"https:\/\/www.web.prilux.cloud\/product\/dalle-led-etna-slim-60x60-40w-830\/"},"modified":"2023-08-07T12:26:23","modified_gmt":"2023-08-07T11:26:23","slug":"dalle-led-etna-slim-60x60-40w-830","status":"publish","type":"product","link":"https:\/\/prilux.es\/fr\/produit\/dalle-led-etna-slim-60x60-40w-830\/","title":{"rendered":"DALLE LED ETNA SLIM 60X60 40W 830"},"content":{"rendered":"<p>Le luminaire LED 40W Etna Slim, de la gamme Prilux LED Interior Decoration, est la solution optimale pour \u00e9clairer les espaces int\u00e9rieurs, bureaux, salles de classe, b\u00e2timents publics ou similaires, gr\u00e2ce \u00e0 sa faible consommation et son design moderne et simple. Efficace et performant, Etna Slim est un \u00e9cran encastrable adapt\u00e9 aux espaces int\u00e9rieurs, gr\u00e2ce \u00e0 sa qualit\u00e9 d&rsquo;\u00e9clairage et \u00e0 son niveau de protection IP20 et IP40 install\u00e9. Son montage se fait encastr\u00e9 dans le plafond, de sorte que le corps mince du luminaire est cach\u00e9. Le montage en surface est \u00e9galement disponible, en utilisant le tiroir de montage en surface disponible comme accessoire. Son assemblage s&rsquo;adapte aux faux plafonds, qu&rsquo;ils soient fins ou \u00e9pais. Etna Slim, de forme carr\u00e9e, mesure 600 x 600 x 10,5 mm, avec un corps en acier blanc et un diffuseur en polycarbonate. Les dimensions du trou dans le plafond pour le montage sont de 575 x 575 mm. C&rsquo;est un \u00e9cran LED \u00e0 \u00e9conomie de consommation, avec une dur\u00e9e de vie utile de L70&gt; 25 000h. L&rsquo;installation Etna Slim permet de r\u00e9aliser de grandes \u00e9conomies d&rsquo;\u00e9nergie et une bonne luminosit\u00e9, car avec sa technologie LED, elle dispose d&rsquo;une puissance LED de 40W et d&rsquo;un flux lumineux LED de 4583 lumens, \u00e0 une intensit\u00e9 de 1000mA. \u00c9quip\u00e9 de lampes LED 3000K et d&rsquo;une tonalit\u00e9 de lumi\u00e8re chaude. Il poss\u00e8de un indice de rendu des couleurs Ra&gt; 80, ce qui assure une reproduction fid\u00e8le des couleurs des objets \u00e9clair\u00e9s. L&rsquo;angle du faisceau de l&rsquo;Etna Slim est de 120 \u00b0. Sur demande, un kit d&rsquo;urgence et un syst\u00e8me de gradation pour le luminaire sont \u00e9galement disponibles, soit via un syst\u00e8me 1-10V ou DALI.<\/p>\n","protected":false},"excerpt":{"rendered":"<p>Ecran LED encastrable Etna Slim de Prilux square, d&rsquo;une puissance de 40W, 3000K et 4583lm pour un \u00e9clairage basse consommation dans tous types d&rsquo;espaces int\u00e9rieurs.<\/p>\n","protected":false},"featured_media":49988,"template":"","meta":[],"product_cat":[15],"product_tag":[],"familia":[{"id":22439,"name":"ETNA","slug":"etna-fr"}],"acf":[],"_links":{"self":[{"href":"https:\/\/prilux.es\/fr\/wp-json\/wp\/v2\/product\/214410"}],"collection":[{"href":"https:\/\/prilux.es\/fr\/wp-json\/wp\/v2\/product"}],"about":[{"href":"https:\/\/prilux.es\/fr\/wp-json\/wp\/v2\/types\/product"}],"version-history":[{"count":0,"href":"https:\/\/prilux.es\/fr\/wp-json\/wp\/v2\/product\/214410\/revisions"}],"wp:featuredmedia":[{"embeddable":true,"href":"https:\/\/prilux.es\/fr\/wp-json\/wp\/v2\/media\/49988"}],"wp:attachment":[{"href":"https:\/\/prilux.es\/fr\/wp-json\/wp\/v2\/media?parent=214410"}],"wp:term":[{"taxonomy":"product_cat","embeddable":true,"href":"https:\/\/prilux.es\/fr\/wp-json\/wp\/v2\/product_cat?post=214410"},{"taxonomy":"product_tag","embeddable":true,"href":"https:\/\/prilux.es\/fr\/wp-json\/wp\/v2\/product_tag?post=214410"},{"taxonomy":"familia","embeddable":true,"href":"https:\/\/prilux.es\/fr\/wp-json\/wp\/v2\/familia?post=214410"}],"curies":[{"name":"wp","href":"https:\/\/api.w.org\/{rel}","templated":true}]}}