{"id":214460,"date":"2021-10-25T14:06:57","date_gmt":"2021-10-25T13:06:57","guid":{"rendered":"https:\/\/www.web.prilux.cloud\/product\/greco-15w-830-ral9003-ip65\/"},"modified":"2023-08-07T11:54:11","modified_gmt":"2023-08-07T10:54:11","slug":"greco-15w-830-ral9003-ip65","status":"publish","type":"product","link":"https:\/\/prilux.es\/fr\/produit\/greco-15w-830-ral9003-ip65\/","title":{"rendered":"GRECO 15W 830 RAL9003 IP65"},"content":{"rendered":"<p>Le luminaire d&rsquo;ext\u00e9rieur LED Greco 15W est un luminaire de la gamme LED d\u00e9corative d&rsquo;ext\u00e9rieur Prilux, et est la solution parfaite pour un \u00e9clairage \u00e9l\u00e9gant et design pour les espaces ext\u00e9rieurs tels que les jardins ou les terrasses. Efficace, performant et r\u00e9sistant, Greco LED est un luminaire adapt\u00e9 \u00e0 la d\u00e9coration et \u00e0 l&rsquo;\u00e9clairage d&rsquo;espaces ext\u00e9rieurs en plein air gr\u00e2ce \u00e0 sa qualit\u00e9 d&rsquo;\u00e9clairage et son haut niveau de protection IP65 et IK08. Il est mont\u00e9 en surface, sur une paroi verticale. Ce luminaire d\u00e9coratif peut \u00e9clairer l&rsquo;espace en projetant de la lumi\u00e8re directement ou indirectement. Greco, de forme rectangulaire, a un corps en aluminium blanc RAL 9003 et un diffuseur en verre tremp\u00e9 mat. \u00c9conomie de consommation, il a une dur\u00e9e de vie utile de L70&gt; 40 000h. L&rsquo;installation de Greco LED permet des \u00e9conomies d&rsquo;\u00e9nergie importantes et une bonne luminosit\u00e9, puisque, avec sa technologie LED, elle a une puissance de 15W et un flux lumineux LED de 786 lumens. \u00c9quip\u00e9 de lampes LED 3000K et d&rsquo;une tonalit\u00e9 de lumi\u00e8re chaude. L&rsquo;angle de faisceau du faisceau LED Greco est de 100 \u00b0. La qualit\u00e9 d&rsquo;\u00e9clairage de Greco comprend un indice de rendu des couleurs Ra&gt; 80, qui assure une reproduction fid\u00e8le des couleurs des objets \u00e9clair\u00e9s. Ce luminaire ext\u00e9rieur d\u00e9coratif a des dimensions de 220 x 106 x 90 mm.<\/p>\n","protected":false},"excerpt":{"rendered":"<p>Luminaire LED Greco, 15W, 3000K et 786lm pour un \u00e9clairage design et une faible consommation dans les espaces ext\u00e9rieurs tels que les terrasses ou les jardins.<\/p>\n","protected":false},"featured_media":193278,"template":"","meta":[],"product_cat":[15],"product_tag":[],"familia":[{"id":22445,"name":"GRECO","slug":"greco-fr"}],"acf":[],"_links":{"self":[{"href":"https:\/\/prilux.es\/fr\/wp-json\/wp\/v2\/product\/214460"}],"collection":[{"href":"https:\/\/prilux.es\/fr\/wp-json\/wp\/v2\/product"}],"about":[{"href":"https:\/\/prilux.es\/fr\/wp-json\/wp\/v2\/types\/product"}],"version-history":[{"count":0,"href":"https:\/\/prilux.es\/fr\/wp-json\/wp\/v2\/product\/214460\/revisions"}],"wp:featuredmedia":[{"embeddable":true,"href":"https:\/\/prilux.es\/fr\/wp-json\/wp\/v2\/media\/193278"}],"wp:attachment":[{"href":"https:\/\/prilux.es\/fr\/wp-json\/wp\/v2\/media?parent=214460"}],"wp:term":[{"taxonomy":"product_cat","embeddable":true,"href":"https:\/\/prilux.es\/fr\/wp-json\/wp\/v2\/product_cat?post=214460"},{"taxonomy":"product_tag","embeddable":true,"href":"https:\/\/prilux.es\/fr\/wp-json\/wp\/v2\/product_tag?post=214460"},{"taxonomy":"familia","embeddable":true,"href":"https:\/\/prilux.es\/fr\/wp-json\/wp\/v2\/familia?post=214460"}],"curies":[{"name":"wp","href":"https:\/\/api.w.org\/{rel}","templated":true}]}}