{"id":215634,"date":"2021-10-25T14:06:19","date_gmt":"2021-10-25T13:06:19","guid":{"rendered":"https:\/\/www.web.prilux.cloud\/product\/softline-48w-1200x120mm-220-240v-840-2\/"},"modified":"2026-01-28T16:59:48","modified_gmt":"2026-01-28T15:59:48","slug":"softline-48w-1200x120mm-220-240v-840","status":"publish","type":"product","link":"https:\/\/prilux.es\/fr\/produit\/softline-48w-1200x120mm-220-240v-840\/","title":{"rendered":"SOFTLINE 48W 1200X120MM 220-240V 840"},"content":{"rendered":"<p>Le luminaire LED SOFTLINE 48W est un luminaire basse consommation id\u00e9al pour l&rsquo;\u00e9clairage int\u00e9rieur, de la famille PRILUX CABINET. Efficace et performante, la SOFTLINE LED doit \u00eatre install\u00e9e \u00e0 l&rsquo;int\u00e9rieur car elle n&rsquo;est pas adapt\u00e9e \u00e0 l&rsquo;exposition aux rayons UVA. Le luminaire a une forme allong\u00e9e, avec un corps en aluminium blanc et un diffuseur en PMMA. Il a un indice de protection IP20. Equip\u00e9 de la technologie LED, c&rsquo;est un luminaire \u00e0 faible consommation d&rsquo;\u00e9nergie, avec une puissance de 48W \u00e0 230Vac, et un flux lumineux LED de 5429 lumens. \u00c9quip\u00e9 de lampes LED 4000K avec une temp\u00e9rature de couleur et un ton neutre. L&rsquo;angle d&rsquo;ouverture du faisceau lumineux est de 120 \u00b0. Pour un confort accru et durable, SOFTLINE LED a une longue dur\u00e9e de vie de L70&gt; 25 000h. Il a des dimensions de 1213 x 120 x 31 mm.<\/p>\n","protected":false},"excerpt":{"rendered":"<p>Luminaire LED SOFTLINE d&rsquo;une puissance de 48W, 230V AC avec 5429lm de flux et 4000K. C&rsquo;est un luminaire LED id\u00e9al pour l&rsquo;\u00e9clairage int\u00e9rieur.<\/p>\n","protected":false},"featured_media":2315753,"template":"","meta":[],"product_cat":[15],"product_tag":[],"familia":[{"id":22535,"name":"SOFTLINE","slug":"softline-fr"}],"acf":[],"_links":{"self":[{"href":"https:\/\/prilux.es\/fr\/wp-json\/wp\/v2\/product\/215634"}],"collection":[{"href":"https:\/\/prilux.es\/fr\/wp-json\/wp\/v2\/product"}],"about":[{"href":"https:\/\/prilux.es\/fr\/wp-json\/wp\/v2\/types\/product"}],"version-history":[{"count":0,"href":"https:\/\/prilux.es\/fr\/wp-json\/wp\/v2\/product\/215634\/revisions"}],"wp:featuredmedia":[{"embeddable":true,"href":"https:\/\/prilux.es\/fr\/wp-json\/wp\/v2\/media\/2315753"}],"wp:attachment":[{"href":"https:\/\/prilux.es\/fr\/wp-json\/wp\/v2\/media?parent=215634"}],"wp:term":[{"taxonomy":"product_cat","embeddable":true,"href":"https:\/\/prilux.es\/fr\/wp-json\/wp\/v2\/product_cat?post=215634"},{"taxonomy":"product_tag","embeddable":true,"href":"https:\/\/prilux.es\/fr\/wp-json\/wp\/v2\/product_tag?post=215634"},{"taxonomy":"familia","embeddable":true,"href":"https:\/\/prilux.es\/fr\/wp-json\/wp\/v2\/familia?post=215634"}],"curies":[{"name":"wp","href":"https:\/\/api.w.org\/{rel}","templated":true}]}}