{"id":218795,"date":"2021-10-25T13:56:47","date_gmt":"2021-10-25T12:56:47","guid":{"rendered":"https:\/\/www.web.prilux.cloud\/product\/navi-6-5w-45-830-gris\/"},"modified":"2023-08-02T13:49:18","modified_gmt":"2023-08-02T12:49:18","slug":"navi-6-5w-45-830-gris","status":"publish","type":"product","link":"https:\/\/prilux.es\/fr\/produit\/navi-6-5w-45-830-gris\/","title":{"rendered":"NAVI 6.5W 45\u00b0 830 GRIS"},"content":{"rendered":"<p>Le downlight LED NAVI 6,5W est un downlight basse consommation pour l&rsquo;\u00e9clairage int\u00e9rieur, de la famille PRILUX SILVER LED. Efficace et performant, NAVI a une basse consommation certifi\u00e9e pour son excellente classe d&rsquo;efficacit\u00e9 \u00e9nerg\u00e9tique, A +. Il a \u00e9galement une longue dur\u00e9e de vie, L70&gt; 50 000h. Il a une t\u00eate repliable verticalement. Le downlight circulaire \u00e0 LED a un corps en aluminium de couleur nickel avec une finition mate. Convient pour \u00e9clairer les espaces int\u00e9rieurs, avec son indice de protection IP20. Equip\u00e9 de la technologie LED, NAVI est un encastrable avec 6,5W de puissance \u00e0 100-240Vac, et avec un flux lumineux de 528 lumens. \u00c9quip\u00e9 de lampes LED 3000K avec une temp\u00e9rature de couleur et un ton de lumi\u00e8re chaude. L&rsquo;angle d&rsquo;ouverture du faisceau lumineux est de 45 \u00b0. Dot\u00e9 de bonnes qualit\u00e9s lumineuses, il pr\u00e9sente un indice de rendu des couleurs Ra&gt; 80, ce qui assure une reproduction fid\u00e8le des couleurs des objets \u00e9clair\u00e9s. Sur demande, un kit d&rsquo;urgence pour le luminaire et le syst\u00e8me de gradation DALI sont disponibles. Il a des dimensions de \u00f894 x 31mm, bien que la d\u00e9coupe du plafond doive \u00eatre de \u00f875-80mm.<\/p>\n","protected":false},"excerpt":{"rendered":"<p>Encastr\u00e9 LED NAVI 6,5W, 100-240V A, 3000K et 528lm avec un corps en aluminium de couleur nickel mat. Pour des \u00e9conomies d&rsquo;\u00e9nergie \u00e9lev\u00e9es avec la classe d&rsquo;efficacit\u00e9 A +.<\/p>\n","protected":false},"featured_media":51717,"template":"","meta":[],"product_cat":[15],"product_tag":[],"familia":[{"id":22511,"name":"NAVI","slug":"navi-fr"}],"acf":[],"_links":{"self":[{"href":"https:\/\/prilux.es\/fr\/wp-json\/wp\/v2\/product\/218795"}],"collection":[{"href":"https:\/\/prilux.es\/fr\/wp-json\/wp\/v2\/product"}],"about":[{"href":"https:\/\/prilux.es\/fr\/wp-json\/wp\/v2\/types\/product"}],"version-history":[{"count":0,"href":"https:\/\/prilux.es\/fr\/wp-json\/wp\/v2\/product\/218795\/revisions"}],"wp:featuredmedia":[{"embeddable":true,"href":"https:\/\/prilux.es\/fr\/wp-json\/wp\/v2\/media\/51717"}],"wp:attachment":[{"href":"https:\/\/prilux.es\/fr\/wp-json\/wp\/v2\/media?parent=218795"}],"wp:term":[{"taxonomy":"product_cat","embeddable":true,"href":"https:\/\/prilux.es\/fr\/wp-json\/wp\/v2\/product_cat?post=218795"},{"taxonomy":"product_tag","embeddable":true,"href":"https:\/\/prilux.es\/fr\/wp-json\/wp\/v2\/product_tag?post=218795"},{"taxonomy":"familia","embeddable":true,"href":"https:\/\/prilux.es\/fr\/wp-json\/wp\/v2\/familia?post=218795"}],"curies":[{"name":"wp","href":"https:\/\/api.w.org\/{rel}","templated":true}]}}