{"id":221619,"date":"2021-10-25T13:48:01","date_gmt":"2021-10-25T12:48:01","guid":{"rendered":"https:\/\/www.web.prilux.cloud\/product\/lynx-line-alu-1x37w-840-start-end-2\/"},"modified":"2023-08-01T10:26:16","modified_gmt":"2023-08-01T09:26:16","slug":"lynx-line-alu-1x37w-840-start-end","status":"publish","type":"product","link":"https:\/\/prilux.es\/fr\/produit\/lynx-line-alu-1x37w-840-start-end\/","title":{"rendered":"LYNX LINE ALU 1X37W 840 START\/END"},"content":{"rendered":"<p>Le luminaire 37W LYNX LED LINE, de la gamme de LED d\u00e9coratives d&rsquo;int\u00e9rieur de Prilux, est un luminaire pour connexion en ligne, qui fournit un \u00e9clairage moderne et de qualit\u00e9 dans tous les types d&rsquo;int\u00e9rieurs. Faible consommation, LYNX LED LINE est un luminaire con\u00e7u par Prilux et Made in Spain, adapt\u00e9 \u00e0 une utilisation en int\u00e9rieur, avec un indice de protection IP20. Il pr\u00e9sente de bonnes qualit\u00e9s d&rsquo;\u00e9clairage, gr\u00e2ce \u00e0 son indice de rendu des couleurs Ra&gt; 80, qui assure une reproduction fid\u00e8le des couleurs des objets \u00e9clair\u00e9s. La ligne de luminaires peut \u00eatre mont\u00e9e soit sur la surface du plafond, soit suspendue, \u00e0 l&rsquo;aide des accessoires correspondants. Cette section de luminaire doit \u00eatre install\u00e9e au d\u00e9but ou \u00e0 la fin de la ligne continue. LYNX LED LINE a des dimensions de 1 408,5 x 60 x 80 mm, avec un corps en aluminium de couleur gris RAL 9006 et une optique de treillis exclusive en aluminium brillant. C&rsquo;est un luminaire LED \u00e0 faible consommation, avec une dur\u00e9e de vie utile de L70&gt; 50 000h. L&rsquo;installation de LYNX LED LINE permet d&rsquo;importantes \u00e9conomies d&rsquo;\u00e9nergie, puisque, avec ses 90 LED, ce luminaire dispose d&rsquo;une puissance LED de 37W et d&rsquo;un flux lumineux LED de 5013 lumens, \u00e0 une intensit\u00e9 de 390mA. \u00c9quip\u00e9 de lampes LED 4 000K et d&rsquo;une tonalit\u00e9 de lumi\u00e8re neutre, ainsi que d&rsquo;un CCT de 3 000K, 5 000K et 6 500K disponible sur demande. \u00c9galement sur demande, un kit d&rsquo;urgence pour le luminaire et un capteur de pr\u00e9sence et de lumi\u00e8re sont disponibles.<\/p>\n","protected":false},"excerpt":{"rendered":"<p>Luminaire LYNX LED LINE 37W, avec 90 LED de 4000K et 5013lm. Pour le d\u00e9but ou la fin de la connexion en ligne des luminaires. Optique en treillis en aluminium sp\u00e9culaire.<\/p>\n","protected":false},"featured_media":52235,"template":"","meta":[],"product_cat":[15],"product_tag":[],"familia":[{"id":22493,"name":"LYNX LED","slug":"lynx-led-fr"}],"acf":[],"_links":{"self":[{"href":"https:\/\/prilux.es\/fr\/wp-json\/wp\/v2\/product\/221619"}],"collection":[{"href":"https:\/\/prilux.es\/fr\/wp-json\/wp\/v2\/product"}],"about":[{"href":"https:\/\/prilux.es\/fr\/wp-json\/wp\/v2\/types\/product"}],"version-history":[{"count":0,"href":"https:\/\/prilux.es\/fr\/wp-json\/wp\/v2\/product\/221619\/revisions"}],"wp:featuredmedia":[{"embeddable":true,"href":"https:\/\/prilux.es\/fr\/wp-json\/wp\/v2\/media\/52235"}],"wp:attachment":[{"href":"https:\/\/prilux.es\/fr\/wp-json\/wp\/v2\/media?parent=221619"}],"wp:term":[{"taxonomy":"product_cat","embeddable":true,"href":"https:\/\/prilux.es\/fr\/wp-json\/wp\/v2\/product_cat?post=221619"},{"taxonomy":"product_tag","embeddable":true,"href":"https:\/\/prilux.es\/fr\/wp-json\/wp\/v2\/product_tag?post=221619"},{"taxonomy":"familia","embeddable":true,"href":"https:\/\/prilux.es\/fr\/wp-json\/wp\/v2\/familia?post=221619"}],"curies":[{"name":"wp","href":"https:\/\/api.w.org\/{rel}","templated":true}]}}