{"id":221757,"date":"2021-10-25T14:07:41","date_gmt":"2021-10-25T13:07:41","guid":{"rendered":"https:\/\/www.web.prilux.cloud\/product\/tribola-neo-led-9w-niquel-840-ip65-2-2\/"},"modified":"2023-07-13T10:47:35","modified_gmt":"2023-07-13T09:47:35","slug":"tribola-neo-led-9w-niquel-840-ip65-2","status":"publish","type":"product","link":"https:\/\/prilux.es\/fr\/produit\/tribola-neo-led-9w-niquel-840-ip65-2\/","title":{"rendered":"TRIBOLA NEO LED 9W NIQUEL 840 IP65 2&Prime;"},"content":{"rendered":"<p>Encastr\u00e9 LED Tribola NEO 8W, de la gamme Prilux LED Interior Decor pour \u00e9clairer les espaces int\u00e9rieurs tels que les magasins ou similaires, gr\u00e2ce \u00e0 sa faible consommation et son design moderne et simple. Efficace et performant, Tribola NEO est un anneau encastr\u00e9 adapt\u00e9 aux espaces int\u00e9rieurs, gr\u00e2ce \u00e0 sa qualit\u00e9 d&rsquo;\u00e9clairage et son excellent niveau de protection IP65. Son montage est r\u00e9alis\u00e9 encastr\u00e9 dans le plafond, de sorte que le corps du luminaire est cach\u00e9. Son \u00e9clairage est de grande qualit\u00e9, car il poss\u00e8de un indice de rendu des couleurs Ra&gt; 80, ce qui assure une reproduction fid\u00e8le des couleurs des objets \u00e9clair\u00e9s. Il pr\u00e9sente \u00e9galement un indice d&rsquo;\u00e9blouissement unifi\u00e9 UGR &lt;19, ce qui se traduit par un \u00e9blouissement minimal. NEO tribola, de forme circulaire, a des dimensions de \u00f884 x 60mm, avec un corps en aluminium et de couleur nickel, un r\u00e9flecteur en aluminium anodis\u00e9 et un diffuseur en verre transparent. Les dimensions du trou dans le plafond pour le montage sont de \u00f875 mm. \u00c9conomie de consommation, il a une dur\u00e9e de vie utile de L70 &amp; gt; 30 000h. L&#039;installation Tribola NEO permet de grandes \u00e9conomies d&#039;\u00e9nergie et une bonne luminosit\u00e9, puisque, avec sa technologie LED, elle dispose d&#039;une puissance LED de 8W et d&#039;un flux lumineux LED de 879 lumens, \u00e0 une intensit\u00e9 de 670mA. \u00c9quip\u00e9 de lampes LED 4000K et d&#039;une tonalit\u00e9 de lumi\u00e8re neutre. L&#039;angle de faisceau du Tribola NEO est de 45 \u00b0. Sur demande, un kit d&#039;urgence et un syst\u00e8me de gradation pour le luminaire sont \u00e9galement disponibles, soit via un syst\u00e8me 1-10V ou DALI.<\/p>\n","protected":false},"excerpt":{"rendered":"<p>Luminaire LED encastr\u00e9 Tribola Neo d&rsquo;une puissance de 8W, 4000K et 879lm, couleur nickel. Convient pour \u00e9clairer les espaces int\u00e9rieurs.<\/p>\n","protected":false},"featured_media":52286,"template":"","meta":[],"product_cat":[15],"product_tag":[],"familia":[{"id":22548,"name":"TRIBOLA NEO","slug":"tribola-neo-fr"}],"acf":[],"_links":{"self":[{"href":"https:\/\/prilux.es\/fr\/wp-json\/wp\/v2\/product\/221757"}],"collection":[{"href":"https:\/\/prilux.es\/fr\/wp-json\/wp\/v2\/product"}],"about":[{"href":"https:\/\/prilux.es\/fr\/wp-json\/wp\/v2\/types\/product"}],"version-history":[{"count":0,"href":"https:\/\/prilux.es\/fr\/wp-json\/wp\/v2\/product\/221757\/revisions"}],"wp:featuredmedia":[{"embeddable":true,"href":"https:\/\/prilux.es\/fr\/wp-json\/wp\/v2\/media\/52286"}],"wp:attachment":[{"href":"https:\/\/prilux.es\/fr\/wp-json\/wp\/v2\/media?parent=221757"}],"wp:term":[{"taxonomy":"product_cat","embeddable":true,"href":"https:\/\/prilux.es\/fr\/wp-json\/wp\/v2\/product_cat?post=221757"},{"taxonomy":"product_tag","embeddable":true,"href":"https:\/\/prilux.es\/fr\/wp-json\/wp\/v2\/product_tag?post=221757"},{"taxonomy":"familia","embeddable":true,"href":"https:\/\/prilux.es\/fr\/wp-json\/wp\/v2\/familia?post=221757"}],"curies":[{"name":"wp","href":"https:\/\/api.w.org\/{rel}","templated":true}]}}