{"id":221895,"date":"2021-10-25T13:47:56","date_gmt":"2021-10-25T12:47:56","guid":{"rendered":"https:\/\/www.web.prilux.cloud\/product\/lynx-di-1x37w-840-ind-3\/"},"modified":"2023-08-01T10:21:18","modified_gmt":"2023-08-01T09:21:18","slug":"lynx-di-1x37w-840-ind","status":"publish","type":"product","link":"https:\/\/prilux.es\/fr\/produit\/lynx-di-1x37w-840-ind\/","title":{"rendered":"LYNX DI 1X37W 840 IND"},"content":{"rendered":"<p>Le luminaire LED LYNX 37W, de la gamme Prilux Indoor LED, est un luminaire adapt\u00e9 pour un \u00e9clairage d\u00e9coratif efficace et de bonne qualit\u00e9 dans tous les types d&rsquo;int\u00e9rieurs. Faible consommation, LYNX LED est un luminaire con\u00e7u par Prilux et Made in Spain, adapt\u00e9 \u00e0 une utilisation en int\u00e9rieur, avec un indice de protection IP20. Il pr\u00e9sente de bonnes qualit\u00e9s d&rsquo;\u00e9clairage, gr\u00e2ce \u00e0 son indice de rendu des couleurs Ra&gt; 80, qui assure une reproduction fid\u00e8le des couleurs des objets \u00e9clair\u00e9s. Il peut \u00eatre mont\u00e9 soit sur la surface du plafond, soit suspendu, \u00e0 l&rsquo;aide des accessoires correspondants. LYNX LED a des dimensions de 1130 x 60 x 80 mm, avec le corps en aluminium gris RAL 9006 et le diffuseur en polycarbonate opale. C&rsquo;est un luminaire LED \u00e0 faible consommation, avec une dur\u00e9e de vie utile de L70&gt; 50 000h. L&rsquo;installation de LYNX LED permet d&rsquo;importantes \u00e9conomies d&rsquo;\u00e9nergie, puisque, avec ses 90 LED, elle dispose d&rsquo;une puissance LED de 37W et d&rsquo;un flux lumineux LED de 5013 lumens, \u00e0 une intensit\u00e9 de 390mA. \u00c9quip\u00e9 de lampes LED 4 000K et d&rsquo;une tonalit\u00e9 de lumi\u00e8re neutre, ainsi que d&rsquo;un CCT de 3 000K, 5 000K et 6 500K disponible sur demande. \u00c9galement sur demande, un kit d&rsquo;urgence pour le luminaire et un capteur de pr\u00e9sence et de lumi\u00e8re sont disponibles.<\/p>\n","protected":false},"excerpt":{"rendered":"<p>Luminaire LED d\u00e9coratif LYNX LED de Prilux, d&rsquo;une puissance de 37W, avec 90 LED de 4000K CCT et 5013lm. Faible consommation, pour les int\u00e9rieurs. Avec optique diffuseur PC opale.<\/p>\n","protected":false},"featured_media":50113,"template":"","meta":[],"product_cat":[15],"product_tag":[],"familia":[{"id":22493,"name":"LYNX LED","slug":"lynx-led-fr"}],"acf":[],"_links":{"self":[{"href":"https:\/\/prilux.es\/fr\/wp-json\/wp\/v2\/product\/221895"}],"collection":[{"href":"https:\/\/prilux.es\/fr\/wp-json\/wp\/v2\/product"}],"about":[{"href":"https:\/\/prilux.es\/fr\/wp-json\/wp\/v2\/types\/product"}],"version-history":[{"count":0,"href":"https:\/\/prilux.es\/fr\/wp-json\/wp\/v2\/product\/221895\/revisions"}],"wp:featuredmedia":[{"embeddable":true,"href":"https:\/\/prilux.es\/fr\/wp-json\/wp\/v2\/media\/50113"}],"wp:attachment":[{"href":"https:\/\/prilux.es\/fr\/wp-json\/wp\/v2\/media?parent=221895"}],"wp:term":[{"taxonomy":"product_cat","embeddable":true,"href":"https:\/\/prilux.es\/fr\/wp-json\/wp\/v2\/product_cat?post=221895"},{"taxonomy":"product_tag","embeddable":true,"href":"https:\/\/prilux.es\/fr\/wp-json\/wp\/v2\/product_tag?post=221895"},{"taxonomy":"familia","embeddable":true,"href":"https:\/\/prilux.es\/fr\/wp-json\/wp\/v2\/familia?post=221895"}],"curies":[{"name":"wp","href":"https:\/\/api.w.org\/{rel}","templated":true}]}}