{"id":222350,"date":"2021-10-25T13:52:37","date_gmt":"2021-10-25T12:52:37","guid":{"rendered":"https:\/\/www.web.prilux.cloud\/product\/sura-12w-direct-indirect-830-ral7010-ip65-2\/"},"modified":"2023-08-07T11:46:55","modified_gmt":"2023-08-07T10:46:55","slug":"sura-12w-direct-indirect-830-ral7010-ip65","status":"publish","type":"product","link":"https:\/\/prilux.es\/fr\/produit\/sura-12w-direct-indirect-830-ral7010-ip65\/","title":{"rendered":"SURA 12W DIRECT\/INDIRECT\u00a0830 RAL7010 IP65"},"content":{"rendered":"<p>Le luminaire d&rsquo;ext\u00e9rieur 12W Sura LED est un luminaire de la gamme LED d\u00e9corative d&rsquo;ext\u00e9rieur Prilux, excellent pour un \u00e9clairage \u00e9l\u00e9gant et design pour les espaces ext\u00e9rieurs tels que les jardins ou les terrasses. Efficace, efficace et r\u00e9sistant, Sura LED est un luminaire adapt\u00e9 \u00e0 la d\u00e9coration et \u00e0 l&rsquo;\u00e9clairage d&rsquo;espaces ext\u00e9rieurs en plein air gr\u00e2ce \u00e0 sa qualit\u00e9 d&rsquo;\u00e9clairage et son haut niveau de protection IP65 et IK08. Il est mont\u00e9 en surface, sur une paroi verticale. Ce mod\u00e8le illumine l&rsquo;espace en projetant de la lumi\u00e8re \u00e0 la fois directement et indirectement. Sura, de forme rectangulaire, a un corps en aluminium gris fonc\u00e9 RAL 7010 et un diffuseur en verre transparent. \u00c9conomie de consommation, il a une dur\u00e9e de vie utile de L70&gt; 40 000h. L&rsquo;installation de Sura LED permet de r\u00e9aliser de nombreuses \u00e9conomies d&rsquo;\u00e9nergie et une bonne luminosit\u00e9, car avec sa technologie LED, elle dispose d&rsquo;une puissance LED de 12W et d&rsquo;un flux lumineux LED de 1044 lumens. \u00c9quip\u00e9 de lampes LED 3000K et d&rsquo;une tonalit\u00e9 de lumi\u00e8re chaude. L&rsquo;angle du faisceau de Sura LED est de 77 \u00b0. La qualit\u00e9 d&rsquo;\u00e9clairage de Sura comprend un indice de rendu des couleurs Ra&gt; 80, qui assure une reproduction fid\u00e8le des couleurs des objets \u00e9clair\u00e9s. Ce luminaire ext\u00e9rieur d\u00e9coratif a des dimensions de 60 x 128 x 56 mm.<\/p>\n","protected":false},"excerpt":{"rendered":"<p>Luminaire LED Sura, 12W, 3000K et 1044lm pour un \u00e9clairage design, basse consommation et \u00e9clairage direct et indirect dans les espaces ext\u00e9rieurs tels que les terrasses ou les jardins.<\/p>\n","protected":false},"featured_media":51629,"template":"","meta":[],"product_cat":[15],"product_tag":[],"familia":[{"id":22543,"name":"SURA","slug":"sura-fr"}],"acf":[],"_links":{"self":[{"href":"https:\/\/prilux.es\/fr\/wp-json\/wp\/v2\/product\/222350"}],"collection":[{"href":"https:\/\/prilux.es\/fr\/wp-json\/wp\/v2\/product"}],"about":[{"href":"https:\/\/prilux.es\/fr\/wp-json\/wp\/v2\/types\/product"}],"version-history":[{"count":0,"href":"https:\/\/prilux.es\/fr\/wp-json\/wp\/v2\/product\/222350\/revisions"}],"wp:featuredmedia":[{"embeddable":true,"href":"https:\/\/prilux.es\/fr\/wp-json\/wp\/v2\/media\/51629"}],"wp:attachment":[{"href":"https:\/\/prilux.es\/fr\/wp-json\/wp\/v2\/media?parent=222350"}],"wp:term":[{"taxonomy":"product_cat","embeddable":true,"href":"https:\/\/prilux.es\/fr\/wp-json\/wp\/v2\/product_cat?post=222350"},{"taxonomy":"product_tag","embeddable":true,"href":"https:\/\/prilux.es\/fr\/wp-json\/wp\/v2\/product_tag?post=222350"},{"taxonomy":"familia","embeddable":true,"href":"https:\/\/prilux.es\/fr\/wp-json\/wp\/v2\/familia?post=222350"}],"curies":[{"name":"wp","href":"https:\/\/api.w.org\/{rel}","templated":true}]}}