{"id":222633,"date":"2021-10-25T14:06:40","date_gmt":"2021-10-25T13:06:40","guid":{"rendered":"https:\/\/www.web.prilux.cloud\/product\/iseo-led-8w-12v-6500k-ip68-2\/"},"modified":"2026-01-20T22:45:56","modified_gmt":"2026-01-20T21:45:56","slug":"iseo-led-8w-12v-6500k-ip68","status":"publish","type":"product","link":"https:\/\/prilux.es\/fr\/produit\/iseo-led-8w-12v-6500k-ip68\/","title":{"rendered":"ISEO LED 8W 12V 6500K IP68"},"content":{"rendered":"<p>Le projecteur LED Iseo 8W est un luminaire submersible de la gamme LED d\u00e9corative d&rsquo;ext\u00e9rieur Prilux, excellent pour un \u00e9clairage \u00e9l\u00e9gant et design pour les espaces ext\u00e9rieurs tels que les jardins, les terrasses ou les piscines. Efficace, performant et r\u00e9sistant, Iseo LED est un projecteur adapt\u00e9 \u00e0 la d\u00e9coration et \u00e0 l&rsquo;\u00e9clairage d&rsquo;espaces ext\u00e9rieurs en ext\u00e9rieur et sous l&rsquo;eau, gr\u00e2ce \u00e0 sa qualit\u00e9 d&rsquo;\u00e9clairage et son haut niveau de protection IP68 et IK08. Il est mont\u00e9 en surface, soit sur un mur vertical, au sol ou au plafond. Ce mod\u00e8le illumine l&rsquo;espace en projetant la lumi\u00e8re directement. Iseo a un corps en acier inoxydable, de couleur gris Inox. \u00c9conomie de consommation, il a une dur\u00e9e de vie utile de L70&gt; 30 000h. L&rsquo;installation d&rsquo;Iseo LED permet de r\u00e9aliser d&rsquo;importantes \u00e9conomies d&rsquo;\u00e9nergie et une bonne luminosit\u00e9, puisque, avec ses 3 LED, elle a une puissance de 8W et un flux lumineux LED de 816 lumens. \u00c9quip\u00e9 de lampes LED de 6 500K et d&rsquo;une tonalit\u00e9 de lumi\u00e8re froide. L&rsquo;angle de faisceau de l&rsquo;Iseo LED est de 30 \u00b0 et la t\u00eate du projecteur est inclinable verticalement, pour une plus grande polyvalence. Ce projecteur ext\u00e9rieur d\u00e9coratif a des dimensions de 80 x 85 x 125 mm.<\/p>\n","protected":false},"excerpt":{"rendered":"<p>Projecteur LED Iseo, 8W avec 3 LED de 6500K et 816lm. Le luminaire est submersible, pour un \u00e9clairage r\u00e9sistant et \u00e9conome en \u00e9nergie dans tous les types d&rsquo;environnements ext\u00e9rieurs exigeants et m\u00eame les piscines.<\/p>\n","protected":false},"featured_media":2143567,"template":"","meta":[],"product_cat":[15],"product_tag":[],"familia":[{"id":22478,"name":"ISEO","slug":"iseo-fr"}],"acf":[],"_links":{"self":[{"href":"https:\/\/prilux.es\/fr\/wp-json\/wp\/v2\/product\/222633"}],"collection":[{"href":"https:\/\/prilux.es\/fr\/wp-json\/wp\/v2\/product"}],"about":[{"href":"https:\/\/prilux.es\/fr\/wp-json\/wp\/v2\/types\/product"}],"version-history":[{"count":0,"href":"https:\/\/prilux.es\/fr\/wp-json\/wp\/v2\/product\/222633\/revisions"}],"wp:featuredmedia":[{"embeddable":true,"href":"https:\/\/prilux.es\/fr\/wp-json\/wp\/v2\/media\/2143567"}],"wp:attachment":[{"href":"https:\/\/prilux.es\/fr\/wp-json\/wp\/v2\/media?parent=222633"}],"wp:term":[{"taxonomy":"product_cat","embeddable":true,"href":"https:\/\/prilux.es\/fr\/wp-json\/wp\/v2\/product_cat?post=222633"},{"taxonomy":"product_tag","embeddable":true,"href":"https:\/\/prilux.es\/fr\/wp-json\/wp\/v2\/product_tag?post=222633"},{"taxonomy":"familia","embeddable":true,"href":"https:\/\/prilux.es\/fr\/wp-json\/wp\/v2\/familia?post=222633"}],"curies":[{"name":"wp","href":"https:\/\/api.w.org\/{rel}","templated":true}]}}