{"id":222860,"date":"2021-10-25T14:11:52","date_gmt":"2021-10-25T13:11:52","guid":{"rendered":"https:\/\/www.web.prilux.cloud\/product\/applique-led-lucca-18w-840-ip65-220v-bl\/"},"modified":"2023-08-07T12:04:10","modified_gmt":"2023-08-07T11:04:10","slug":"applique-led-lucca-18w-840-ip65-220v-bl","status":"publish","type":"product","link":"https:\/\/prilux.es\/fr\/produit\/applique-led-lucca-18w-840-ip65-220v-bl\/","title":{"rendered":"APPLIQUE LED LUCCA 18W 840 IP65 220V BL"},"content":{"rendered":"<p>L&rsquo;applique murale 18W LUCCA LED est un luminaire de la famille PRILUX GREEN LED. Efficace, performante et r\u00e9sistante, LUCCA LED est une applique murale d&rsquo;ext\u00e9rieur adapt\u00e9e \u00e0 l&rsquo;\u00e9clairage d&rsquo;espaces tels que terrasses, jardins ou parcs. Avec un excellent indice de protection IP65, il est adapt\u00e9 pour \u00eatre install\u00e9 \u00e0 l&rsquo;ext\u00e9rieur. Avec une temp\u00e9rature de travail allant de -10 \u00b0 C \u00e0 35 \u00b0 C. Il a \u00e9galement une longue dur\u00e9e de vie, L70&gt; 25 000h. Avec le pilote inclus. LUCCA LED, de forme cylindrique, a un corps en polycarbonate blanc et un diffuseur en polycarbonate transparent. Faible consommation, il a une puissance de 18W \u00e0 une tension de 230V AC, avec un flux lumineux de 1253 lumens. L&rsquo;applique murale est \u00e9quip\u00e9e de lampes LED 4000K avec une temp\u00e9rature de couleur et un ton neutre. Dot\u00e9 de bonnes qualit\u00e9s d&rsquo;\u00e9clairage, il pr\u00e9sente un indice de rendu des couleurs Ra&gt; 80, ce qui assure une reproduction fid\u00e8le des couleurs des objets \u00e9clair\u00e9s. L&rsquo;angle du faisceau est de 127 \u00b0. La LED LUCCA mesure 271 x 146 x 76 mm.<\/p>\n","protected":false},"excerpt":{"rendered":"<p>Appliquez la LED LUCCA, en blanc, avec une puissance de 18W, 4000K et un flux de 1253lm. Pour un \u00e9clairage \u00e0 faible consommation dans les espaces ext\u00e9rieurs tels que les jardins ou les terrasses.<\/p>\n","protected":false},"featured_media":52391,"template":"","meta":[],"product_cat":[15],"product_tag":[],"familia":[{"id":22492,"name":"LUCCA","slug":"lucca-fr"}],"acf":[],"_links":{"self":[{"href":"https:\/\/prilux.es\/fr\/wp-json\/wp\/v2\/product\/222860"}],"collection":[{"href":"https:\/\/prilux.es\/fr\/wp-json\/wp\/v2\/product"}],"about":[{"href":"https:\/\/prilux.es\/fr\/wp-json\/wp\/v2\/types\/product"}],"version-history":[{"count":0,"href":"https:\/\/prilux.es\/fr\/wp-json\/wp\/v2\/product\/222860\/revisions"}],"wp:featuredmedia":[{"embeddable":true,"href":"https:\/\/prilux.es\/fr\/wp-json\/wp\/v2\/media\/52391"}],"wp:attachment":[{"href":"https:\/\/prilux.es\/fr\/wp-json\/wp\/v2\/media?parent=222860"}],"wp:term":[{"taxonomy":"product_cat","embeddable":true,"href":"https:\/\/prilux.es\/fr\/wp-json\/wp\/v2\/product_cat?post=222860"},{"taxonomy":"product_tag","embeddable":true,"href":"https:\/\/prilux.es\/fr\/wp-json\/wp\/v2\/product_tag?post=222860"},{"taxonomy":"familia","embeddable":true,"href":"https:\/\/prilux.es\/fr\/wp-json\/wp\/v2\/familia?post=222860"}],"curies":[{"name":"wp","href":"https:\/\/api.w.org\/{rel}","templated":true}]}}