{"id":223001,"date":"2021-10-25T14:08:52","date_gmt":"2021-10-25T13:08:52","guid":{"rendered":"https:\/\/www.web.prilux.cloud\/product\/niza-20w-840-ral-7010-ip65\/"},"modified":"2023-08-07T12:02:40","modified_gmt":"2023-08-07T11:02:40","slug":"niza-20w-840-ral-7010-ip65","status":"publish","type":"product","link":"https:\/\/prilux.es\/fr\/produit\/niza-20w-840-ral-7010-ip65\/","title":{"rendered":"NIZA 20W 840 RAL 7010 IP65"},"content":{"rendered":"<p>Le luminaire d&rsquo;ext\u00e9rieur Niza LED 20W est un luminaire de la gamme LED d\u00e9corative d&rsquo;ext\u00e9rieur Prilux, une solution \u00e9l\u00e9gante et design pour les espaces ext\u00e9rieurs tels que les jardins ou les terrasses. Efficace, performant et r\u00e9sistant, Niza LED est un luminaire adapt\u00e9 \u00e0 la d\u00e9coration et \u00e0 l&rsquo;\u00e9clairage d&rsquo;espaces ext\u00e9rieurs en plein air gr\u00e2ce \u00e0 sa qualit\u00e9 d&rsquo;\u00e9clairage et son haut niveau de protection IP65 et IK08. Il est mont\u00e9 en surface, sur une paroi verticale. L&rsquo;installation du luminaire Nice ne doit \u00eatre effectu\u00e9e que vers le bas. Joli, de forme cubique, avec un corps en aluminium gris fonc\u00e9 RAL 7010 et un diffuseur en verre prismatique. \u00c9conomie de consommation, il a une dur\u00e9e de vie utile de L70&gt; 40 000h. L&rsquo;installation Niza LED permet de grandes \u00e9conomies d&rsquo;\u00e9nergie et une bonne luminosit\u00e9, puisque, avec ses 9 LED, elle dispose d&rsquo;une puissance LED de 20W et d&rsquo;un flux lumineux LED de 3076 lumens. \u00c9quip\u00e9 de lampes LED 4000K et d&rsquo;une tonalit\u00e9 de lumi\u00e8re neutre. L&rsquo;angle du faisceau de Nice LED est de 28 \u00b0. Une belle qualit\u00e9 d&rsquo;\u00e9clairage comprend un indice de rendu des couleurs Ra&gt; 80, qui assure une reproduction fid\u00e8le des couleurs des objets \u00e9clair\u00e9s. Ce luminaire ext\u00e9rieur d\u00e9coratif a des dimensions de 140 x 170 x 168 mm.<\/p>\n","protected":false},"excerpt":{"rendered":"<p>Joli luminaire LED 20W avec 9 LED de 4000K et 3076lm pour un \u00e9clairage design et une faible consommation dans les espaces ext\u00e9rieurs tels que les terrasses ou les jardins.<\/p>\n","protected":false},"featured_media":50661,"template":"","meta":[],"product_cat":[15],"product_tag":[],"familia":[{"id":22515,"name":"NIZA","slug":"niza-fr"}],"acf":[],"_links":{"self":[{"href":"https:\/\/prilux.es\/fr\/wp-json\/wp\/v2\/product\/223001"}],"collection":[{"href":"https:\/\/prilux.es\/fr\/wp-json\/wp\/v2\/product"}],"about":[{"href":"https:\/\/prilux.es\/fr\/wp-json\/wp\/v2\/types\/product"}],"version-history":[{"count":0,"href":"https:\/\/prilux.es\/fr\/wp-json\/wp\/v2\/product\/223001\/revisions"}],"wp:featuredmedia":[{"embeddable":true,"href":"https:\/\/prilux.es\/fr\/wp-json\/wp\/v2\/media\/50661"}],"wp:attachment":[{"href":"https:\/\/prilux.es\/fr\/wp-json\/wp\/v2\/media?parent=223001"}],"wp:term":[{"taxonomy":"product_cat","embeddable":true,"href":"https:\/\/prilux.es\/fr\/wp-json\/wp\/v2\/product_cat?post=223001"},{"taxonomy":"product_tag","embeddable":true,"href":"https:\/\/prilux.es\/fr\/wp-json\/wp\/v2\/product_tag?post=223001"},{"taxonomy":"familia","embeddable":true,"href":"https:\/\/prilux.es\/fr\/wp-json\/wp\/v2\/familia?post=223001"}],"curies":[{"name":"wp","href":"https:\/\/api.w.org\/{rel}","templated":true}]}}