{"id":223005,"date":"2021-10-25T14:04:59","date_gmt":"2021-10-25T13:04:59","guid":{"rendered":"https:\/\/www.web.prilux.cloud\/product\/led-pad-avant-44w-840-ip66-100-240v-2\/"},"modified":"2023-08-02T10:50:47","modified_gmt":"2023-08-02T09:50:47","slug":"led-pad-avant-44w-840-ip66-100-240v","status":"publish","type":"product","link":"https:\/\/prilux.es\/fr\/produit\/led-pad-avant-44w-840-ip66-100-240v\/","title":{"rendered":"LED PAD AVANT 44W 840 IP66 100-240V"},"content":{"rendered":"<p>Le luminaire LED Pad AVANT, 40W, est un luminaire de la gamme LED d\u00e9corative d&rsquo;ext\u00e9rieur Prilux, et est le luminaire parfait pour le design et l&rsquo;\u00e9clairage subtil dans les espaces ext\u00e9rieurs tels que les jardins, les terrasses ou les fa\u00e7ades. Efficace, performant et r\u00e9sistant, LED Pad AVANT est un luminaire adapt\u00e9 \u00e0 la d\u00e9coration et \u00e0 l&rsquo;\u00e9clairage d&rsquo;espaces ext\u00e9rieurs en plein air gr\u00e2ce \u00e0 sa qualit\u00e9 d&rsquo;\u00e9clairage et son haut niveau de protection IP66 et IK09. Il est mont\u00e9 en surface, sur une paroi verticale. Le luminaire, en forme de bande rectangulaire, a un corps en aluminium de couleur gris RAL 9007 et un diffuseur en m\u00e9thacrylate (PMMA). Il dispose de deux clips de fixation pour le montage. \u00c9conomie de consommation, il a une dur\u00e9e de vie utile de L70&gt; 30 000h. L&rsquo;installation AVANT LED Pad permet de grandes \u00e9conomies d&rsquo;\u00e9nergie et une bonne luminosit\u00e9, puisque, avec ses 18 LED, elle dispose d&rsquo;une puissance LED de 40W et d&rsquo;un flux lumineux LED de 2954 lumens. \u00c9quip\u00e9 de lampes LED 4000K et d&rsquo;une tonalit\u00e9 de lumi\u00e8re neutre. L&rsquo;angle du faisceau du LED Pad AVANT est de 42 \u00b0. La qualit\u00e9 d&rsquo;\u00e9clairage de ce luminaire d&rsquo;ext\u00e9rieur comprend un indice de rendu des couleurs Ra&gt; 80, qui assure une reproduction fid\u00e8le des couleurs des objets \u00e9clair\u00e9s. LED Pad AVANT a des dimensions de 960 x 88 x 102 mm.<\/p>\n","protected":false},"excerpt":{"rendered":"<p>Luminaire LED Pad AVANT, 40W avec 18 LED de 3000K et 2945lm pour un \u00e9clairage subtil, design et basse consommation dans tous types d&rsquo;ext\u00e9rieurs.<\/p>\n","protected":false},"featured_media":51015,"template":"","meta":[],"product_cat":[15],"product_tag":[],"familia":[{"id":22486,"name":"LED PAD AVANT","slug":"led-pad-avant-fr"}],"acf":[],"_links":{"self":[{"href":"https:\/\/prilux.es\/fr\/wp-json\/wp\/v2\/product\/223005"}],"collection":[{"href":"https:\/\/prilux.es\/fr\/wp-json\/wp\/v2\/product"}],"about":[{"href":"https:\/\/prilux.es\/fr\/wp-json\/wp\/v2\/types\/product"}],"version-history":[{"count":0,"href":"https:\/\/prilux.es\/fr\/wp-json\/wp\/v2\/product\/223005\/revisions"}],"wp:featuredmedia":[{"embeddable":true,"href":"https:\/\/prilux.es\/fr\/wp-json\/wp\/v2\/media\/51015"}],"wp:attachment":[{"href":"https:\/\/prilux.es\/fr\/wp-json\/wp\/v2\/media?parent=223005"}],"wp:term":[{"taxonomy":"product_cat","embeddable":true,"href":"https:\/\/prilux.es\/fr\/wp-json\/wp\/v2\/product_cat?post=223005"},{"taxonomy":"product_tag","embeddable":true,"href":"https:\/\/prilux.es\/fr\/wp-json\/wp\/v2\/product_tag?post=223005"},{"taxonomy":"familia","embeddable":true,"href":"https:\/\/prilux.es\/fr\/wp-json\/wp\/v2\/familia?post=223005"}],"curies":[{"name":"wp","href":"https:\/\/api.w.org\/{rel}","templated":true}]}}