{"id":224794,"date":"2021-10-25T13:49:57","date_gmt":"2021-10-25T12:49:57","guid":{"rendered":"https:\/\/www.web.prilux.cloud\/product\/spotcab-smart-7w-230v-gx53-830\/"},"modified":"2023-08-09T13:35:01","modified_gmt":"2023-08-09T12:35:01","slug":"spotcab-smart-7w-230v-gx53-830","status":"publish","type":"product","link":"https:\/\/prilux.es\/fr\/produit\/spotcab-smart-7w-230v-gx53-830\/","title":{"rendered":"SPOTCAB SMART 7W 230V GX53 830"},"content":{"rendered":"<p>Lampe LED \u00e0 \u00e9conomie d&rsquo;\u00e9nergie intelligente SPOTCAB, de la famille Prilux LED SMART. Avec une puissance de 7W, sous une tension de 230V AC. La lampe \u00e0 \u00e9conomie d&rsquo;\u00e9nergie offre un flux lumineux de 628 lumens et est \u00e9quip\u00e9e de lampes LED 3 000K avec une temp\u00e9rature de couleur et une tonalit\u00e9 de lumi\u00e8re chaude. Cette lampe, qui a un corps blanc, a une douille GX53, et l&rsquo;angle du faisceau est de 110 \u00b0. Les excellentes \u00e9conomies de consommation offertes par cette lampe sont d\u00e9montr\u00e9es par sa classe d&rsquo;efficacit\u00e9 \u00e9nerg\u00e9tique, qui correspond \u00e0 la classe A +. Cette \u00e9conomie, associ\u00e9e \u00e0 sa longue dur\u00e9e de vie qui d\u00e9passe les 40 000 heures d&rsquo;utilisation, en fait une lampe avec un co\u00fbt de maintenance minimal et qui repr\u00e9sente une \u00e9conomie de consommation de 86% par rapport \u00e0 celle d&rsquo;une lampe halog\u00e8ne. Avec un indice de rendu des couleurs Ra&gt; 80, cette lampe \u00e9claire fid\u00e8lement les couleurs des objets \u00e9clair\u00e9s. Utilisation recommand\u00e9e avec les douilles et les cadres Prilux Microlynx. Les dimensions de cette lampe intelligente SPOTCAB sont de \u00f875 x 27,6 mm.<\/p>\n","protected":false},"excerpt":{"rendered":"<p>Lampe LED intelligente SPOTCAB avec une puissance de 7W, 230V AC. De forme circulaire et blanche. Avec un capuchon GX53, un flux de 628lm et une temp\u00e9rature de couleur de 3000K. Id\u00e9al pour le cadre Microlynx.<\/p>\n","protected":false},"featured_media":51285,"template":"","meta":[],"product_cat":[15],"product_tag":[],"familia":[{"id":22536,"name":"SPOTCAB SMART","slug":"spotcab-smart-fr"}],"acf":[],"_links":{"self":[{"href":"https:\/\/prilux.es\/fr\/wp-json\/wp\/v2\/product\/224794"}],"collection":[{"href":"https:\/\/prilux.es\/fr\/wp-json\/wp\/v2\/product"}],"about":[{"href":"https:\/\/prilux.es\/fr\/wp-json\/wp\/v2\/types\/product"}],"version-history":[{"count":0,"href":"https:\/\/prilux.es\/fr\/wp-json\/wp\/v2\/product\/224794\/revisions"}],"wp:featuredmedia":[{"embeddable":true,"href":"https:\/\/prilux.es\/fr\/wp-json\/wp\/v2\/media\/51285"}],"wp:attachment":[{"href":"https:\/\/prilux.es\/fr\/wp-json\/wp\/v2\/media?parent=224794"}],"wp:term":[{"taxonomy":"product_cat","embeddable":true,"href":"https:\/\/prilux.es\/fr\/wp-json\/wp\/v2\/product_cat?post=224794"},{"taxonomy":"product_tag","embeddable":true,"href":"https:\/\/prilux.es\/fr\/wp-json\/wp\/v2\/product_tag?post=224794"},{"taxonomy":"familia","embeddable":true,"href":"https:\/\/prilux.es\/fr\/wp-json\/wp\/v2\/familia?post=224794"}],"curies":[{"name":"wp","href":"https:\/\/api.w.org\/{rel}","templated":true}]}}