{"id":224866,"date":"2021-10-25T14:08:08","date_gmt":"2021-10-25T13:08:08","guid":{"rendered":"https:\/\/www.web.prilux.cloud\/product\/essense-flame-basic-led-5w-850-e14-erp\/"},"modified":"2023-08-16T12:58:40","modified_gmt":"2023-08-16T11:58:40","slug":"essense-flame-basic-led-5w-850-e14-erp","status":"publish","type":"product","link":"https:\/\/prilux.es\/fr\/produit\/essense-flame-basic-led-5w-850-e14-erp\/","title":{"rendered":"ESSENSE FLAME BASIC LED 5W 850 E14 ErP"},"content":{"rendered":"<p>Lampe ESSENSE FLAME BASIC avec une puissance de 5W, 230V AC, de la famille PRILUX LED BASIC. C&rsquo;est une lampe \u00e0 technologie LED qui permet des \u00e9conomies consid\u00e9rables de consommation, et poss\u00e8de l&rsquo;excellent certificat d&rsquo;efficacit\u00e9 de classe A +, qui la certifie ainsi. Cela se traduit par une \u00e9conomie de consommation de 87% par rapport \u00e0 l&rsquo;utilisation de lampes \u00e0 incandescence traditionnelles. ESSENSE FLAME BASIC est \u00e9quip\u00e9 de LED de 5000K avec une temp\u00e9rature de couleur et une tonalit\u00e9 de lumi\u00e8re l\u00e9g\u00e8rement froide, et offre un flux lumineux de 552 lumens. En plus d&rsquo;\u00e9conomiser sur la consommation, cette lampe a une longue dur\u00e9e de vie de 15 000 heures, r\u00e9duisant au minimum ses co\u00fbts de maintenance. L&rsquo;angle du faisceau est de 280 \u00b0, et l&rsquo;\u00e9clairage de l&rsquo;espace est de la plus haute qualit\u00e9 gr\u00e2ce \u00e0 son indice de rendu des couleurs Ra&gt; 80, qui assure une reproduction fid\u00e8le des couleurs des objets \u00e9clair\u00e9s. La lampe ESSENSE FLAME BASIC a une douille E14, un diffuseur opale et est blanche. Il a la forme d&rsquo;une bougie et a des dimensions de \u00f835x102mm.<\/p>\n","protected":false},"excerpt":{"rendered":"<p>Lampe LED basique en forme de bougie ESSENSE FLAME, 5W de puissance \u00e0 230V AC, avec un d\u00e9bit de 506lm et 5000K. Cap E14. Il permet une \u00e9conomie de consommation de 87%.<\/p>\n","protected":false},"featured_media":50173,"template":"","meta":[],"product_cat":[15],"product_tag":[],"familia":[{"id":22430,"name":"ESSENSE FLAME","slug":"essense-flame-fr"}],"acf":[],"_links":{"self":[{"href":"https:\/\/prilux.es\/fr\/wp-json\/wp\/v2\/product\/224866"}],"collection":[{"href":"https:\/\/prilux.es\/fr\/wp-json\/wp\/v2\/product"}],"about":[{"href":"https:\/\/prilux.es\/fr\/wp-json\/wp\/v2\/types\/product"}],"version-history":[{"count":0,"href":"https:\/\/prilux.es\/fr\/wp-json\/wp\/v2\/product\/224866\/revisions"}],"wp:featuredmedia":[{"embeddable":true,"href":"https:\/\/prilux.es\/fr\/wp-json\/wp\/v2\/media\/50173"}],"wp:attachment":[{"href":"https:\/\/prilux.es\/fr\/wp-json\/wp\/v2\/media?parent=224866"}],"wp:term":[{"taxonomy":"product_cat","embeddable":true,"href":"https:\/\/prilux.es\/fr\/wp-json\/wp\/v2\/product_cat?post=224866"},{"taxonomy":"product_tag","embeddable":true,"href":"https:\/\/prilux.es\/fr\/wp-json\/wp\/v2\/product_tag?post=224866"},{"taxonomy":"familia","embeddable":true,"href":"https:\/\/prilux.es\/fr\/wp-json\/wp\/v2\/familia?post=224866"}],"curies":[{"name":"wp","href":"https:\/\/api.w.org\/{rel}","templated":true}]}}