{"id":224877,"date":"2021-10-25T13:59:08","date_gmt":"2021-10-25T12:59:08","guid":{"rendered":"https:\/\/www.web.prilux.cloud\/product\/fisense-gold-globe-smart-75w-dim-825-e27-2\/"},"modified":"2023-08-16T13:23:07","modified_gmt":"2023-08-16T12:23:07","slug":"fisense-gold-globe-smart-75w-dim-825-e27","status":"publish","type":"product","link":"https:\/\/prilux.es\/fr\/produit\/fisense-gold-globe-smart-75w-dim-825-e27\/","title":{"rendered":"FISENSE GOLD GLOBE SMART 7,5W DIM 825 E27"},"content":{"rendered":"<p>La lampe LED de base fiSENSE GOLD GLOBE, d&rsquo;une puissance de 7,5 W \u00e0 230 V CA. C&rsquo;est une lampe \u00e0 tr\u00e8s faible consommation et \u00e0 tr\u00e8s grande capacit\u00e9 d&rsquo;\u00e9conomie, certifi\u00e9e avec le niveau d&rsquo;efficacit\u00e9 \u00e9nerg\u00e9tique exceptionnel A + et qui repr\u00e9sente une \u00e9conomie de consommation de 96% par rapport aux lampes \u00e0 incandescence. Son co\u00fbt de maintenance est tr\u00e8s faible, non seulement gr\u00e2ce \u00e0 sa faible puissance, mais aussi \u00e0 sa dur\u00e9e de vie prolong\u00e9e, qui va au-del\u00e0 de 15 000 heures. Cette lampe LED de base fiSENSE GOLD GLOBE est dimmable et convient \u00e0 un variateur \u00e0 incandescence classique ou TRIAC. Cette lampe a un filament LED et un diffuseur transparent. Avec un flux lumineux de 736 lumens, il b\u00e9n\u00e9ficie de premier ordre des capacit\u00e9s lumineuses, comme un angle de faisceau allant jusqu&rsquo;\u00e0 280 \u00b0, et un indice de rendu des couleurs Ra&gt; 80, ce qui assure une reproduction fid\u00e8le des couleurs des objets \u00e9clair\u00e9s. \u00c9quip\u00e9 d&rsquo;une temp\u00e9rature de couleur de 2500K et d&rsquo;une source de lumi\u00e8re LED \u00e0 lumi\u00e8re chaude. De forme sph\u00e9rique, il poss\u00e8de une douille E27 et ses dimensions sont \u00f8125 x 178 mm.<\/p>\n","protected":false},"excerpt":{"rendered":"<p>Lampe LED de base FiSENSE GOLD GLOBE, 7,5W de puissance \u00e0 230V AC, avec un flux de 736lm et 2500K. Avec filament LED et forme sph\u00e9rique. Convient pour le r\u00e9gulateur. Pour une \u00e9conomie de 96%.<\/p>\n","protected":false},"featured_media":578329,"template":"","meta":[],"product_cat":[15],"product_tag":[],"familia":[{"id":22441,"name":"FISENSE GOLD","slug":"fisense-gold-fr"}],"acf":[],"_links":{"self":[{"href":"https:\/\/prilux.es\/fr\/wp-json\/wp\/v2\/product\/224877"}],"collection":[{"href":"https:\/\/prilux.es\/fr\/wp-json\/wp\/v2\/product"}],"about":[{"href":"https:\/\/prilux.es\/fr\/wp-json\/wp\/v2\/types\/product"}],"version-history":[{"count":0,"href":"https:\/\/prilux.es\/fr\/wp-json\/wp\/v2\/product\/224877\/revisions"}],"wp:featuredmedia":[{"embeddable":true,"href":"https:\/\/prilux.es\/fr\/wp-json\/wp\/v2\/media\/578329"}],"wp:attachment":[{"href":"https:\/\/prilux.es\/fr\/wp-json\/wp\/v2\/media?parent=224877"}],"wp:term":[{"taxonomy":"product_cat","embeddable":true,"href":"https:\/\/prilux.es\/fr\/wp-json\/wp\/v2\/product_cat?post=224877"},{"taxonomy":"product_tag","embeddable":true,"href":"https:\/\/prilux.es\/fr\/wp-json\/wp\/v2\/product_tag?post=224877"},{"taxonomy":"familia","embeddable":true,"href":"https:\/\/prilux.es\/fr\/wp-json\/wp\/v2\/familia?post=224877"}],"curies":[{"name":"wp","href":"https:\/\/api.w.org\/{rel}","templated":true}]}}