{"id":224944,"date":"2021-10-25T14:10:47","date_gmt":"2021-10-25T13:10:47","guid":{"rendered":"https:\/\/www.web.prilux.cloud\/product\/essense-r63-smart-8w-850-e27-230v\/"},"modified":"2023-08-16T13:00:32","modified_gmt":"2023-08-16T12:00:32","slug":"essense-r63-smart-8w-850-e27-230v","status":"publish","type":"product","link":"https:\/\/prilux.es\/fr\/produit\/essense-r63-smart-8w-850-e27-230v\/","title":{"rendered":"ESSENSE R63 SMART 8W 850 E27 230V"},"content":{"rendered":"<p>Lampe \u00e0 r\u00e9flecteur LED intelligente EsSENSE R63 avec une puissance de 8W, 230V AC, de la famille PRILUX LED SMART. C&rsquo;est une lampe R63 avec technologie LED qui permet d&rsquo;excellentes \u00e9conomies de consommation, et poss\u00e8de l&rsquo;excellent certificat d&rsquo;efficacit\u00e9 de classe A +, qui la certifie ainsi. Cela se traduit par une grande \u00e9conomie de consommation de 88% par rapport \u00e0 l&rsquo;utilisation de lampes \u00e0 incandescence traditionnelles. EsSENSE R63 smart est \u00e9quip\u00e9 de LED de 5000K avec une temp\u00e9rature de couleur et une tonalit\u00e9 de lumi\u00e8re l\u00e9g\u00e8rement froide, et offre un flux lumineux de 789 lumens. En plus d&rsquo;\u00e9conomiser sur la consommation, cette lampe a une longue dur\u00e9e de vie qui atteint 40 000 heures, r\u00e9duisant au minimum ses co\u00fbts de maintenance. L&rsquo;angle du faisceau est de 125 \u00b0, et l&rsquo;\u00e9clairage de l&rsquo;espace est de la plus haute qualit\u00e9 gr\u00e2ce \u00e0 son indice de rendu des couleurs Ra&gt; 80, qui assure une reproduction fid\u00e8le des couleurs des objets \u00e9clair\u00e9s. De plus, il dispose de la technologie antireflet, qui emp\u00eache tout type d&rsquo;\u00e9blouissement. La lampe intelligente esSENSE R63 a une douille E27 et est de couleur grise. Elle a la forme d&rsquo;une lampe R63 et ses dimensions sont de \u00f863 x 105 mm.<\/p>\n","protected":false},"excerpt":{"rendered":"<p>Lampe \u00e0 r\u00e9flecteur LED intelligente EsSENSE R63 avec une puissance de 4,5 W \u00e0 230 V CA, un flux de 789 lm et 5000 K. Avec douille E27. Pour un rendement \u00e9lev\u00e9, avec des \u00e9conomies de consommation de 88%.<\/p>\n","protected":false},"featured_media":52496,"template":"","meta":[],"product_cat":[15],"product_tag":[],"familia":[{"id":22435,"name":"ESSENSE REFLECTOR","slug":"essense-reflector-fr"}],"acf":[],"_links":{"self":[{"href":"https:\/\/prilux.es\/fr\/wp-json\/wp\/v2\/product\/224944"}],"collection":[{"href":"https:\/\/prilux.es\/fr\/wp-json\/wp\/v2\/product"}],"about":[{"href":"https:\/\/prilux.es\/fr\/wp-json\/wp\/v2\/types\/product"}],"version-history":[{"count":0,"href":"https:\/\/prilux.es\/fr\/wp-json\/wp\/v2\/product\/224944\/revisions"}],"wp:featuredmedia":[{"embeddable":true,"href":"https:\/\/prilux.es\/fr\/wp-json\/wp\/v2\/media\/52496"}],"wp:attachment":[{"href":"https:\/\/prilux.es\/fr\/wp-json\/wp\/v2\/media?parent=224944"}],"wp:term":[{"taxonomy":"product_cat","embeddable":true,"href":"https:\/\/prilux.es\/fr\/wp-json\/wp\/v2\/product_cat?post=224944"},{"taxonomy":"product_tag","embeddable":true,"href":"https:\/\/prilux.es\/fr\/wp-json\/wp\/v2\/product_tag?post=224944"},{"taxonomy":"familia","embeddable":true,"href":"https:\/\/prilux.es\/fr\/wp-json\/wp\/v2\/familia?post=224944"}],"curies":[{"name":"wp","href":"https:\/\/api.w.org\/{rel}","templated":true}]}}