{"id":225011,"date":"2021-10-25T13:58:53","date_gmt":"2021-10-25T12:58:53","guid":{"rendered":"https:\/\/www.web.prilux.cloud\/product\/icon-par20-wh-smart-8w-850-e27-230v\/"},"modified":"2025-03-21T12:45:40","modified_gmt":"2025-03-21T11:45:40","slug":"icon-par20-wh-smart-8w-850-e27-230v","status":"publish","type":"product","link":"https:\/\/prilux.es\/fr\/produit\/icon-par20-wh-smart-8w-850-e27-230v\/","title":{"rendered":"ICON PAR20 WH SMART 8W 850 E27 230V"},"content":{"rendered":"<p>Ic\u00f4ne de lampe LED basse consommation PAR 20 smart, de la famille Prilux LED SMART. Avec une puissance de 8W, sous une tension de 230V AC. La lampe \u00e0 \u00e9conomie d&rsquo;\u00e9nergie offre un flux lumineux de 698 lumens et est \u00e9quip\u00e9e de lampes LED avec une temp\u00e9rature de couleur de 5000 K et un ton l\u00e9g\u00e8rement froid. Cette lampe, qui a un corps blanc, a une douille E27, et l&rsquo;angle du faisceau est de 45 \u00b0. Les excellentes \u00e9conomies de consommation offertes par cette lampe sont d\u00e9montr\u00e9es par sa classe d&rsquo;efficacit\u00e9 \u00e9nerg\u00e9tique, qui correspond \u00e0 la classe A +. Cette \u00e9conomie, combin\u00e9e \u00e0 sa longue dur\u00e9e de vie qui d\u00e9passe 30 000 heures d&rsquo;utilisation, en fait une lampe avec un co\u00fbt d&rsquo;entretien minimum, et qui repr\u00e9sente une \u00e9conomie de consommation de 87% par rapport \u00e0 celle d&rsquo;une lampe halog\u00e8ne. Avec un indice de rendu des couleurs Ra&gt; 80, cette lampe \u00e9claire fid\u00e8lement les couleurs des objets \u00e9clair\u00e9s. Il a la capacit\u00e9 de fonctionner \u00e0 des temp\u00e9ratures allant de -5 \u00b0 C \u00e0 35 \u00b0 C. Les dimensions de cette lampe intelligente icon PAR 20 sont de \u00f863 x 84 mm.<\/p>\n","protected":false},"excerpt":{"rendered":"<p>Lampe LED intelligente Icon PAR 20 de 8W, 230V AC, avec un flux de 698lm et 5000K. Douille E27 et angle d&rsquo;ouverture de 45 \u00b0. Il permet une \u00e9conomie de 87%.<\/p>\n","protected":false},"featured_media":51416,"template":"","meta":[],"product_cat":[15],"product_tag":[],"familia":[{"id":22466,"name":"ICON PAR","slug":"icon-par-fr"}],"acf":[],"_links":{"self":[{"href":"https:\/\/prilux.es\/fr\/wp-json\/wp\/v2\/product\/225011"}],"collection":[{"href":"https:\/\/prilux.es\/fr\/wp-json\/wp\/v2\/product"}],"about":[{"href":"https:\/\/prilux.es\/fr\/wp-json\/wp\/v2\/types\/product"}],"version-history":[{"count":0,"href":"https:\/\/prilux.es\/fr\/wp-json\/wp\/v2\/product\/225011\/revisions"}],"wp:featuredmedia":[{"embeddable":true,"href":"https:\/\/prilux.es\/fr\/wp-json\/wp\/v2\/media\/51416"}],"wp:attachment":[{"href":"https:\/\/prilux.es\/fr\/wp-json\/wp\/v2\/media?parent=225011"}],"wp:term":[{"taxonomy":"product_cat","embeddable":true,"href":"https:\/\/prilux.es\/fr\/wp-json\/wp\/v2\/product_cat?post=225011"},{"taxonomy":"product_tag","embeddable":true,"href":"https:\/\/prilux.es\/fr\/wp-json\/wp\/v2\/product_tag?post=225011"},{"taxonomy":"familia","embeddable":true,"href":"https:\/\/prilux.es\/fr\/wp-json\/wp\/v2\/familia?post=225011"}],"curies":[{"name":"wp","href":"https:\/\/api.w.org\/{rel}","templated":true}]}}