{"id":225152,"date":"2021-10-25T13:48:21","date_gmt":"2021-10-25T12:48:21","guid":{"rendered":"https:\/\/www.web.prilux.cloud\/product\/icon-par38-smart-15w-30-e27-830-ip65\/"},"modified":"2025-03-21T12:23:45","modified_gmt":"2025-03-21T11:23:45","slug":"icon-par38-smart-15w-30-e27-830-ip65","status":"publish","type":"product","link":"https:\/\/prilux.es\/fr\/produit\/icon-par38-smart-15w-30-e27-830-ip65\/","title":{"rendered":"ICON PAR38 SMART 15W 30\u00b0 E27 830 IP65"},"content":{"rendered":"<p>Ic\u00f4ne de lampe LED basse consommation PAR 38 IP65 smart, de la famille Prilux LED SMART. Avec une puissance de 15W, \u00e0 une tension de 230V AC. La lampe \u00e0 \u00e9conomie d&rsquo;\u00e9nergie offre un flux lumineux de 1 255 lumens et est \u00e9quip\u00e9e de lampes LED avec une temp\u00e9rature de couleur de 3 000 K et une tonalit\u00e9 de lumi\u00e8re chaude. Cette lampe, qui a un corps gris fonc\u00e9, a une douille E27, et l&rsquo;angle du faisceau est de 30 \u00b0. Les excellentes \u00e9conomies de consommation offertes par cette lampe sont d\u00e9montr\u00e9es par sa classe d&rsquo;efficacit\u00e9 \u00e9nerg\u00e9tique, qui correspond \u00e0 la classe A +. Cette \u00e9conomie, combin\u00e9e \u00e0 sa longue dur\u00e9e de vie qui d\u00e9passe les 40 000 heures d&rsquo;utilisation, en fait une lampe avec un co\u00fbt d&rsquo;entretien minimum et qui repr\u00e9sente une \u00e9conomie de consommation de 82% par rapport \u00e0 celle d&rsquo;une lampe halog\u00e8ne. De plus, cette lampe est adapt\u00e9e \u00e0 une utilisation en ext\u00e9rieur: gr\u00e2ce \u00e0 son indice de protection IP65 exceptionnel, elle est prot\u00e9g\u00e9e contre les intemp\u00e9ries. Avec un indice de rendu des couleurs Ra&gt; 80, cette lampe \u00e9claire fid\u00e8lement les couleurs des objets \u00e9clair\u00e9s. Il est capable de travailler \u00e0 des temp\u00e9ratures allant de -10 \u00b0 C \u00e0 45 \u00b0 C. Les dimensions de cette lampe intelligente icon PAR 38 IP65 sont \u00f8122 x 135mm.<\/p>\n","protected":false},"excerpt":{"rendered":"<p>Lampe LED intelligente Icon PAR 38 IP65 avec une puissance de 15W, 230V AC, avec un d\u00e9bit de 1255lm et 3000K. Prise E27. Pour l&rsquo;ext\u00e9rieur, avec r\u00e9sistance IP65. Fournit une \u00e9conomie de 82%<\/p>\n","protected":false},"featured_media":50023,"template":"","meta":[],"product_cat":[15],"product_tag":[],"familia":[{"id":22466,"name":"ICON PAR","slug":"icon-par-fr"}],"acf":[],"_links":{"self":[{"href":"https:\/\/prilux.es\/fr\/wp-json\/wp\/v2\/product\/225152"}],"collection":[{"href":"https:\/\/prilux.es\/fr\/wp-json\/wp\/v2\/product"}],"about":[{"href":"https:\/\/prilux.es\/fr\/wp-json\/wp\/v2\/types\/product"}],"version-history":[{"count":0,"href":"https:\/\/prilux.es\/fr\/wp-json\/wp\/v2\/product\/225152\/revisions"}],"wp:featuredmedia":[{"embeddable":true,"href":"https:\/\/prilux.es\/fr\/wp-json\/wp\/v2\/media\/50023"}],"wp:attachment":[{"href":"https:\/\/prilux.es\/fr\/wp-json\/wp\/v2\/media?parent=225152"}],"wp:term":[{"taxonomy":"product_cat","embeddable":true,"href":"https:\/\/prilux.es\/fr\/wp-json\/wp\/v2\/product_cat?post=225152"},{"taxonomy":"product_tag","embeddable":true,"href":"https:\/\/prilux.es\/fr\/wp-json\/wp\/v2\/product_tag?post=225152"},{"taxonomy":"familia","embeddable":true,"href":"https:\/\/prilux.es\/fr\/wp-json\/wp\/v2\/familia?post=225152"}],"curies":[{"name":"wp","href":"https:\/\/api.w.org\/{rel}","templated":true}]}}