{"id":225427,"date":"2021-10-25T14:10:41","date_gmt":"2021-10-25T13:10:41","guid":{"rendered":"https:\/\/www.web.prilux.cloud\/product\/icon-star-g4-smart-15w-842-12v-ac-dc\/"},"modified":"2024-10-28T10:46:16","modified_gmt":"2024-10-28T09:46:16","slug":"icon-star-g4-smart-15w-842-12v-ac-dc","status":"publish","type":"product","link":"https:\/\/prilux.es\/fr\/produit\/icon-star-g4-smart-15w-842-12v-ac-dc\/","title":{"rendered":"ICON STAR G4 SMART 1,5W 842 12V AC\/DC"},"content":{"rendered":"<p>Lampe LED intelligente IconSTAR G4 d&rsquo;une puissance de 1,5 W, \u00e0 une tension de 12V AC, de la famille PRILUX LED SMART. Il s&rsquo;agit d&rsquo;une petite lampe LED \u00e0 haut rendement qui permet des \u00e9conomies de consommation importantes gr\u00e2ce \u00e0 sa technologie LED, et poss\u00e8de l&rsquo;excellent certificat d&rsquo;efficacit\u00e9 de classe A ++, qui la certifie. Cela se traduit par une \u00e9conomie de consommation de 94% par rapport \u00e0 l&rsquo;utilisation de lampes \u00e0 incandescence traditionnelles. L&rsquo;IconSTAR G4 smart est \u00e9quip\u00e9 de 4200K LED de temp\u00e9rature de couleur et de tonalit\u00e9 de lumi\u00e8re neutre, et offre un flux lumineux de 167 lumens. En plus d&rsquo;\u00e9conomiser sur la consommation, cette lampe a une dur\u00e9e de vie utile prolong\u00e9e de 30 000 heures, r\u00e9duisant au minimum ses co\u00fbts de maintenance. L&rsquo;\u00e9clairage dans l&rsquo;espace est de la plus haute qualit\u00e9 gr\u00e2ce \u00e0 l&rsquo;indice de rendu des couleurs Ra&gt; 80, qui assure une reproduction fid\u00e8le des couleurs des objets \u00e9clair\u00e9s. Avec un angle de faisceau de 240 \u00b0. La lampe intelligente iconSTAR G4 comprend une base G4 et un diffuseur opale. De petite taille, il mesure \u00f810 x 37 mm.<\/p>\n","protected":false},"excerpt":{"rendered":"<p>Lampe LED intelligente IconSTAR G4, puissance 1,5W, 4200K et un flux de 167lm. Le capuchon est G4. Il offre jusqu&rsquo;\u00e0 94% d&rsquo;\u00e9conomies d&rsquo;\u00e9nergie, avec une classe d&rsquo;efficacit\u00e9 A ++.<\/p>\n","protected":false},"featured_media":52606,"template":"","meta":[],"product_cat":[15],"product_tag":[],"familia":[{"id":22470,"name":"ICONSTAR","slug":"iconstar-fr"}],"acf":[],"_links":{"self":[{"href":"https:\/\/prilux.es\/fr\/wp-json\/wp\/v2\/product\/225427"}],"collection":[{"href":"https:\/\/prilux.es\/fr\/wp-json\/wp\/v2\/product"}],"about":[{"href":"https:\/\/prilux.es\/fr\/wp-json\/wp\/v2\/types\/product"}],"version-history":[{"count":0,"href":"https:\/\/prilux.es\/fr\/wp-json\/wp\/v2\/product\/225427\/revisions"}],"wp:featuredmedia":[{"embeddable":true,"href":"https:\/\/prilux.es\/fr\/wp-json\/wp\/v2\/media\/52606"}],"wp:attachment":[{"href":"https:\/\/prilux.es\/fr\/wp-json\/wp\/v2\/media?parent=225427"}],"wp:term":[{"taxonomy":"product_cat","embeddable":true,"href":"https:\/\/prilux.es\/fr\/wp-json\/wp\/v2\/product_cat?post=225427"},{"taxonomy":"product_tag","embeddable":true,"href":"https:\/\/prilux.es\/fr\/wp-json\/wp\/v2\/product_tag?post=225427"},{"taxonomy":"familia","embeddable":true,"href":"https:\/\/prilux.es\/fr\/wp-json\/wp\/v2\/familia?post=225427"}],"curies":[{"name":"wp","href":"https:\/\/api.w.org\/{rel}","templated":true}]}}