{"id":225490,"date":"2021-10-25T14:01:21","date_gmt":"2021-10-25T13:01:21","guid":{"rendered":"https:\/\/www.web.prilux.cloud\/product\/essense-r50-smart-45w-830-e14-230v\/"},"modified":"2023-08-16T12:58:56","modified_gmt":"2023-08-16T11:58:56","slug":"essense-r50-smart-45w-830-e14-230v","status":"publish","type":"product","link":"https:\/\/prilux.es\/fr\/produit\/essense-r50-smart-45w-830-e14-230v\/","title":{"rendered":"ESSENSE R50 SMART 4,5W 830 E14 230V"},"content":{"rendered":"<p>Lampe \u00e0 r\u00e9flecteur LED intelligente EsSENSE R50 avec une puissance de 4,5 W, 230 V CA, de la famille PRILUX LED SMART. C&rsquo;est une lampe R50 avec technologie LED qui permet d&rsquo;excellentes \u00e9conomies de consommation et poss\u00e8de l&rsquo;excellent certificat d&rsquo;efficacit\u00e9 de classe A ++, qui la certifie. Cela se traduit par une grande \u00e9conomie de consommation de 88% par rapport \u00e0 l&rsquo;utilisation de lampes \u00e0 incandescence traditionnelles. EsSENSE R50 smart est \u00e9quip\u00e9 de LED 3000K avec une temp\u00e9rature de couleur et une tonalit\u00e9 de lumi\u00e8re chaude, et offre un flux lumineux de 477 lumens. En plus d&rsquo;\u00e9conomiser sur la consommation, cette lampe a une longue dur\u00e9e de vie qui atteint 40 000 heures, r\u00e9duisant au minimum ses co\u00fbts de maintenance. L&rsquo;angle du faisceau est de 110 \u00b0, et l&rsquo;\u00e9clairage de l&rsquo;espace est de la plus haute qualit\u00e9 gr\u00e2ce \u00e0 son indice de rendu des couleurs Ra&gt; 80, qui assure une reproduction fid\u00e8le des couleurs des objets \u00e9clair\u00e9s. De plus, il dispose de la technologie antireflet, qui emp\u00eache tout type d&rsquo;\u00e9blouissement. La lampe intelligente esSENSE R50 a une douille E14 et est de couleur grise. Elle a la forme d&rsquo;une lampe R50 et ses dimensions sont \u00f850 x 86 mm.<\/p>\n","protected":false},"excerpt":{"rendered":"<p>Lampe \u00e0 r\u00e9flecteur LED intelligente EsSENSE R50 avec une puissance de 4,5 W \u00e0 230 V CA, un flux de 477 lm et 3000 K. Avec douille E14. Pour un rendement \u00e9lev\u00e9, avec des \u00e9conomies de consommation de 88%.<\/p>\n","protected":false},"featured_media":52407,"template":"","meta":[],"product_cat":[15],"product_tag":[],"familia":[{"id":22435,"name":"ESSENSE REFLECTOR","slug":"essense-reflector-fr"}],"acf":[],"_links":{"self":[{"href":"https:\/\/prilux.es\/fr\/wp-json\/wp\/v2\/product\/225490"}],"collection":[{"href":"https:\/\/prilux.es\/fr\/wp-json\/wp\/v2\/product"}],"about":[{"href":"https:\/\/prilux.es\/fr\/wp-json\/wp\/v2\/types\/product"}],"version-history":[{"count":0,"href":"https:\/\/prilux.es\/fr\/wp-json\/wp\/v2\/product\/225490\/revisions"}],"wp:featuredmedia":[{"embeddable":true,"href":"https:\/\/prilux.es\/fr\/wp-json\/wp\/v2\/media\/52407"}],"wp:attachment":[{"href":"https:\/\/prilux.es\/fr\/wp-json\/wp\/v2\/media?parent=225490"}],"wp:term":[{"taxonomy":"product_cat","embeddable":true,"href":"https:\/\/prilux.es\/fr\/wp-json\/wp\/v2\/product_cat?post=225490"},{"taxonomy":"product_tag","embeddable":true,"href":"https:\/\/prilux.es\/fr\/wp-json\/wp\/v2\/product_tag?post=225490"},{"taxonomy":"familia","embeddable":true,"href":"https:\/\/prilux.es\/fr\/wp-json\/wp\/v2\/familia?post=225490"}],"curies":[{"name":"wp","href":"https:\/\/api.w.org\/{rel}","templated":true}]}}